{"id":4980,"date":"2020-02-04T13:50:17","date_gmt":"2020-02-04T12:50:17","guid":{"rendered":"http:\/\/pg.exocod.dev\/devenir-revendeur\/"},"modified":"2023-11-17T15:34:32","modified_gmt":"2023-11-17T14:34:32","slug":"devenir-revendeur","status":"publish","type":"page","link":"https:\/\/pierreguillaumeparis.com\/en\/devenir-revendeur\/","title":{"rendered":"Become retailer"},"content":{"rendered":"<p>[vc_row full_width=&#8221;stretch_row_content&#8221; parallax=&#8221;content-moving&#8221; parallax_image=&#8221;3633&#8243; css=&#8221;.vc_custom_1581001321074{margin-bottom: 70px !important;padding-top: 200px !important;padding-bottom: 200px !important;}&#8221;][vc_column css=&#8221;.vc_custom_1581001646753{padding-top: 200px !important;padding-right: 500px !important;padding-bottom: 200px !important;padding-left: 500px !important;}&#8221;][\/vc_column][\/vc_row][vc_row css=&#8221;.vc_custom_1581001033008{margin-bottom: 70px !important;}&#8221;][vc_column]<div class=\"pg-title  text-center\">\n    <h2 style=\"font-size: px\" class=\"font-bold\">devenir revendeur pierre guillaume paris<\/h2>\n  <\/div>\n[\/vc_column][\/vc_row][vc_row css_animation=&#8221;slideInUp&#8221;][vc_column width=&#8221;1\/5&#8243;][vc_single_image image=&#8221;3781&#8243;][\/vc_column][vc_column width=&#8221;1\/5&#8243;][vc_single_image image=&#8221;3773&#8243; onclick=&#8221;custom_link&#8221; link=&#8221;https:\/\/shop.sensuniqueparis.com\/fr\/24-pierre-guillaume-paris-parfum&#8221;][\/vc_column][vc_column width=&#8221;1\/5&#8243;][vc_single_image image=&#8221;3815&#8243;][\/vc_column][vc_column width=&#8221;1\/5&#8243;][vc_single_image image=&#8221;3771&#8243; onclick=&#8221;custom_link&#8221; link=&#8221;http:\/\/www.haramens.com\/pierre-guillaume-parfumerie-generale.html&#8221;][\/vc_column][\/vc_row][vc_row][vc_column][vc_column_text]Si vous \u00eates int\u00e9ress\u00e9 par notre travail et souhaitez devenir un revendeur PIERRE GUILLAUME PARIS, ne soyez pas timide\u2026 Il vous suffit de nous contacter par mail \u00e0 l&#8217;adresse : <strong>boutique@pierreguillaumeparis.com<\/strong><\/p>\n<p>Quelques photos de votre lieu, les marques avec qui vous travaillez et la raison pour laquelle vous souhaitez travailler avec nous (nous fonctionnons beaucoup \u00e0 l&#8217;affectif), nous permettront de vous r\u00e9pondre au plus vite.<\/p>\n<p>Notre Parfumeur est productif, notre catalogue est vaste&#8230; et si vous avez compris le Concept PIERRE GUILLAUME PARIS&#8230; c&#8217;est aussi ce qui fait notre force\/particularit\u00e9&#8230;<\/p>\n<p><strong>Mais pas de panique, pour d\u00e9buter avec nous, nous demandons que notre marque soit repr\u00e9sent\u00e9e dans nos Boutiques Partenaires \u00e0 travers une s\u00e9lection minimale de 20 fragrances (en 2 tailles), une s\u00e9lection de la gamme atmosph\u00e8re et du soin du corps. <\/strong>Jetez un coup d&#8217;oeil chez nos Partenaires: la s\u00e9lection s&#8217;\u00e9toffe assez vite sans que nous poussions&#8230; il doit y avoir un truc, non ?<\/p>\n<p>Au plaisir de collaborer bient\u00f4t avec vous.[\/vc_column_text][\/vc_column][\/vc_row][vc_row content_placement=&#8221;middle&#8221; css_animation=&#8221;slideInUp&#8221; css=&#8221;.vc_custom_1581609689247{margin-bottom: 70px !important;}&#8221;][vc_column width=&#8221;1\/4&#8243; css=&#8221;.vc_custom_1580985984179{margin-top: 0px !important;margin-right: 0px !important;margin-bottom: 70px !important;margin-left: 0px !important;}&#8221;]<div class=\"img-framed img-framed__small lozad\" data-background-image=\"https:\/\/pierreguillaumeparis.com\/app\/uploads\/2020\/02\/BANDO_COOKIES-1024x682.jpg\" alt=\"\">\n  <img decoding=\"async\" src=\"https:\/\/pierreguillaumeparis.com\/app\/uploads\/2023\/09\/Julien-VALMONT-GELLER-DIRECTEUR-COMMERCIAL-1024x1024.webp\" alt=\"\">\n<\/div>\n[\/vc_column][vc_column width=&#8221;3\/4&#8243;][vc_column_text]<strong>Julien VALMONT-GELLER<\/strong><br \/>\n<span style=\"font-size: 10pt;\">DIRECTEUR COMMERCIAL<\/span>[\/vc_column_text][\/vc_column][\/vc_row][vc_row][vc_column][vc_separator][\/vc_column][\/vc_row][vc_row][vc_column][vc_column_text]<\/p>\n<p style=\"text-align: center;\">Find our perfume house at <a href=\"http:\/\/www.haramens.com\/pierre-guillaume-parfumerie-generale.html\"><strong>HARAMENS<\/strong><\/a>, at <strong><a href=\"https:\/\/shop.sensuniqueparis.com\/fr\/24-pierre-guillaume-paris-parfum\">SENS UNIQUE<\/a><\/strong>. discover <a href=\"https:\/\/pierreguillaumeparis.com\/en\/revendeurs\/\"><strong>NOUR RETAILERS<\/strong><\/a><strong>.<\/strong><\/p>\n<p>[\/vc_column_text][\/vc_column][\/vc_row]<\/p>\n","protected":false},"excerpt":{"rendered":"<p>[vc_row full_width=&#8221;stretch_row_content&#8221; parallax=&#8221;content-moving&#8221; parallax_image=&#8221;3633&#8243; css=&#8221;.vc_custom_1581001321074{margin-bottom: 70px !important;padding-top: 200px !important;padding-bottom: 200px !important;}&#8221;][vc_column css=&#8221;.vc_custom_1581001646753{padding-top: 200px !important;padding-right: 500px &hellip; <a class=\"btn btn-pg\" href=\"https:\/\/pierreguillaumeparis.com\/en\/devenir-revendeur\/\">Continued<\/a><\/p>\n","protected":false},"author":2,"featured_media":0,"parent":0,"menu_order":0,"comment_status":"closed","ping_status":"closed","template":"","meta":{"_acf_changed":false,"footnotes":""},"class_list":["post-4980","page","type-page","status-publish","hentry"],"acf":[],"yoast_head":"<!-- This site is optimized with the Yoast SEO plugin v26.3 - https:\/\/yoast.com\/wordpress\/plugins\/seo\/ -->\n<title>Niche perfumery, Pierre Guillaume Paris retailer shops<\/title>\n<meta name=\"description\" content=\"Pierre Guillaume Paris niche perfumes. Find our contemporary fragrances at our retailers, all over France and Europe.\" \/>\n<meta name=\"robots\" content=\"index, follow, max-snippet:-1, max-image-preview:large, max-video-preview:-1\" \/>\n<link rel=\"canonical\" href=\"https:\/\/pierreguillaumeparis.com\/en\/devenir-revendeur\/\" \/>\n<meta property=\"og:locale\" content=\"en_US\" \/>\n<meta property=\"og:type\" content=\"article\" \/>\n<meta property=\"og:title\" content=\"Niche perfumery, Pierre Guillaume Paris retailer shops\" \/>\n<meta property=\"og:description\" content=\"Pierre Guillaume Paris niche perfumes. Find our contemporary fragrances at our retailers, all over France and Europe.\" \/>\n<meta property=\"og:url\" content=\"https:\/\/pierreguillaumeparis.com\/en\/devenir-revendeur\/\" \/>\n<meta property=\"og:site_name\" content=\"Pierre Guillaume Paris\" \/>\n<meta property=\"article:publisher\" content=\"https:\/\/www.facebook.com\/pierreguillaumeparis\/\" \/>\n<meta property=\"article:modified_time\" content=\"2023-11-17T14:34:32+00:00\" \/>\n<meta name=\"twitter:card\" content=\"summary_large_image\" \/>\n<meta name=\"twitter:label1\" content=\"Est. reading time\" \/>\n\t<meta name=\"twitter:data1\" content=\"2 minutes\" \/>\n<script type=\"application\/ld+json\" class=\"yoast-schema-graph\">{\"@context\":\"https:\/\/schema.org\",\"@graph\":[{\"@type\":\"WebPage\",\"@id\":\"https:\/\/pierreguillaumeparis.com\/en\/devenir-revendeur\/\",\"url\":\"https:\/\/pierreguillaumeparis.com\/en\/devenir-revendeur\/\",\"name\":\"Niche perfumery, Pierre Guillaume Paris retailer shops\",\"isPartOf\":{\"@id\":\"https:\/\/pierreguillaumeparis.com\/#website\"},\"datePublished\":\"2020-02-04T12:50:17+00:00\",\"dateModified\":\"2023-11-17T14:34:32+00:00\",\"description\":\"Pierre Guillaume Paris niche perfumes. Find our contemporary fragrances at our retailers, all over France and Europe.\",\"breadcrumb\":{\"@id\":\"https:\/\/pierreguillaumeparis.com\/en\/devenir-revendeur\/#breadcrumb\"},\"inLanguage\":\"en-US\",\"potentialAction\":[{\"@type\":\"ReadAction\",\"target\":[\"https:\/\/pierreguillaumeparis.com\/en\/devenir-revendeur\/\"]}]},{\"@type\":\"BreadcrumbList\",\"@id\":\"https:\/\/pierreguillaumeparis.com\/en\/devenir-revendeur\/#breadcrumb\",\"itemListElement\":[{\"@type\":\"ListItem\",\"position\":1,\"name\":\"Home\",\"item\":\"https:\/\/pierreguillaumeparis.com\/en\/\"},{\"@type\":\"ListItem\",\"position\":2,\"name\":\"Become retailer\"}]},{\"@type\":\"WebSite\",\"@id\":\"https:\/\/pierreguillaumeparis.com\/#website\",\"url\":\"https:\/\/pierreguillaumeparis.com\/\",\"name\":\"Pierre Guillaume Paris\",\"description\":\"Maison de parfum ind\u00e9pendante\",\"publisher\":{\"@id\":\"https:\/\/pierreguillaumeparis.com\/#organization\"},\"potentialAction\":[{\"@type\":\"SearchAction\",\"target\":{\"@type\":\"EntryPoint\",\"urlTemplate\":\"https:\/\/pierreguillaumeparis.com\/?s={search_term_string}\"},\"query-input\":{\"@type\":\"PropertyValueSpecification\",\"valueRequired\":true,\"valueName\":\"search_term_string\"}}],\"inLanguage\":\"en-US\"},{\"@type\":\"Organization\",\"@id\":\"https:\/\/pierreguillaumeparis.com\/#organization\",\"name\":\"Pierre Guillaume Paris\",\"url\":\"https:\/\/pierreguillaumeparis.com\/\",\"logo\":{\"@type\":\"ImageObject\",\"inLanguage\":\"en-US\",\"@id\":\"https:\/\/pierreguillaumeparis.com\/#\/schema\/logo\/image\/\",\"url\":\"https:\/\/pierreguillaumeparis.com\/app\/uploads\/2020\/03\/2000x2000.jpeg\",\"contentUrl\":\"https:\/\/pierreguillaumeparis.com\/app\/uploads\/2020\/03\/2000x2000.jpeg\",\"width\":2000,\"height\":766,\"caption\":\"Pierre Guillaume Paris\"},\"image\":{\"@id\":\"https:\/\/pierreguillaumeparis.com\/#\/schema\/logo\/image\/\"},\"sameAs\":[\"https:\/\/www.facebook.com\/pierreguillaumeparis\/\",\"https:\/\/www.instagram.com\/pierreguillaume_parfumeur\/\"]}]}<\/script>\n<!-- \/ Yoast SEO plugin. -->","yoast_head_json":{"title":"Niche perfumery, Pierre Guillaume Paris retailer shops","description":"Pierre Guillaume Paris niche perfumes. Find our contemporary fragrances at our retailers, all over France and Europe.","robots":{"index":"index","follow":"follow","max-snippet":"max-snippet:-1","max-image-preview":"max-image-preview:large","max-video-preview":"max-video-preview:-1"},"canonical":"https:\/\/pierreguillaumeparis.com\/en\/devenir-revendeur\/","og_locale":"en_US","og_type":"article","og_title":"Niche perfumery, Pierre Guillaume Paris retailer shops","og_description":"Pierre Guillaume Paris niche perfumes. Find our contemporary fragrances at our retailers, all over France and Europe.","og_url":"https:\/\/pierreguillaumeparis.com\/en\/devenir-revendeur\/","og_site_name":"Pierre Guillaume Paris","article_publisher":"https:\/\/www.facebook.com\/pierreguillaumeparis\/","article_modified_time":"2023-11-17T14:34:32+00:00","twitter_card":"summary_large_image","twitter_misc":{"Est. reading time":"2 minutes"},"schema":{"@context":"https:\/\/schema.org","@graph":[{"@type":"WebPage","@id":"https:\/\/pierreguillaumeparis.com\/en\/devenir-revendeur\/","url":"https:\/\/pierreguillaumeparis.com\/en\/devenir-revendeur\/","name":"Niche perfumery, Pierre Guillaume Paris retailer shops","isPartOf":{"@id":"https:\/\/pierreguillaumeparis.com\/#website"},"datePublished":"2020-02-04T12:50:17+00:00","dateModified":"2023-11-17T14:34:32+00:00","description":"Pierre Guillaume Paris niche perfumes. Find our contemporary fragrances at our retailers, all over France and Europe.","breadcrumb":{"@id":"https:\/\/pierreguillaumeparis.com\/en\/devenir-revendeur\/#breadcrumb"},"inLanguage":"en-US","potentialAction":[{"@type":"ReadAction","target":["https:\/\/pierreguillaumeparis.com\/en\/devenir-revendeur\/"]}]},{"@type":"BreadcrumbList","@id":"https:\/\/pierreguillaumeparis.com\/en\/devenir-revendeur\/#breadcrumb","itemListElement":[{"@type":"ListItem","position":1,"name":"Home","item":"https:\/\/pierreguillaumeparis.com\/en\/"},{"@type":"ListItem","position":2,"name":"Become retailer"}]},{"@type":"WebSite","@id":"https:\/\/pierreguillaumeparis.com\/#website","url":"https:\/\/pierreguillaumeparis.com\/","name":"Pierre Guillaume Paris","description":"Maison de parfum ind\u00e9pendante","publisher":{"@id":"https:\/\/pierreguillaumeparis.com\/#organization"},"potentialAction":[{"@type":"SearchAction","target":{"@type":"EntryPoint","urlTemplate":"https:\/\/pierreguillaumeparis.com\/?s={search_term_string}"},"query-input":{"@type":"PropertyValueSpecification","valueRequired":true,"valueName":"search_term_string"}}],"inLanguage":"en-US"},{"@type":"Organization","@id":"https:\/\/pierreguillaumeparis.com\/#organization","name":"Pierre Guillaume Paris","url":"https:\/\/pierreguillaumeparis.com\/","logo":{"@type":"ImageObject","inLanguage":"en-US","@id":"https:\/\/pierreguillaumeparis.com\/#\/schema\/logo\/image\/","url":"https:\/\/pierreguillaumeparis.com\/app\/uploads\/2020\/03\/2000x2000.jpeg","contentUrl":"https:\/\/pierreguillaumeparis.com\/app\/uploads\/2020\/03\/2000x2000.jpeg","width":2000,"height":766,"caption":"Pierre Guillaume Paris"},"image":{"@id":"https:\/\/pierreguillaumeparis.com\/#\/schema\/logo\/image\/"},"sameAs":["https:\/\/www.facebook.com\/pierreguillaumeparis\/","https:\/\/www.instagram.com\/pierreguillaume_parfumeur\/"]}]}},"_links":{"self":[{"href":"https:\/\/pierreguillaumeparis.com\/en\/wp-json\/wp\/v2\/pages\/4980","targetHints":{"allow":["GET"]}}],"collection":[{"href":"https:\/\/pierreguillaumeparis.com\/en\/wp-json\/wp\/v2\/pages"}],"about":[{"href":"https:\/\/pierreguillaumeparis.com\/en\/wp-json\/wp\/v2\/types\/page"}],"author":[{"embeddable":true,"href":"https:\/\/pierreguillaumeparis.com\/en\/wp-json\/wp\/v2\/users\/2"}],"replies":[{"embeddable":true,"href":"https:\/\/pierreguillaumeparis.com\/en\/wp-json\/wp\/v2\/comments?post=4980"}],"version-history":[{"count":19,"href":"https:\/\/pierreguillaumeparis.com\/en\/wp-json\/wp\/v2\/pages\/4980\/revisions"}],"predecessor-version":[{"id":22302,"href":"https:\/\/pierreguillaumeparis.com\/en\/wp-json\/wp\/v2\/pages\/4980\/revisions\/22302"}],"wp:attachment":[{"href":"https:\/\/pierreguillaumeparis.com\/en\/wp-json\/wp\/v2\/media?parent=4980"}],"curies":[{"name":"wp","href":"https:\/\/api.w.org\/{rel}","templated":true}]}}