{"id":5020,"date":"2020-02-04T10:54:16","date_gmt":"2020-02-04T09:54:16","guid":{"rendered":"http:\/\/pg.exocod.dev\/mentions-legales\/"},"modified":"2020-02-16T18:17:06","modified_gmt":"2020-02-16T17:17:06","slug":"mentions-legales","status":"publish","type":"page","link":"https:\/\/pierreguillaumeparis.com\/en\/mentions-legales\/","title":{"rendered":"Terms of use"},"content":{"rendered":"<p>[vc_row full_width=&#8221;stretch_row_content_no_spaces&#8221; parallax=&#8221;content-moving&#8221; parallax_image=&#8221;2923&#8243; css=&#8221;.vc_custom_1580810215575{margin-top: 0px !important;margin-bottom: 70px !important;padding-top: 200px !important;padding-bottom: 200px !important;}&#8221;][vc_column][\/vc_column][\/vc_row][vc_row css=&#8221;.vc_custom_1580816431974{margin-bottom: 70px !important;}&#8221;][vc_column]<div class=\"pg-title  text-center\">\n    <h2 style=\"font-size: px\" class=\"font-bold\">Terms of use<\/h2>\n  <\/div>\n[\/vc_column][\/vc_row][vc_row css=&#8221;.vc_custom_1580816677964{margin-bottom: 70px !important;}&#8221;][vc_column][vc_column_text]<\/p>\n<p class=\"mtifontelement\">L\u2019\u00e9diteur du site <strong>www.<\/strong><strong>pierreguillaumeparis.com<\/strong> est PIERRE GUILLAUME DIFFUSION, Soci\u00e9t\u00e9 \u00e0 Responsabilit\u00e9 Limit\u00e9e au capital de 36 500 \u20ac immatricul\u00e9e au Registre du commerce et des soci\u00e9t\u00e9s de Clermont-Ferrand sous le num\u00e9ro 52373557900014, Si\u00e8ge social : 25, rue Pierre Boulanger, 63100 Clermont-Ferrand. FRANCE, propri\u00e9taire des marques exploit\u00e9es sur le site.<\/p>\n<p class=\"mtifontelement\">Le directeur de la publication est Monsieur Pierre GUILLAUME, en qualit\u00e9 de G\u00e9rant de la soci\u00e9t\u00e9.<\/p>\n<p class=\"mtifontelement\">Le site <a href=\"http:\/\/www.phaedonparis.com\/\">www.pierreguillaumeparis.com<\/a> est h\u00e9berg\u00e9 par <a href=\"https:\/\/exocod.fr\/\">Exocod<\/a>, RCS.<\/p>\n<p class=\"mtifontelement\">Ce site Internet \u00e9tant plus particuli\u00e8rement destin\u00e9 \u00e0 \u00eatre visit\u00e9 par des europ\u00e9ens, nous tenons \u00e0 vous assurer que nous nous engageons \u00e0 nous conformer aux principes de respect de confidentialit\u00e9, loyaut\u00e9 et s\u00e9curit\u00e9 en mati\u00e8re de traitement de donn\u00e9es personnelles en droit europ\u00e9en. Le fait d\u2019acc\u00e9der et de naviguer sur le site constitue de la part de l\u2019internaute une acceptation sans r\u00e9serve des pr\u00e9cisions suivantes :<\/p>\n<h2><strong><span style=\"font-size: 18pt;\">Collecte d\u2019informations sous une forme collective (non-nominative)<\/span><\/strong><\/h2>\n<p class=\"mtifontelement\">Comme sur la plupart des sites internet, lorsque vous visitez www.pierreguillaumeparis.com, certaines informations anonymes sont automatiquement enregistr\u00e9es lors de votre visite. Ce type d\u2019informations peut inclure le type de navigateur utilis\u00e9, l\u2019adresse IP, la date et l\u2019heure de la consultation, les pages consult\u00e9es sur www.pierreguillaumeparis.com et l\u2019adresse du site internet par lequel, s\u2019il y a lieu, vous avez eu acc\u00e8s au site. Ces informations sont anonymes.<\/p>\n<p class=\"mtifontelement\">Afin d\u2019obtenir ces informations, nous pourrons placer un \u201ccookie\u201d sur le disque dur de votre ordinateur de fa\u00e7on \u00e0 vous identifier comme un utilisateur de retour et personnaliser votre utilisation et navigation sur notre Site Internet. Un cookie est un fichier de donn\u00e9es qui nous permet de suivre et cibler vos pr\u00e9f\u00e9rences. Le cookie sera sauvegard\u00e9 sur le disque dur de votre ordinateur jusqu&#8217;\u00e0 ce que vous l&#8217;effaciez. Nous pouvons \u00e9galement utiliser des cookies temporaires ou cookies de session afin de vous guider dans votre navigation sur ce site Internet. Ces cookies dispara\u00eetront lorsque vous quitterez le site Internet. Vous pouvez configurer votre navigateur de fa\u00e7on \u00e0 ce qu&#8217;il vous avertisse de l&#8217;arriv\u00e9e de cookies, ou \u00e0 ce qu&#8217;il les rejette automatiquement. Si vous rejetez nos cookies, vous pourrez toujours naviguer sur notre site Internet, mais l&#8217;utilisation de certaines fonctionnalit\u00e9s pourra s&#8217;en trouver r\u00e9duite. Certains de nos partenaires commerciaux ou prestataires de services peuvent \u00e9galement utiliser des cookies sur leurs sites. Nous n&#8217;avons aucun acc\u00e8s, ni aucun contr\u00f4le sur ces cookies et n&#8217;acceptons aucune responsabilit\u00e9 quant aux cookies implant\u00e9s par des tiers.<\/p>\n<p class=\"mtifontelement\">Les informations que vous nous aurez fournies sous une forme collective (non-nominative) pourront \u00eatre utilis\u00e9es pour des besoins commerciaux et marketing internes, pour mieux administrer et am\u00e9liorer le site. Nous pourrons partager ou transf\u00e9rer ces informations non nominatives \u00e0 nos soci\u00e9t\u00e9s apparent\u00e9es, \u00e0 des conc\u00e9dants, licenci\u00e9s et partenaires.<\/p>\n<p><span style=\"font-size: 18pt;\"><strong>Donn\u00e9es \u00e0 caract\u00e8re personnel<\/strong><\/span><\/p>\n<p class=\"mtifontelement\">On entend par donn\u00e9es \u00e0 caract\u00e8re personnel toute information personnelle qui permet de vous contacter, notamment : nom, pr\u00e9nom, adresses e-mail et postale, t\u00e9l\u00e9phone\/fax, date de naissance ou toute autre information qui vous identifie personnellement que vous seriez susceptible de fournir \u00e0 www.pierreguillaumeparis.com<\/p>\n<p class=\"mtifontelement\">Certaines informations personnelles peuvent \u00eatre fournies \u00e0 la soci\u00e9t\u00e9 PIERRE GUILLAUME DIFFUSION au moment de l\u2019inscription \u00e0 la newsletter, de la cr\u00e9ation d\u2019un compte, au moment d\u2019une commande, si vous communiquez avec la soci\u00e9t\u00e9 PIERRE GUILLAUME DIFFUSION par e-mail, par t\u00e9l\u00e9phone, par \u00e9crit, par l\u2019interm\u00e9diaire d\u2019une \u00e9tude ou par quelque autre moyen de ce type.<\/p>\n<p class=\"mtifontelement\">PIERRE GUILLAUME DIFFUSION collecte uniquement les informations nominatives que vous soumettez volontairement. Dans le cas o\u00f9 vous pr\u00e9f\u00e9reriez que nous ne collections pas d&#8217;informations nominatives vous concernant, nous vous remercions de vous abstenir de nous fournir de telles informations. Vous pouvez visiter et consulter le site pierreguillaumeparis.com sans r\u00e9v\u00e9ler des informations personnelles \u00e0 votre sujet.<\/p>\n<h2><strong><span style=\"font-size: 18pt;\">Utilisation des donn\u00e9es \u00e0 caract\u00e8re personnel<\/span><\/strong><\/h2>\n<p class=\"mtifontelement\">La soci\u00e9t\u00e9 PIERRE GUILLAUME DIFFUSION \u00a0pourra utiliser les donn\u00e9es personnelles collect\u00e9es sur le site \u00e0 plusieurs fins : pour \u00e9tablir et v\u00e9rifier l\u2019identit\u00e9 des clients ; pour l\u2019ouverture, le maintien, l\u2019administration des comptes clients et membres ; pour le traitement et l\u2019ex\u00e9cution des transactions et l\u2019envoi d\u2019informations relatives \u00e0 ce sujet ; pour apporter un service et une aide aux utilisateurs ; pour am\u00e9liorer le site, notamment pour l\u2019adaptation du site aux pr\u00e9f\u00e9rences des utilisateurs ; pour informer les utilisateurs des mises \u00e0 jour produits, des offres promotionnelles, et d\u2019autres informations relatives \u00e0 la soci\u00e9t\u00e9 PIERRE GUILLAUME DIFFUSION et ses soci\u00e9t\u00e9s apparent\u00e9es ; pour r\u00e9pondre \u00e0 vos requ\u00eates et commentaires ; pour maintenir la s\u00e9curit\u00e9 et l\u2019int\u00e9grit\u00e9 de ses syst\u00e8mes.<\/p>\n<h2><span style=\"font-size: 18pt;\"><strong>Non-divulgation des donn\u00e9es \u00e0 caract\u00e8re personnel<\/strong><\/span><\/h2>\n<p class=\"mtifontelement\">Les donn\u00e9es \u00e0 caract\u00e8re personnel ne seront pas communiqu\u00e9es \u00e0 des tiers pour des utilisations marketing sans votre consentement.<\/p>\n<h2><span style=\"font-size: 18pt;\"><strong>Acc\u00e8s \u00e0 certaines informations nominatives par des tiers<\/strong><\/span><\/h2>\n<p class=\"mtifontelement\">PIERRE GUILLAUME DIFFUSION pourra choisir d&#8217;autres soci\u00e9t\u00e9s ou personnes en vue d&#8217;effectuer certaines t\u00e2ches pour son compte. De tels tiers pourront avoir acc\u00e8s aux informations nominatives n\u00e9cessaires \u00e0 l&#8217;accomplissement de leurs t\u00e2ches, mais ils ne pourront en aucun cas utiliser les dites informations dans un autre but.<\/p>\n<p class=\"mtifontelement\">Nous pourrons r\u00e9v\u00e9ler toute information, y compris des informations nominatives, \u00e0 notre enti\u00e8re discr\u00e9tion, de mani\u00e8re \u00e0 nous conformer \u00e0 toute loi, tout r\u00e8glement, toute action en justice ou toute injonction administrative.<\/p>\n<p class=\"mtifontelement\">Alors que la soci\u00e9t\u00e9 PIERRE GUILLAUME DIFFUSION continue \u00e0 d\u00e9velopper son activit\u00e9, certains actifs pourraient \u00eatre vendus. Dans de telles op\u00e9rations, les informations concernant l&#8217;utilisateur, y compris les donn\u00e9es personnelles le concernant, constituent g\u00e9n\u00e9ralement un des actifs transf\u00e9r\u00e9s et, en fournissant des informations nominatives vous concernant sur ce Site Internet, vous nous donnez votre accord pour le transfert de ces donn\u00e9es dans le cadre de telles op\u00e9rations. Si vous ne souhaitez pas que nous transf\u00e9rions vos informations nominatives dans le cadre de telles op\u00e9rations, merci de nous l&#8217;indiquer en nous adressant un e-mail \u00e0 <strong>boutique@<\/strong><strong>pierreguillaumeparis.com<\/strong><\/p>\n<h2><strong><span style=\"font-size: 18pt;\">Enfants de moins de 13 ans<\/span><\/strong><\/h2>\n<p class=\"mtifontelement\">Ce site s\u2019adresse \u00e0 des personnes \u00e2g\u00e9es de 13 ans et plus. La soci\u00e9t\u00e9 PIERRE GUILLAUME DIFFUSION n\u2019acceptera pas des demandes, n\u2019\u00e9tablira ni ne maintiendra des comptes clients ou membres pour des enfants dont la soci\u00e9t\u00e9 PIERRE GUILLAUME DIFFUSION \u00a0sait qu\u2019ils ont moins de 13 ans. La soci\u00e9t\u00e9 PIERRE GUILLAUME DIFFUSION ne sollicite pas et ne collecte pas en connaissance de cause des informations personnelles relatives \u00e0 des enfants de moins de 13 ans. N\u00e9anmoins, si la soci\u00e9t\u00e9 PIERRE GUILLAUME DIFFUSION d\u00e9couvre ou a de fortes raisons de penser que des informations personnelles ont \u00e9t\u00e9 fournies par un enfant de moins de 13 ans, la soci\u00e9t\u00e9 PIERRE GUILLAUME DIFFUSION supprimera ces informations de ses syst\u00e8mes. De plus, un parent d\u2019enfant ou tuteur l\u00e9gal peut demander la suppression ou la modification d\u2019informations relatives \u00e0 un enfant en nous contactant \u00e0 <strong>boutique@<\/strong><strong>pierreguillaumeparis.com<\/strong><\/p>\n<h2><strong><span style=\"font-size: 18pt;\">Liens<\/span><\/strong><\/h2>\n<p class=\"mtifontelement\">Le site Internet pourra contenir des liens vers ou depuis d&#8217;autres sites internet. Veuillez notez que nous ne sommes pas responsables des pratiques des autres sites internet en ce qui concerne le respect de la vie priv\u00e9e. Les pr\u00e9sentes mentions l\u00e9gales sur la vie priv\u00e9e s&#8217;appliquent seulement aux informations collect\u00e9es sur ce site Internet. Nous vous encourageons \u00e0 lire les mentions l\u00e9gales des autres sites internet vers lesquels vous vous dirigez depuis notre Site Internet ou que vous visitez de toute autre mani\u00e8re.<\/p>\n<h2><strong><span style=\"font-size: 18pt;\">S\u00e9curit\u00e9<\/span><\/strong><\/h2>\n<p class=\"mtifontelement\">Nous mettons en \u0153uvre diverses mesures de s\u00e9curit\u00e9 destin\u00e9es \u00e0 prot\u00e9ger la s\u00e9curit\u00e9 des informations nominatives vous concernant, \u00e0 la fois en ligne et hors ligne. Si vous avez des questions concernant la s\u00e9curit\u00e9 de notre Site Internet, vous pouvez nous envoyer un e-mail \u00e0 <strong>boutique@<\/strong><strong>pierreguillaumeparis.com<\/strong><\/p>\n<h2><strong><span style=\"font-size: 18pt;\">Notification de changements<\/span><\/strong><\/h2>\n<p class=\"mtifontelement\">Nous pouvons \u00eatre amen\u00e9s \u00e0 modifier les pr\u00e9sentes mentions l\u00e9gales de temps \u00e0 autre. Si nous d\u00e9cidons de modifier les mentions l\u00e9gales, nous ferons figurer ici les mentions l\u00e9gales telles que modifi\u00e9es. Nous vous recommandons de consulter r\u00e9guli\u00e8rement les pr\u00e9sentes mentions l\u00e9gales. Veuillez noter que nos droits \u00e0 utiliser vos donn\u00e9es \u00e0 caract\u00e8re personnel sont li\u00e9s aux mentions l\u00e9gales effectives au moment o\u00f9 l\u2019information a \u00e9t\u00e9 utilis\u00e9e.<\/p>\n<h2><strong><span style=\"font-size: 18pt;\">Mise \u00e0 jour des Informations Nominatives<\/span><\/strong><\/h2>\n<p class=\"mtifontelement\">Vous avez la possibilit\u00e9 de consulter, de modifier et de corriger les informations nominatives que vous nous avez fournies en \u00e9crivant \u00e0 <strong>boutique@<\/strong><strong>pierreguillaumeparis.com<\/strong>. Si vous avez un compte, vous pouvez modifier les informations nominatives vous concernant \u00e0 tout moment en vous rendant sur celui-ci. Vous pouvez \u00e9galement demander la d\u00e9sactivation de votre compte en nous \u00e9crivant \u00e0 <strong>boutique@<\/strong><strong>pierreguillaumeparis.com<\/strong><\/p>\n<h2><strong><span style=\"font-size: 18pt;\">D\u00e9sinscription<\/span><\/strong><\/h2>\n<p class=\"mtifontelement\">Lorsque vous vous inscrivez sur ce site Internet, vous pouvez choisir de ne pas recevoir de newsletters de notre part. Vous pouvez \u00e0 tout moment changer vos pr\u00e9f\u00e9rences en vous rendant dans votre compte. Par ailleurs, vous pouvez \u00e9galement \u00e0 tout moment choisir de ne plus recevoir de newsletters de notre part en cliquant sur le lien qui figurera au bas de chaque e-mail que vous recevez de notre part, ou en nous envoyant un e-mail \u00e0 <strong>boutique@<\/strong><strong>pierreguillaumeparis.com<\/strong><\/p>\n<h2><span style=\"font-size: 18pt;\"><strong>Remerciements &amp; Cr\u00e9dits<\/strong><\/span><\/h2>\n<ul>\n<li class=\"first-child\"><strong>Photographies et visuels :<\/strong> Fran\u00e7ois Berru\u00e9, Victor Andr\u00e9 &amp; Thibaut Mazen, Pierre GUILLAUME, Fabrice Vidal<\/li>\n<li><strong>Web design :<\/strong> <a href=\"https:\/\/www.facebook.com\/turbulencescom\/\">Turbulences SAS<\/a><\/li>\n<li><strong>D\u00e9veloppement web :<\/strong> <a href=\"https:\/\/exocod.fr\/\">Exocod<\/a><\/li>\n<li class=\"last-child\"><strong>Direction Artistique :<\/strong> <strong>Pierre GUILLAUME \/ Fabrice Vidal Turbulences SAS<\/strong><\/li>\n<\/ul>\n<h2><strong><span style=\"font-size: 18pt;\">Suggestions<\/span><\/strong><\/h2>\n<p class=\"mtifontelement\">Si vous avez des questions, suggestions ou pr\u00e9occupations au sujet de nos pratiques relatives au respect de la vie priv\u00e9e, veuillez nous envoyer un e-mail \u00e0 l&#8217;adresse suivante <strong>boutique@<\/strong><strong>pierreguillaumeparis.com<\/strong><\/p>\n<p>[\/vc_column_text][\/vc_column][\/vc_row]<\/p>\n","protected":false},"excerpt":{"rendered":"<p>[vc_row full_width=&#8221;stretch_row_content_no_spaces&#8221; parallax=&#8221;content-moving&#8221; parallax_image=&#8221;2923&#8243; css=&#8221;.vc_custom_1580810215575{margin-top: 0px !important;margin-bottom: 70px !important;padding-top: 200px !important;padding-bottom: 200px !important;}&#8221;][vc_column][\/vc_column][\/vc_row][vc_row css=&#8221;.vc_custom_1580816431974{margin-bottom: 70px &hellip; <a class=\"btn btn-pg\" href=\"https:\/\/pierreguillaumeparis.com\/en\/mentions-legales\/\">Continued<\/a><\/p>\n","protected":false},"author":2,"featured_media":0,"parent":0,"menu_order":0,"comment_status":"closed","ping_status":"closed","template":"","meta":{"_acf_changed":false,"footnotes":""},"class_list":["post-5020","page","type-page","status-publish","hentry"],"acf":[],"yoast_head":"<!-- This site is optimized with the Yoast SEO plugin v26.3 - https:\/\/yoast.com\/wordpress\/plugins\/seo\/ -->\n<title>Terms of use - Pierre Guillaume Paris<\/title>\n<meta name=\"robots\" content=\"index, follow, max-snippet:-1, max-image-preview:large, max-video-preview:-1\" \/>\n<link rel=\"canonical\" href=\"https:\/\/pierreguillaumeparis.com\/en\/mentions-legales\/\" \/>\n<meta property=\"og:locale\" content=\"en_US\" \/>\n<meta property=\"og:type\" content=\"article\" \/>\n<meta property=\"og:title\" content=\"Terms of use - Pierre Guillaume Paris\" \/>\n<meta property=\"og:description\" content=\"[vc_row full_width=&#8221;stretch_row_content_no_spaces&#8221; parallax=&#8221;content-moving&#8221; parallax_image=&#8221;2923&#8243; css=&#8221;.vc_custom_1580810215575{margin-top: 0px !important;margin-bottom: 70px !important;padding-top: 200px !important;padding-bottom: 200px !important;}&#8221;][vc_column][\/vc_column][\/vc_row][vc_row css=&#8221;.vc_custom_1580816431974{margin-bottom: 70px &hellip; Continued\" \/>\n<meta property=\"og:url\" content=\"https:\/\/pierreguillaumeparis.com\/en\/mentions-legales\/\" \/>\n<meta property=\"og:site_name\" content=\"Pierre Guillaume Paris\" \/>\n<meta property=\"article:publisher\" content=\"https:\/\/www.facebook.com\/pierreguillaumeparis\/\" \/>\n<meta property=\"article:modified_time\" content=\"2020-02-16T17:17:06+00:00\" \/>\n<meta name=\"twitter:card\" content=\"summary_large_image\" \/>\n<meta name=\"twitter:label1\" content=\"Est. reading time\" \/>\n\t<meta name=\"twitter:data1\" content=\"9 minutes\" \/>\n<script type=\"application\/ld+json\" class=\"yoast-schema-graph\">{\"@context\":\"https:\/\/schema.org\",\"@graph\":[{\"@type\":\"WebPage\",\"@id\":\"https:\/\/pierreguillaumeparis.com\/en\/mentions-legales\/\",\"url\":\"https:\/\/pierreguillaumeparis.com\/en\/mentions-legales\/\",\"name\":\"Terms of use - Pierre Guillaume Paris\",\"isPartOf\":{\"@id\":\"https:\/\/pierreguillaumeparis.com\/#website\"},\"datePublished\":\"2020-02-04T09:54:16+00:00\",\"dateModified\":\"2020-02-16T17:17:06+00:00\",\"breadcrumb\":{\"@id\":\"https:\/\/pierreguillaumeparis.com\/en\/mentions-legales\/#breadcrumb\"},\"inLanguage\":\"en-US\",\"potentialAction\":[{\"@type\":\"ReadAction\",\"target\":[\"https:\/\/pierreguillaumeparis.com\/en\/mentions-legales\/\"]}]},{\"@type\":\"BreadcrumbList\",\"@id\":\"https:\/\/pierreguillaumeparis.com\/en\/mentions-legales\/#breadcrumb\",\"itemListElement\":[{\"@type\":\"ListItem\",\"position\":1,\"name\":\"Home\",\"item\":\"https:\/\/pierreguillaumeparis.com\/en\/\"},{\"@type\":\"ListItem\",\"position\":2,\"name\":\"Terms of use\"}]},{\"@type\":\"WebSite\",\"@id\":\"https:\/\/pierreguillaumeparis.com\/#website\",\"url\":\"https:\/\/pierreguillaumeparis.com\/\",\"name\":\"Pierre Guillaume Paris\",\"description\":\"Maison de parfum ind\u00e9pendante\",\"publisher\":{\"@id\":\"https:\/\/pierreguillaumeparis.com\/#organization\"},\"potentialAction\":[{\"@type\":\"SearchAction\",\"target\":{\"@type\":\"EntryPoint\",\"urlTemplate\":\"https:\/\/pierreguillaumeparis.com\/?s={search_term_string}\"},\"query-input\":{\"@type\":\"PropertyValueSpecification\",\"valueRequired\":true,\"valueName\":\"search_term_string\"}}],\"inLanguage\":\"en-US\"},{\"@type\":\"Organization\",\"@id\":\"https:\/\/pierreguillaumeparis.com\/#organization\",\"name\":\"Pierre Guillaume Paris\",\"url\":\"https:\/\/pierreguillaumeparis.com\/\",\"logo\":{\"@type\":\"ImageObject\",\"inLanguage\":\"en-US\",\"@id\":\"https:\/\/pierreguillaumeparis.com\/#\/schema\/logo\/image\/\",\"url\":\"https:\/\/pierreguillaumeparis.com\/app\/uploads\/2020\/03\/2000x2000.jpeg\",\"contentUrl\":\"https:\/\/pierreguillaumeparis.com\/app\/uploads\/2020\/03\/2000x2000.jpeg\",\"width\":2000,\"height\":766,\"caption\":\"Pierre Guillaume Paris\"},\"image\":{\"@id\":\"https:\/\/pierreguillaumeparis.com\/#\/schema\/logo\/image\/\"},\"sameAs\":[\"https:\/\/www.facebook.com\/pierreguillaumeparis\/\",\"https:\/\/www.instagram.com\/pierreguillaume_parfumeur\/\"]}]}<\/script>\n<!-- \/ Yoast SEO plugin. -->","yoast_head_json":{"title":"Terms of use - Pierre Guillaume Paris","robots":{"index":"index","follow":"follow","max-snippet":"max-snippet:-1","max-image-preview":"max-image-preview:large","max-video-preview":"max-video-preview:-1"},"canonical":"https:\/\/pierreguillaumeparis.com\/en\/mentions-legales\/","og_locale":"en_US","og_type":"article","og_title":"Terms of use - Pierre Guillaume Paris","og_description":"[vc_row full_width=&#8221;stretch_row_content_no_spaces&#8221; parallax=&#8221;content-moving&#8221; parallax_image=&#8221;2923&#8243; css=&#8221;.vc_custom_1580810215575{margin-top: 0px !important;margin-bottom: 70px !important;padding-top: 200px !important;padding-bottom: 200px !important;}&#8221;][vc_column][\/vc_column][\/vc_row][vc_row css=&#8221;.vc_custom_1580816431974{margin-bottom: 70px &hellip; Continued","og_url":"https:\/\/pierreguillaumeparis.com\/en\/mentions-legales\/","og_site_name":"Pierre Guillaume Paris","article_publisher":"https:\/\/www.facebook.com\/pierreguillaumeparis\/","article_modified_time":"2020-02-16T17:17:06+00:00","twitter_card":"summary_large_image","twitter_misc":{"Est. reading time":"9 minutes"},"schema":{"@context":"https:\/\/schema.org","@graph":[{"@type":"WebPage","@id":"https:\/\/pierreguillaumeparis.com\/en\/mentions-legales\/","url":"https:\/\/pierreguillaumeparis.com\/en\/mentions-legales\/","name":"Terms of use - Pierre Guillaume Paris","isPartOf":{"@id":"https:\/\/pierreguillaumeparis.com\/#website"},"datePublished":"2020-02-04T09:54:16+00:00","dateModified":"2020-02-16T17:17:06+00:00","breadcrumb":{"@id":"https:\/\/pierreguillaumeparis.com\/en\/mentions-legales\/#breadcrumb"},"inLanguage":"en-US","potentialAction":[{"@type":"ReadAction","target":["https:\/\/pierreguillaumeparis.com\/en\/mentions-legales\/"]}]},{"@type":"BreadcrumbList","@id":"https:\/\/pierreguillaumeparis.com\/en\/mentions-legales\/#breadcrumb","itemListElement":[{"@type":"ListItem","position":1,"name":"Home","item":"https:\/\/pierreguillaumeparis.com\/en\/"},{"@type":"ListItem","position":2,"name":"Terms of use"}]},{"@type":"WebSite","@id":"https:\/\/pierreguillaumeparis.com\/#website","url":"https:\/\/pierreguillaumeparis.com\/","name":"Pierre Guillaume Paris","description":"Maison de parfum ind\u00e9pendante","publisher":{"@id":"https:\/\/pierreguillaumeparis.com\/#organization"},"potentialAction":[{"@type":"SearchAction","target":{"@type":"EntryPoint","urlTemplate":"https:\/\/pierreguillaumeparis.com\/?s={search_term_string}"},"query-input":{"@type":"PropertyValueSpecification","valueRequired":true,"valueName":"search_term_string"}}],"inLanguage":"en-US"},{"@type":"Organization","@id":"https:\/\/pierreguillaumeparis.com\/#organization","name":"Pierre Guillaume Paris","url":"https:\/\/pierreguillaumeparis.com\/","logo":{"@type":"ImageObject","inLanguage":"en-US","@id":"https:\/\/pierreguillaumeparis.com\/#\/schema\/logo\/image\/","url":"https:\/\/pierreguillaumeparis.com\/app\/uploads\/2020\/03\/2000x2000.jpeg","contentUrl":"https:\/\/pierreguillaumeparis.com\/app\/uploads\/2020\/03\/2000x2000.jpeg","width":2000,"height":766,"caption":"Pierre Guillaume Paris"},"image":{"@id":"https:\/\/pierreguillaumeparis.com\/#\/schema\/logo\/image\/"},"sameAs":["https:\/\/www.facebook.com\/pierreguillaumeparis\/","https:\/\/www.instagram.com\/pierreguillaume_parfumeur\/"]}]}},"_links":{"self":[{"href":"https:\/\/pierreguillaumeparis.com\/en\/wp-json\/wp\/v2\/pages\/5020","targetHints":{"allow":["GET"]}}],"collection":[{"href":"https:\/\/pierreguillaumeparis.com\/en\/wp-json\/wp\/v2\/pages"}],"about":[{"href":"https:\/\/pierreguillaumeparis.com\/en\/wp-json\/wp\/v2\/types\/page"}],"author":[{"embeddable":true,"href":"https:\/\/pierreguillaumeparis.com\/en\/wp-json\/wp\/v2\/users\/2"}],"replies":[{"embeddable":true,"href":"https:\/\/pierreguillaumeparis.com\/en\/wp-json\/wp\/v2\/comments?post=5020"}],"version-history":[{"count":1,"href":"https:\/\/pierreguillaumeparis.com\/en\/wp-json\/wp\/v2\/pages\/5020\/revisions"}],"predecessor-version":[{"id":5022,"href":"https:\/\/pierreguillaumeparis.com\/en\/wp-json\/wp\/v2\/pages\/5020\/revisions\/5022"}],"wp:attachment":[{"href":"https:\/\/pierreguillaumeparis.com\/en\/wp-json\/wp\/v2\/media?parent=5020"}],"curies":[{"name":"wp","href":"https:\/\/api.w.org\/{rel}","templated":true}]}}