{"id":14973,"date":"2022-03-29T17:25:32","date_gmt":"2022-03-29T15:25:32","guid":{"rendered":"https:\/\/pierreguillaumeparis.com\/?post_type=product&#038;p=14973"},"modified":"2025-09-10T17:59:03","modified_gmt":"2025-09-10T15:59:03","slug":"tonka-cedre-la-gachette","status":"publish","type":"product","link":"https:\/\/pierreguillaumeparis.com\/en\/perfume\/tonka-cedre-la-gachette\/","title":{"rendered":"TONKA C\u00c8DRE LA GACHETTE"},"content":{"rendered":"<h4><strong>TONKA C\u00c8DRE LA GACHETTE<br \/>\n<\/strong><\/h4>\n<h5><strong>Type: Gourmand &#8211; Home Fragrance &#8211; 500 ml (16.9 fl.oz.)<\/strong><\/h5>\n<p>Native to Venezuela and Brazil, the <a href=\"https:\/\/fr.wikipedia.org\/wiki\/F%C3%A8ve_tonka\">tonka bean<\/a> has a scent reminiscent of complex <strong>vanilla,<\/strong> with notes of <strong>almond,<\/strong> <strong>pistachio<\/strong>, <strong>praline<\/strong> and <strong>caramel<\/strong>. For this new line of home fragrances soberly named &#8220;TONKA&#8221; Pierre GUILLAUME has enriched this exotic bean with notes of hot <strong>coffee<\/strong> and <strong>roasted cocoa<\/strong>. The balmy sophistication of <strong>benzoin<\/strong>, enhanced by the woody and leathery animality of a dash of <strong>Moroccan cedar<\/strong>, tempers the greedy ardour of the composition and gives it a vibrant and simply addictive aspect.<\/p>\n<p><strong>Challenge the atmosphere to a duel, aim for the sky and shoot.<\/strong><br \/>\nIn just a gesture of the index,\u00a0<a href=\"https:\/\/pierreguillaumeparis.com\/en\/collection-parfum\/home-scents\/la-gachette-en\/\">La GACHETTE<\/a>\u00a0(the trigger) permeates the air with one of the seven fragrances:\u00a0<strong><a href=\"https:\/\/fr.wikipedia.org\/wiki\/Hibiscus\" target=\"_blank\" rel=\"noopener\">HIBISCUS<\/a>, IPANEMA LIME, LEAF, PARISIAN PALACE, SA\u00cfGON, TA\u00cfGA, TONKA C\u00c8DRE<\/strong>.<br \/>\nLA GACHETTE is a Home Fragrance composed as an Eau de Parfum. Highly concentrated and formulated on a hydro-alcoholic base, it is recommended for impregnating all non-sensitive textiles, such as curtains, cushions, carpets or curtains. It is applied by spraying these supports at a distance of 20 cm, without soaking. It will create a fragrant atmosphere, the intensity of which you can adjust to your taste and in small doses. Do not apply on surfaces sensitive to alcohol or perfume, on varnished or lacquered surfaces, on wood or leather.<\/p>\n<p><em><a href=\"https:\/\/pierreguillaumeparis.com\/en\/facette-parfum\/coffee\/\">Tonka<\/a>, <a href=\"https:\/\/pierreguillaumeparis.com\/en\/facette-parfum\/gourmand-en\/\">Caramel<\/a>, <a href=\"https:\/\/pierreguillaumeparis.com\/en\/facette-parfum\/cedarwood\/\">Cedarwood<\/a>, <a href=\"https:\/\/pierreguillaumeparis.com\/en\/facette-parfum\/incense\/\">Benzoin<\/a><\/em><\/p>\n<p><span style=\"text-decoration: underline;\"><span style=\"color: #ff0000; text-decoration: underline;\">Delivery Worldwide delivery, except for the USA, due to local legislation.<\/span><\/span><\/p>\n","protected":false},"excerpt":{"rendered":"<p>Tonka, Caramel, Cedarwood, Benzoin<\/p>\n","protected":false},"featured_media":28999,"template":"","meta":{"_acf_changed":false,"footnotes":""},"product_brand":[],"product_cat":[393,235],"product_tag":[165,167,163,189,170,204,377,162],"class_list":{"0":"post-14973","1":"product","2":"type-product","3":"status-publish","4":"has-post-thumbnail","6":"product_cat-atmosphere-and-cars","7":"product_cat-home-scents","8":"product_tag-cedarwood","9":"product_tag-chocolate","10":"product_tag-coffee","11":"product_tag-gourmand-en","12":"product_tag-leather","13":"product_tag-resinous","14":"product_tag-tonka-en","15":"product_tag-woody","16":"pa_contenance-500ml-en","18":"first","19":"instock","20":"taxable","21":"shipping-taxable","22":"purchasable","23":"product-type-variable","24":"has-default-attributes"},"acf":[],"yoast_head":"<!-- This site is optimized with the Yoast SEO plugin v26.3 - https:\/\/yoast.com\/wordpress\/plugins\/seo\/ -->\n<title>Tonka, La Gachette, Tonka, Caramel, Cedar, Benzoin fragrance<\/title>\n<meta name=\"description\" content=\"Discover our room spray, Tonka La Gachette, which impregnates the air with the scent of Tonka, Caramel, Cedar and Benzoin.\" \/>\n<meta name=\"robots\" content=\"index, follow, max-snippet:-1, max-image-preview:large, max-video-preview:-1\" \/>\n<link rel=\"canonical\" href=\"https:\/\/pierreguillaumeparis.com\/en\/perfume\/tonka-cedre-la-gachette\/\" \/>\n<meta property=\"og:locale\" content=\"en_US\" \/>\n<meta property=\"og:type\" content=\"article\" \/>\n<meta property=\"og:title\" content=\"Tonka, La Gachette, Tonka, Caramel, Cedar, Benzoin fragrance\" \/>\n<meta property=\"og:description\" content=\"Discover our room spray, Tonka La Gachette, which impregnates the air with the scent of Tonka, Caramel, Cedar and Benzoin.\" \/>\n<meta property=\"og:url\" content=\"https:\/\/pierreguillaumeparis.com\/en\/perfume\/tonka-cedre-la-gachette\/\" \/>\n<meta property=\"og:site_name\" content=\"Pierre Guillaume Paris\" \/>\n<meta property=\"article:publisher\" content=\"https:\/\/www.facebook.com\/pierreguillaumeparis\/\" \/>\n<meta property=\"article:modified_time\" content=\"2025-09-10T15:59:03+00:00\" \/>\n<meta property=\"og:image\" content=\"https:\/\/pierreguillaumeparis.com\/app\/uploads\/2022\/03\/Pierre-Guillaume-Paris-Gachette-Tonka-Cedre-500ml-Tonka-Caramel-Cedre-Benjoin.png\" \/>\n\t<meta property=\"og:image:width\" content=\"1200\" \/>\n\t<meta property=\"og:image:height\" content=\"1200\" \/>\n\t<meta property=\"og:image:type\" content=\"image\/png\" \/>\n<meta name=\"twitter:card\" content=\"summary_large_image\" \/>\n<meta name=\"twitter:label1\" content=\"Est. reading time\" \/>\n\t<meta name=\"twitter:data1\" content=\"2 minutes\" \/>\n<script type=\"application\/ld+json\" class=\"yoast-schema-graph\">{\"@context\":\"https:\/\/schema.org\",\"@graph\":[{\"@type\":\"WebPage\",\"@id\":\"https:\/\/pierreguillaumeparis.com\/en\/perfume\/tonka-cedre-la-gachette\/\",\"url\":\"https:\/\/pierreguillaumeparis.com\/en\/perfume\/tonka-cedre-la-gachette\/\",\"name\":\"Tonka, La Gachette, Tonka, Caramel, Cedar, Benzoin fragrance\",\"isPartOf\":{\"@id\":\"https:\/\/pierreguillaumeparis.com\/#website\"},\"primaryImageOfPage\":{\"@id\":\"https:\/\/pierreguillaumeparis.com\/en\/perfume\/tonka-cedre-la-gachette\/#primaryimage\"},\"image\":{\"@id\":\"https:\/\/pierreguillaumeparis.com\/en\/perfume\/tonka-cedre-la-gachette\/#primaryimage\"},\"thumbnailUrl\":\"https:\/\/pierreguillaumeparis.com\/app\/uploads\/2022\/03\/Pierre-Guillaume-Paris-Gachette-Tonka-Cedre-500ml-Tonka-Caramel-Cedre-Benjoin.png\",\"datePublished\":\"2022-03-29T15:25:32+00:00\",\"dateModified\":\"2025-09-10T15:59:03+00:00\",\"description\":\"Discover our room spray, Tonka La Gachette, which impregnates the air with the scent of Tonka, Caramel, Cedar and Benzoin.\",\"breadcrumb\":{\"@id\":\"https:\/\/pierreguillaumeparis.com\/en\/perfume\/tonka-cedre-la-gachette\/#breadcrumb\"},\"inLanguage\":\"en-US\",\"potentialAction\":[{\"@type\":\"ReadAction\",\"target\":[\"https:\/\/pierreguillaumeparis.com\/en\/perfume\/tonka-cedre-la-gachette\/\"]}]},{\"@type\":\"ImageObject\",\"inLanguage\":\"en-US\",\"@id\":\"https:\/\/pierreguillaumeparis.com\/en\/perfume\/tonka-cedre-la-gachette\/#primaryimage\",\"url\":\"https:\/\/pierreguillaumeparis.com\/app\/uploads\/2022\/03\/Pierre-Guillaume-Paris-Gachette-Tonka-Cedre-500ml-Tonka-Caramel-Cedre-Benjoin.png\",\"contentUrl\":\"https:\/\/pierreguillaumeparis.com\/app\/uploads\/2022\/03\/Pierre-Guillaume-Paris-Gachette-Tonka-Cedre-500ml-Tonka-Caramel-Cedre-Benjoin.png\",\"width\":1200,\"height\":1200,\"caption\":\"Tonka C\u00e8dre - Home fragrance - 500 ml. Discover our home fragrance spray, G\u00e2chette Tonka Cedar, which fills the air with the scent of Tonka, Caramel, Cedar, and Benzoin.\"},{\"@type\":\"BreadcrumbList\",\"@id\":\"https:\/\/pierreguillaumeparis.com\/en\/perfume\/tonka-cedre-la-gachette\/#breadcrumb\",\"itemListElement\":[{\"@type\":\"ListItem\",\"position\":1,\"name\":\"Home\",\"item\":\"https:\/\/pierreguillaumeparis.com\/en\/\"},{\"@type\":\"ListItem\",\"position\":2,\"name\":\"Shop\",\"item\":\"https:\/\/pierreguillaumeparis.com\/en\/shop-perfume\/\"},{\"@type\":\"ListItem\",\"position\":3,\"name\":\"TONKA C\u00c8DRE LA GACHETTE\"}]},{\"@type\":\"WebSite\",\"@id\":\"https:\/\/pierreguillaumeparis.com\/#website\",\"url\":\"https:\/\/pierreguillaumeparis.com\/\",\"name\":\"Pierre Guillaume Paris\",\"description\":\"Maison de parfum ind\u00e9pendante\",\"publisher\":{\"@id\":\"https:\/\/pierreguillaumeparis.com\/#organization\"},\"potentialAction\":[{\"@type\":\"SearchAction\",\"target\":{\"@type\":\"EntryPoint\",\"urlTemplate\":\"https:\/\/pierreguillaumeparis.com\/?s={search_term_string}\"},\"query-input\":{\"@type\":\"PropertyValueSpecification\",\"valueRequired\":true,\"valueName\":\"search_term_string\"}}],\"inLanguage\":\"en-US\"},{\"@type\":\"Organization\",\"@id\":\"https:\/\/pierreguillaumeparis.com\/#organization\",\"name\":\"Pierre Guillaume Paris\",\"url\":\"https:\/\/pierreguillaumeparis.com\/\",\"logo\":{\"@type\":\"ImageObject\",\"inLanguage\":\"en-US\",\"@id\":\"https:\/\/pierreguillaumeparis.com\/#\/schema\/logo\/image\/\",\"url\":\"https:\/\/pierreguillaumeparis.com\/app\/uploads\/2020\/03\/2000x2000.jpeg\",\"contentUrl\":\"https:\/\/pierreguillaumeparis.com\/app\/uploads\/2020\/03\/2000x2000.jpeg\",\"width\":2000,\"height\":766,\"caption\":\"Pierre Guillaume Paris\"},\"image\":{\"@id\":\"https:\/\/pierreguillaumeparis.com\/#\/schema\/logo\/image\/\"},\"sameAs\":[\"https:\/\/www.facebook.com\/pierreguillaumeparis\/\",\"https:\/\/www.instagram.com\/pierreguillaume_parfumeur\/\"]}]}<\/script>\n<!-- \/ Yoast SEO plugin. -->","yoast_head_json":{"title":"Tonka, La Gachette, Tonka, Caramel, Cedar, Benzoin fragrance","description":"Discover our room spray, Tonka La Gachette, which impregnates the air with the scent of Tonka, Caramel, Cedar and Benzoin.","robots":{"index":"index","follow":"follow","max-snippet":"max-snippet:-1","max-image-preview":"max-image-preview:large","max-video-preview":"max-video-preview:-1"},"canonical":"https:\/\/pierreguillaumeparis.com\/en\/perfume\/tonka-cedre-la-gachette\/","og_locale":"en_US","og_type":"article","og_title":"Tonka, La Gachette, Tonka, Caramel, Cedar, Benzoin fragrance","og_description":"Discover our room spray, Tonka La Gachette, which impregnates the air with the scent of Tonka, Caramel, Cedar and Benzoin.","og_url":"https:\/\/pierreguillaumeparis.com\/en\/perfume\/tonka-cedre-la-gachette\/","og_site_name":"Pierre Guillaume Paris","article_publisher":"https:\/\/www.facebook.com\/pierreguillaumeparis\/","article_modified_time":"2025-09-10T15:59:03+00:00","og_image":[{"width":1200,"height":1200,"url":"https:\/\/pierreguillaumeparis.com\/app\/uploads\/2022\/03\/Pierre-Guillaume-Paris-Gachette-Tonka-Cedre-500ml-Tonka-Caramel-Cedre-Benjoin.png","type":"image\/png"}],"twitter_card":"summary_large_image","twitter_misc":{"Est. reading time":"2 minutes"},"schema":{"@context":"https:\/\/schema.org","@graph":[{"@type":"WebPage","@id":"https:\/\/pierreguillaumeparis.com\/en\/perfume\/tonka-cedre-la-gachette\/","url":"https:\/\/pierreguillaumeparis.com\/en\/perfume\/tonka-cedre-la-gachette\/","name":"Tonka, La Gachette, Tonka, Caramel, Cedar, Benzoin fragrance","isPartOf":{"@id":"https:\/\/pierreguillaumeparis.com\/#website"},"primaryImageOfPage":{"@id":"https:\/\/pierreguillaumeparis.com\/en\/perfume\/tonka-cedre-la-gachette\/#primaryimage"},"image":{"@id":"https:\/\/pierreguillaumeparis.com\/en\/perfume\/tonka-cedre-la-gachette\/#primaryimage"},"thumbnailUrl":"https:\/\/pierreguillaumeparis.com\/app\/uploads\/2022\/03\/Pierre-Guillaume-Paris-Gachette-Tonka-Cedre-500ml-Tonka-Caramel-Cedre-Benjoin.png","datePublished":"2022-03-29T15:25:32+00:00","dateModified":"2025-09-10T15:59:03+00:00","description":"Discover our room spray, Tonka La Gachette, which impregnates the air with the scent of Tonka, Caramel, Cedar and Benzoin.","breadcrumb":{"@id":"https:\/\/pierreguillaumeparis.com\/en\/perfume\/tonka-cedre-la-gachette\/#breadcrumb"},"inLanguage":"en-US","potentialAction":[{"@type":"ReadAction","target":["https:\/\/pierreguillaumeparis.com\/en\/perfume\/tonka-cedre-la-gachette\/"]}]},{"@type":"ImageObject","inLanguage":"en-US","@id":"https:\/\/pierreguillaumeparis.com\/en\/perfume\/tonka-cedre-la-gachette\/#primaryimage","url":"https:\/\/pierreguillaumeparis.com\/app\/uploads\/2022\/03\/Pierre-Guillaume-Paris-Gachette-Tonka-Cedre-500ml-Tonka-Caramel-Cedre-Benjoin.png","contentUrl":"https:\/\/pierreguillaumeparis.com\/app\/uploads\/2022\/03\/Pierre-Guillaume-Paris-Gachette-Tonka-Cedre-500ml-Tonka-Caramel-Cedre-Benjoin.png","width":1200,"height":1200,"caption":"Tonka C\u00e8dre - Home fragrance - 500 ml. Discover our home fragrance spray, G\u00e2chette Tonka Cedar, which fills the air with the scent of Tonka, Caramel, Cedar, and Benzoin."},{"@type":"BreadcrumbList","@id":"https:\/\/pierreguillaumeparis.com\/en\/perfume\/tonka-cedre-la-gachette\/#breadcrumb","itemListElement":[{"@type":"ListItem","position":1,"name":"Home","item":"https:\/\/pierreguillaumeparis.com\/en\/"},{"@type":"ListItem","position":2,"name":"Shop","item":"https:\/\/pierreguillaumeparis.com\/en\/shop-perfume\/"},{"@type":"ListItem","position":3,"name":"TONKA C\u00c8DRE LA GACHETTE"}]},{"@type":"WebSite","@id":"https:\/\/pierreguillaumeparis.com\/#website","url":"https:\/\/pierreguillaumeparis.com\/","name":"Pierre Guillaume Paris","description":"Maison de parfum ind\u00e9pendante","publisher":{"@id":"https:\/\/pierreguillaumeparis.com\/#organization"},"potentialAction":[{"@type":"SearchAction","target":{"@type":"EntryPoint","urlTemplate":"https:\/\/pierreguillaumeparis.com\/?s={search_term_string}"},"query-input":{"@type":"PropertyValueSpecification","valueRequired":true,"valueName":"search_term_string"}}],"inLanguage":"en-US"},{"@type":"Organization","@id":"https:\/\/pierreguillaumeparis.com\/#organization","name":"Pierre Guillaume Paris","url":"https:\/\/pierreguillaumeparis.com\/","logo":{"@type":"ImageObject","inLanguage":"en-US","@id":"https:\/\/pierreguillaumeparis.com\/#\/schema\/logo\/image\/","url":"https:\/\/pierreguillaumeparis.com\/app\/uploads\/2020\/03\/2000x2000.jpeg","contentUrl":"https:\/\/pierreguillaumeparis.com\/app\/uploads\/2020\/03\/2000x2000.jpeg","width":2000,"height":766,"caption":"Pierre Guillaume Paris"},"image":{"@id":"https:\/\/pierreguillaumeparis.com\/#\/schema\/logo\/image\/"},"sameAs":["https:\/\/www.facebook.com\/pierreguillaumeparis\/","https:\/\/www.instagram.com\/pierreguillaume_parfumeur\/"]}]}},"_links":{"self":[{"href":"https:\/\/pierreguillaumeparis.com\/en\/wp-json\/wp\/v2\/product\/14973","targetHints":{"allow":["GET"]}}],"collection":[{"href":"https:\/\/pierreguillaumeparis.com\/en\/wp-json\/wp\/v2\/product"}],"about":[{"href":"https:\/\/pierreguillaumeparis.com\/en\/wp-json\/wp\/v2\/types\/product"}],"version-history":[{"count":4,"href":"https:\/\/pierreguillaumeparis.com\/en\/wp-json\/wp\/v2\/product\/14973\/revisions"}],"predecessor-version":[{"id":29007,"href":"https:\/\/pierreguillaumeparis.com\/en\/wp-json\/wp\/v2\/product\/14973\/revisions\/29007"}],"wp:featuredmedia":[{"embeddable":true,"href":"https:\/\/pierreguillaumeparis.com\/en\/wp-json\/wp\/v2\/media\/28999"}],"wp:attachment":[{"href":"https:\/\/pierreguillaumeparis.com\/en\/wp-json\/wp\/v2\/media?parent=14973"}],"wp:term":[{"taxonomy":"product_brand","embeddable":true,"href":"https:\/\/pierreguillaumeparis.com\/en\/wp-json\/wp\/v2\/product_brand?post=14973"},{"taxonomy":"product_cat","embeddable":true,"href":"https:\/\/pierreguillaumeparis.com\/en\/wp-json\/wp\/v2\/product_cat?post=14973"},{"taxonomy":"product_tag","embeddable":true,"href":"https:\/\/pierreguillaumeparis.com\/en\/wp-json\/wp\/v2\/product_tag?post=14973"}],"curies":[{"name":"wp","href":"https:\/\/api.w.org\/{rel}","templated":true}]}}