{"id":19508,"date":"2023-05-12T13:18:15","date_gmt":"2023-05-12T11:18:15","guid":{"rendered":"https:\/\/pierreguillaumeparis.com\/?post_type=product&#038;p=19508"},"modified":"2024-05-23T15:38:04","modified_gmt":"2024-05-23T13:38:04","slug":"coffret-thematique-hesperides","status":"publish","type":"product","link":"https:\/\/pierreguillaumeparis.com\/en\/perfume\/coffret-thematique-hesperides\/","title":{"rendered":"HESP\u00c9RIDES &#038; OMBRES V\u00c9G\u00c9TALES THEMATIC BOX SET"},"content":{"rendered":"<h4><strong>HESP\u00c9RIDES &amp; OMBRES V\u00c9G\u00c9TALES THEMATIC BOX SET<br \/>\n<\/strong><\/h4>\n<h5><strong>Variations sur les fra\u00eecheurs, classiques ou atypiques<br \/>\n<\/strong><\/h5>\n<p>&nbsp;<\/p>\n<ul>\n<li><a href=\"https:\/\/pierreguillaumeparis.com\/en\/parfum\/le-musc-la-peau\/\"><strong>4.1 LE MUSC &amp; LA PEAU<\/strong><\/a> &#8211; Rosemary Milk<\/li>\n<li><a href=\"https:\/\/pierreguillaumeparis.com\/en\/parfum\/07-solsekia\/\"><strong>07 SOLSEKIA<\/strong><\/a> &#8211; Mexican Orange Tree<\/li>\n<li><a href=\"https:\/\/pierreguillaumeparis.com\/en\/parfum\/grand-siecle-intense\/\"><strong>7.1 GRAND SIECLE INTENSE<\/strong><\/a> &#8211; Citrus \/ Iris \/ Honey<\/li>\n<li><a href=\"https:\/\/pierreguillaumeparis.com\/en\/parfum\/07-2-morning-in-tipasa\/\"><strong>7.2 MORNING IN TIPASA<\/strong><\/a> &#8211; Wild Lemongrass<\/li>\n<li><a href=\"https:\/\/pierreguillaumeparis.com\/en\/parfum\/komorebi\/\"><strong>9.1 KOMOREBI<\/strong> <\/a>&#8211; Mint \/ Mimosa<\/li>\n<li><a href=\"https:\/\/pierreguillaumeparis.com\/en\/parfum\/jardins-de-kerylos\/\"><strong>16 JARDINS DE KERYLOS<\/strong><\/a> &#8211; Green Fig<\/li>\n<li><a href=\"https:\/\/pierreguillaumeparis.com\/en\/parfum\/neroli-ad-astra\/\"><strong>19.1 NEROLI AD ASTRA<\/strong><\/a> &#8211; Neroli \/ Agave Flower<\/li>\n<li><a href=\"https:\/\/pierreguillaumeparis.com\/en\/perfume\/31-1-lair-et-leros\/\"><b>31.1 L&#8217;AIR &amp; L&#8217;EROS<\/b><\/a> &#8211; A fresh air current&#8230;<\/li>\n<li><a href=\"https:\/\/pierreguillaumeparis.com\/en\/parfum\/limanakia\/\"><strong>27 LIMANAKIA<\/strong><\/a> &#8211; Animalic &amp; Salty<\/li>\n<li><a href=\"https:\/\/pierreguillaumeparis.com\/en\/parfum\/29-itabaia-citrus-perfume\/\"><strong>29 ITABA\u00cfA<\/strong><\/a> &#8211; Citrus \/ Hibiscus Wood<\/li>\n<li><a href=\"https:\/\/pierreguillaumeparis.com\/en\/parfum\/entre-ciel-et-mer\/\"><strong>ENTRE CIEL ET MER<\/strong><\/a> &#8211; Marine Wind<\/li>\n<li><a href=\"https:\/\/pierreguillaumeparis.com\/en\/parfum\/paris-fidji\/\"><strong>PARIS FIDJI<\/strong><\/a> &#8211; Ti&#8217;punch<\/li>\n<li><a href=\"https:\/\/pierreguillaumeparis.com\/en\/parfum\/sunsuality\/\"><strong>SUNSUALITY<\/strong><\/a> &#8211; Kumquat<\/li>\n<li><a href=\"https:\/\/pierreguillaumeparis.com\/en\/parfum\/swim-sx\/\"><strong>SWIM\/SX<\/strong><\/a> &#8211; Salty Musk<\/li>\n<li><a href=\"https:\/\/pierreguillaumeparis.com\/en\/perfume\/bonheur-du-jour\/\"><b>BONHEUR DU JOUR<\/b><\/a> &#8211; Bergamot, Lemon, Yuzu&#8230;<\/li>\n<\/ul>\n<p><strong><em>You will find a total of 15 fragrances in the form of Mini Vapo Spray of 2 ml (0,067 fl oz) (30 ml [1,01 fl oz] of perfume).<\/em><\/strong><\/p>\n<p>Box dimensions (width x height x depth): 235 x 170 x 20 cm<\/p>\n","protected":false},"excerpt":{"rendered":"<p>Des fra\u00eecheurs classiques ou atypiques.<\/p>\n","protected":false},"featured_media":19597,"template":"","meta":{"_acf_changed":false,"footnotes":""},"product_brand":[],"product_cat":[227,42],"product_tag":[],"class_list":{"0":"post-19508","1":"product","2":"type-product","3":"status-publish","4":"has-post-thumbnail","6":"product_cat-gift-boxes","7":"product_cat-perfumes-en","8":"pa_contenance-30ml-en","10":"first","11":"instock","12":"taxable","13":"shipping-taxable","14":"purchasable","15":"product-type-simple"},"acf":[],"yoast_head":"<!-- This site is optimized with the Yoast SEO plugin v26.3 - https:\/\/yoast.com\/wordpress\/plugins\/seo\/ -->\n<title>Hesp\u00e9rides Perfumes Box Set - Citrus and freshness<\/title>\n<meta name=\"description\" content=\"Discover Hesp\u00e9rides, a selection of 15 Pierre Guillaume Paris perfumes in an elegant rigid box in a 2 ml Mini Vapo Spray (i.e. 30 ml of perfume).\" \/>\n<meta name=\"robots\" content=\"index, follow, max-snippet:-1, max-image-preview:large, max-video-preview:-1\" \/>\n<link rel=\"canonical\" href=\"https:\/\/pierreguillaumeparis.com\/en\/perfume\/coffret-thematique-hesperides\/\" \/>\n<meta property=\"og:locale\" content=\"en_US\" \/>\n<meta property=\"og:type\" content=\"article\" \/>\n<meta property=\"og:title\" content=\"Hesp\u00e9rides Perfumes Box Set - Citrus and freshness\" \/>\n<meta property=\"og:description\" content=\"Discover Hesp\u00e9rides, a selection of 15 Pierre Guillaume Paris perfumes in an elegant rigid box in a 2 ml Mini Vapo Spray (i.e. 30 ml of perfume).\" \/>\n<meta property=\"og:url\" content=\"https:\/\/pierreguillaumeparis.com\/en\/perfume\/coffret-thematique-hesperides\/\" \/>\n<meta property=\"og:site_name\" content=\"Pierre Guillaume Paris\" \/>\n<meta property=\"article:publisher\" content=\"https:\/\/www.facebook.com\/pierreguillaumeparis\/\" \/>\n<meta property=\"article:modified_time\" content=\"2024-05-23T13:38:04+00:00\" \/>\n<meta property=\"og:image\" content=\"https:\/\/pierreguillaumeparis.com\/app\/uploads\/2023\/05\/Pierre-Guillaume-Paris-Coffret-Thematique-Hesperides-Packshot.png\" \/>\n\t<meta property=\"og:image:width\" content=\"1200\" \/>\n\t<meta property=\"og:image:height\" content=\"1200\" \/>\n\t<meta property=\"og:image:type\" content=\"image\/png\" \/>\n<meta name=\"twitter:card\" content=\"summary_large_image\" \/>\n<meta name=\"twitter:label1\" content=\"Est. reading time\" \/>\n\t<meta name=\"twitter:data1\" content=\"1 minute\" \/>\n<script type=\"application\/ld+json\" class=\"yoast-schema-graph\">{\"@context\":\"https:\/\/schema.org\",\"@graph\":[{\"@type\":\"WebPage\",\"@id\":\"https:\/\/pierreguillaumeparis.com\/en\/perfume\/coffret-thematique-hesperides\/\",\"url\":\"https:\/\/pierreguillaumeparis.com\/en\/perfume\/coffret-thematique-hesperides\/\",\"name\":\"Hesp\u00e9rides Perfumes Box Set - Citrus and freshness\",\"isPartOf\":{\"@id\":\"https:\/\/pierreguillaumeparis.com\/#website\"},\"primaryImageOfPage\":{\"@id\":\"https:\/\/pierreguillaumeparis.com\/en\/perfume\/coffret-thematique-hesperides\/#primaryimage\"},\"image\":{\"@id\":\"https:\/\/pierreguillaumeparis.com\/en\/perfume\/coffret-thematique-hesperides\/#primaryimage\"},\"thumbnailUrl\":\"https:\/\/pierreguillaumeparis.com\/app\/uploads\/2023\/05\/Pierre-Guillaume-Paris-Coffret-Thematique-Hesperides-Packshot.png\",\"datePublished\":\"2023-05-12T11:18:15+00:00\",\"dateModified\":\"2024-05-23T13:38:04+00:00\",\"description\":\"Discover Hesp\u00e9rides, a selection of 15 Pierre Guillaume Paris perfumes in an elegant rigid box in a 2 ml Mini Vapo Spray (i.e. 30 ml of perfume).\",\"breadcrumb\":{\"@id\":\"https:\/\/pierreguillaumeparis.com\/en\/perfume\/coffret-thematique-hesperides\/#breadcrumb\"},\"inLanguage\":\"en-US\",\"potentialAction\":[{\"@type\":\"ReadAction\",\"target\":[\"https:\/\/pierreguillaumeparis.com\/en\/perfume\/coffret-thematique-hesperides\/\"]}]},{\"@type\":\"ImageObject\",\"inLanguage\":\"en-US\",\"@id\":\"https:\/\/pierreguillaumeparis.com\/en\/perfume\/coffret-thematique-hesperides\/#primaryimage\",\"url\":\"https:\/\/pierreguillaumeparis.com\/app\/uploads\/2023\/05\/Pierre-Guillaume-Paris-Coffret-Thematique-Hesperides-Packshot.png\",\"contentUrl\":\"https:\/\/pierreguillaumeparis.com\/app\/uploads\/2023\/05\/Pierre-Guillaume-Paris-Coffret-Thematique-Hesperides-Packshot.png\",\"width\":1200,\"height\":1200,\"caption\":\"Thematic Perfumes Box Set Hesp\u00e9rides - Freshness - Fresh Fragrances - 15x2ml - 30 ml\"},{\"@type\":\"BreadcrumbList\",\"@id\":\"https:\/\/pierreguillaumeparis.com\/en\/perfume\/coffret-thematique-hesperides\/#breadcrumb\",\"itemListElement\":[{\"@type\":\"ListItem\",\"position\":1,\"name\":\"Home\",\"item\":\"https:\/\/pierreguillaumeparis.com\/en\/\"},{\"@type\":\"ListItem\",\"position\":2,\"name\":\"Shop\",\"item\":\"https:\/\/pierreguillaumeparis.com\/en\/shop-perfume\/\"},{\"@type\":\"ListItem\",\"position\":3,\"name\":\"HESP\u00c9RIDES &#038; OMBRES V\u00c9G\u00c9TALES THEMATIC BOX SET\"}]},{\"@type\":\"WebSite\",\"@id\":\"https:\/\/pierreguillaumeparis.com\/#website\",\"url\":\"https:\/\/pierreguillaumeparis.com\/\",\"name\":\"Pierre Guillaume Paris\",\"description\":\"Maison de parfum ind\u00e9pendante\",\"publisher\":{\"@id\":\"https:\/\/pierreguillaumeparis.com\/#organization\"},\"potentialAction\":[{\"@type\":\"SearchAction\",\"target\":{\"@type\":\"EntryPoint\",\"urlTemplate\":\"https:\/\/pierreguillaumeparis.com\/?s={search_term_string}\"},\"query-input\":{\"@type\":\"PropertyValueSpecification\",\"valueRequired\":true,\"valueName\":\"search_term_string\"}}],\"inLanguage\":\"en-US\"},{\"@type\":\"Organization\",\"@id\":\"https:\/\/pierreguillaumeparis.com\/#organization\",\"name\":\"Pierre Guillaume Paris\",\"url\":\"https:\/\/pierreguillaumeparis.com\/\",\"logo\":{\"@type\":\"ImageObject\",\"inLanguage\":\"en-US\",\"@id\":\"https:\/\/pierreguillaumeparis.com\/#\/schema\/logo\/image\/\",\"url\":\"https:\/\/pierreguillaumeparis.com\/app\/uploads\/2020\/03\/2000x2000.jpeg\",\"contentUrl\":\"https:\/\/pierreguillaumeparis.com\/app\/uploads\/2020\/03\/2000x2000.jpeg\",\"width\":2000,\"height\":766,\"caption\":\"Pierre Guillaume Paris\"},\"image\":{\"@id\":\"https:\/\/pierreguillaumeparis.com\/#\/schema\/logo\/image\/\"},\"sameAs\":[\"https:\/\/www.facebook.com\/pierreguillaumeparis\/\",\"https:\/\/www.instagram.com\/pierreguillaume_parfumeur\/\"]}]}<\/script>\n<!-- \/ Yoast SEO plugin. -->","yoast_head_json":{"title":"Hesp\u00e9rides Perfumes Box Set - Citrus and freshness","description":"Discover Hesp\u00e9rides, a selection of 15 Pierre Guillaume Paris perfumes in an elegant rigid box in a 2 ml Mini Vapo Spray (i.e. 30 ml of perfume).","robots":{"index":"index","follow":"follow","max-snippet":"max-snippet:-1","max-image-preview":"max-image-preview:large","max-video-preview":"max-video-preview:-1"},"canonical":"https:\/\/pierreguillaumeparis.com\/en\/perfume\/coffret-thematique-hesperides\/","og_locale":"en_US","og_type":"article","og_title":"Hesp\u00e9rides Perfumes Box Set - Citrus and freshness","og_description":"Discover Hesp\u00e9rides, a selection of 15 Pierre Guillaume Paris perfumes in an elegant rigid box in a 2 ml Mini Vapo Spray (i.e. 30 ml of perfume).","og_url":"https:\/\/pierreguillaumeparis.com\/en\/perfume\/coffret-thematique-hesperides\/","og_site_name":"Pierre Guillaume Paris","article_publisher":"https:\/\/www.facebook.com\/pierreguillaumeparis\/","article_modified_time":"2024-05-23T13:38:04+00:00","og_image":[{"width":1200,"height":1200,"url":"https:\/\/pierreguillaumeparis.com\/app\/uploads\/2023\/05\/Pierre-Guillaume-Paris-Coffret-Thematique-Hesperides-Packshot.png","type":"image\/png"}],"twitter_card":"summary_large_image","twitter_misc":{"Est. reading time":"1 minute"},"schema":{"@context":"https:\/\/schema.org","@graph":[{"@type":"WebPage","@id":"https:\/\/pierreguillaumeparis.com\/en\/perfume\/coffret-thematique-hesperides\/","url":"https:\/\/pierreguillaumeparis.com\/en\/perfume\/coffret-thematique-hesperides\/","name":"Hesp\u00e9rides Perfumes Box Set - Citrus and freshness","isPartOf":{"@id":"https:\/\/pierreguillaumeparis.com\/#website"},"primaryImageOfPage":{"@id":"https:\/\/pierreguillaumeparis.com\/en\/perfume\/coffret-thematique-hesperides\/#primaryimage"},"image":{"@id":"https:\/\/pierreguillaumeparis.com\/en\/perfume\/coffret-thematique-hesperides\/#primaryimage"},"thumbnailUrl":"https:\/\/pierreguillaumeparis.com\/app\/uploads\/2023\/05\/Pierre-Guillaume-Paris-Coffret-Thematique-Hesperides-Packshot.png","datePublished":"2023-05-12T11:18:15+00:00","dateModified":"2024-05-23T13:38:04+00:00","description":"Discover Hesp\u00e9rides, a selection of 15 Pierre Guillaume Paris perfumes in an elegant rigid box in a 2 ml Mini Vapo Spray (i.e. 30 ml of perfume).","breadcrumb":{"@id":"https:\/\/pierreguillaumeparis.com\/en\/perfume\/coffret-thematique-hesperides\/#breadcrumb"},"inLanguage":"en-US","potentialAction":[{"@type":"ReadAction","target":["https:\/\/pierreguillaumeparis.com\/en\/perfume\/coffret-thematique-hesperides\/"]}]},{"@type":"ImageObject","inLanguage":"en-US","@id":"https:\/\/pierreguillaumeparis.com\/en\/perfume\/coffret-thematique-hesperides\/#primaryimage","url":"https:\/\/pierreguillaumeparis.com\/app\/uploads\/2023\/05\/Pierre-Guillaume-Paris-Coffret-Thematique-Hesperides-Packshot.png","contentUrl":"https:\/\/pierreguillaumeparis.com\/app\/uploads\/2023\/05\/Pierre-Guillaume-Paris-Coffret-Thematique-Hesperides-Packshot.png","width":1200,"height":1200,"caption":"Thematic Perfumes Box Set Hesp\u00e9rides - Freshness - Fresh Fragrances - 15x2ml - 30 ml"},{"@type":"BreadcrumbList","@id":"https:\/\/pierreguillaumeparis.com\/en\/perfume\/coffret-thematique-hesperides\/#breadcrumb","itemListElement":[{"@type":"ListItem","position":1,"name":"Home","item":"https:\/\/pierreguillaumeparis.com\/en\/"},{"@type":"ListItem","position":2,"name":"Shop","item":"https:\/\/pierreguillaumeparis.com\/en\/shop-perfume\/"},{"@type":"ListItem","position":3,"name":"HESP\u00c9RIDES &#038; OMBRES V\u00c9G\u00c9TALES THEMATIC BOX SET"}]},{"@type":"WebSite","@id":"https:\/\/pierreguillaumeparis.com\/#website","url":"https:\/\/pierreguillaumeparis.com\/","name":"Pierre Guillaume Paris","description":"Maison de parfum ind\u00e9pendante","publisher":{"@id":"https:\/\/pierreguillaumeparis.com\/#organization"},"potentialAction":[{"@type":"SearchAction","target":{"@type":"EntryPoint","urlTemplate":"https:\/\/pierreguillaumeparis.com\/?s={search_term_string}"},"query-input":{"@type":"PropertyValueSpecification","valueRequired":true,"valueName":"search_term_string"}}],"inLanguage":"en-US"},{"@type":"Organization","@id":"https:\/\/pierreguillaumeparis.com\/#organization","name":"Pierre Guillaume Paris","url":"https:\/\/pierreguillaumeparis.com\/","logo":{"@type":"ImageObject","inLanguage":"en-US","@id":"https:\/\/pierreguillaumeparis.com\/#\/schema\/logo\/image\/","url":"https:\/\/pierreguillaumeparis.com\/app\/uploads\/2020\/03\/2000x2000.jpeg","contentUrl":"https:\/\/pierreguillaumeparis.com\/app\/uploads\/2020\/03\/2000x2000.jpeg","width":2000,"height":766,"caption":"Pierre Guillaume Paris"},"image":{"@id":"https:\/\/pierreguillaumeparis.com\/#\/schema\/logo\/image\/"},"sameAs":["https:\/\/www.facebook.com\/pierreguillaumeparis\/","https:\/\/www.instagram.com\/pierreguillaume_parfumeur\/"]}]}},"_links":{"self":[{"href":"https:\/\/pierreguillaumeparis.com\/en\/wp-json\/wp\/v2\/product\/19508","targetHints":{"allow":["GET"]}}],"collection":[{"href":"https:\/\/pierreguillaumeparis.com\/en\/wp-json\/wp\/v2\/product"}],"about":[{"href":"https:\/\/pierreguillaumeparis.com\/en\/wp-json\/wp\/v2\/types\/product"}],"version-history":[{"count":9,"href":"https:\/\/pierreguillaumeparis.com\/en\/wp-json\/wp\/v2\/product\/19508\/revisions"}],"predecessor-version":[{"id":24401,"href":"https:\/\/pierreguillaumeparis.com\/en\/wp-json\/wp\/v2\/product\/19508\/revisions\/24401"}],"wp:featuredmedia":[{"embeddable":true,"href":"https:\/\/pierreguillaumeparis.com\/en\/wp-json\/wp\/v2\/media\/19597"}],"wp:attachment":[{"href":"https:\/\/pierreguillaumeparis.com\/en\/wp-json\/wp\/v2\/media?parent=19508"}],"wp:term":[{"taxonomy":"product_brand","embeddable":true,"href":"https:\/\/pierreguillaumeparis.com\/en\/wp-json\/wp\/v2\/product_brand?post=19508"},{"taxonomy":"product_cat","embeddable":true,"href":"https:\/\/pierreguillaumeparis.com\/en\/wp-json\/wp\/v2\/product_cat?post=19508"},{"taxonomy":"product_tag","embeddable":true,"href":"https:\/\/pierreguillaumeparis.com\/en\/wp-json\/wp\/v2\/product_tag?post=19508"}],"curies":[{"name":"wp","href":"https:\/\/api.w.org\/{rel}","templated":true}]}}