{"id":29130,"date":"2025-09-15T12:44:39","date_gmt":"2025-09-15T10:44:39","guid":{"rendered":"https:\/\/pierreguillaumeparis.com\/perfume\/ipanema-lime-la-gachette-parfum-dinterieur-500ml\/"},"modified":"2025-09-15T15:38:09","modified_gmt":"2025-09-15T13:38:09","slug":"ipanema-lime-la-gachette-parfum-dinterieur-500ml","status":"publish","type":"product","link":"https:\/\/pierreguillaumeparis.com\/en\/perfume\/ipanema-lime-la-gachette-parfum-dinterieur-500ml\/","title":{"rendered":"IPANEMA LIME LA GACHETTE"},"content":{"rendered":"<h4><strong>IPANEMA LIME LA GACHETTE<br \/>\n<\/strong><\/h4>\n<h5><strong>Type: Fruity-Fresh \u2013 <\/strong><strong>Home Fragrance \u2013 500 ml (16.9 fl.oz.)<\/strong><\/h5>\n<p>Escape to the vibrant beaches of Rio with <strong>IPANEMA LIME<\/strong>, a bright and refreshing home fragrance by <strong>Pierre Guillaume Paris<\/strong>. The sparkling acidity of <strong>lime<\/strong> opens into a juicy heart of <strong>exotic fruits<\/strong>, melting into the mineral sensuality of <strong>salty amber<\/strong>. A luminous and breezy composition that evokes tropical cocktails, sun-warmed skin, and ocean air.<\/p>\n<p><strong>Challenge the atmosphere to a duel, aim for the sky and shoot.<\/strong><br \/>\nIn just a gesture of the index, <a href=\"https:\/\/pierreguillaumeparis.com\/en\/collection-parfum\/home-scents\/la-gachette-en\/\">LA GACHETTE<\/a> (the trigger) permeates the air with one of the seven fragrances: <strong>HIBISCUS, IPANEMA LIME, LEAF, PARISIAN PALACE, SA\u00cfGON, TA\u00cfGA, TONKA C\u00c8DRE<\/strong>.<br \/>\nLA GACHETTE is a Home Fragrance composed as an Eau de Parfum.\u00a0 Highly concentrated and formulated on a hydro-alcoholic base, it is recommended for impregnating all non-sensitive textiles, such as curtains, cushions, carpets or curtains. It is applied by spraying these supports at a distance of 20 cm, without soaking. It will create a fragrant atmosphere, the intensity of which you can adjust to your taste and in small doses. Do not apply on surfaces sensitive to alcohol or perfume, on varnished or lacquered surfaces, on wood or leather.<\/p>\n<p><em><a href=\"https:\/\/pierreguillaumeparis.com\/en\/facette-parfum\/citrus\/\">Lime<\/a>, <a href=\"https:\/\/pierreguillaumeparis.com\/en\/facette-parfum\/exotic-en\/\">Exotic Fruits<\/a>, <a href=\"https:\/\/pierreguillaumeparis.com\/en\/facette-parfum\/salty\/\">Salty Amber<\/a><\/em><\/p>\n<p><span style=\"text-decoration: underline; color: #ff0000;\"><strong>Delivery Worldwide delivery, except for the USA, due to local legislation.<\/strong><\/span><\/p>\n","protected":false},"excerpt":{"rendered":"<p>Lime, Exotic Fruits, Salty Amber<\/p>\n","protected":false},"featured_media":29116,"template":"","meta":{"_acf_changed":false,"footnotes":""},"product_brand":[],"product_cat":[393,235],"product_tag":[157,155,200,185,186,193,209],"class_list":{"0":"post-29130","1":"product","2":"type-product","3":"status-publish","4":"has-post-thumbnail","6":"product_cat-atmosphere-and-cars","7":"product_cat-home-scents","8":"product_tag-amber","9":"product_tag-citrus","10":"product_tag-exotic-en","11":"product_tag-fresh","12":"product_tag-fruity","13":"product_tag-joyfull","14":"product_tag-salty","15":"pa_contenance-500ml-en","17":"first","18":"instock","19":"taxable","20":"shipping-taxable","21":"purchasable","22":"product-type-variable"},"acf":[],"yoast_head":"<!-- This site is optimized with the Yoast SEO plugin v26.3 - https:\/\/yoast.com\/wordpress\/plugins\/seo\/ -->\n<title>Ipanema Lime Home Fragrance \u2013 Lime &amp; Salty Amber<\/title>\n<meta name=\"description\" content=\"Discover Ipanema Lime home fragrance by Pierre Guillaume Paris: lime, exotic fruits, and salty amber for a radiant, sun-kissed ambiance.\" \/>\n<meta name=\"robots\" content=\"index, follow, max-snippet:-1, max-image-preview:large, max-video-preview:-1\" \/>\n<link rel=\"canonical\" href=\"https:\/\/pierreguillaumeparis.com\/en\/perfume\/ipanema-lime-la-gachette-parfum-dinterieur-500ml\/\" \/>\n<meta property=\"og:locale\" content=\"en_US\" \/>\n<meta property=\"og:type\" content=\"article\" \/>\n<meta property=\"og:title\" content=\"Ipanema Lime Home Fragrance \u2013 Lime &amp; Salty Amber\" \/>\n<meta property=\"og:description\" content=\"Discover Ipanema Lime home fragrance by Pierre Guillaume Paris: lime, exotic fruits, and salty amber for a radiant, sun-kissed ambiance.\" \/>\n<meta property=\"og:url\" content=\"https:\/\/pierreguillaumeparis.com\/en\/perfume\/ipanema-lime-la-gachette-parfum-dinterieur-500ml\/\" \/>\n<meta property=\"og:site_name\" content=\"Pierre Guillaume Paris\" \/>\n<meta property=\"article:publisher\" content=\"https:\/\/www.facebook.com\/pierreguillaumeparis\/\" \/>\n<meta property=\"article:modified_time\" content=\"2025-09-15T13:38:09+00:00\" \/>\n<meta property=\"og:image\" content=\"https:\/\/pierreguillaumeparis.com\/app\/uploads\/2025\/09\/Pierre-Guillaume-Paris-Gachette-Ipanema-Lime-500ml.png\" \/>\n\t<meta property=\"og:image:width\" content=\"1200\" \/>\n\t<meta property=\"og:image:height\" content=\"1200\" \/>\n\t<meta property=\"og:image:type\" content=\"image\/png\" \/>\n<meta name=\"twitter:card\" content=\"summary_large_image\" \/>\n<meta name=\"twitter:label1\" content=\"Est. reading time\" \/>\n\t<meta name=\"twitter:data1\" content=\"2 minutes\" \/>\n<script type=\"application\/ld+json\" class=\"yoast-schema-graph\">{\"@context\":\"https:\/\/schema.org\",\"@graph\":[{\"@type\":\"WebPage\",\"@id\":\"https:\/\/pierreguillaumeparis.com\/en\/perfume\/ipanema-lime-la-gachette-parfum-dinterieur-500ml\/\",\"url\":\"https:\/\/pierreguillaumeparis.com\/en\/perfume\/ipanema-lime-la-gachette-parfum-dinterieur-500ml\/\",\"name\":\"Ipanema Lime Home Fragrance \u2013 Lime & Salty Amber\",\"isPartOf\":{\"@id\":\"https:\/\/pierreguillaumeparis.com\/#website\"},\"primaryImageOfPage\":{\"@id\":\"https:\/\/pierreguillaumeparis.com\/en\/perfume\/ipanema-lime-la-gachette-parfum-dinterieur-500ml\/#primaryimage\"},\"image\":{\"@id\":\"https:\/\/pierreguillaumeparis.com\/en\/perfume\/ipanema-lime-la-gachette-parfum-dinterieur-500ml\/#primaryimage\"},\"thumbnailUrl\":\"https:\/\/pierreguillaumeparis.com\/app\/uploads\/2025\/09\/Pierre-Guillaume-Paris-Gachette-Ipanema-Lime-500ml.png\",\"datePublished\":\"2025-09-15T10:44:39+00:00\",\"dateModified\":\"2025-09-15T13:38:09+00:00\",\"description\":\"Discover Ipanema Lime home fragrance by Pierre Guillaume Paris: lime, exotic fruits, and salty amber for a radiant, sun-kissed ambiance.\",\"breadcrumb\":{\"@id\":\"https:\/\/pierreguillaumeparis.com\/en\/perfume\/ipanema-lime-la-gachette-parfum-dinterieur-500ml\/#breadcrumb\"},\"inLanguage\":\"en-US\",\"potentialAction\":[{\"@type\":\"ReadAction\",\"target\":[\"https:\/\/pierreguillaumeparis.com\/en\/perfume\/ipanema-lime-la-gachette-parfum-dinterieur-500ml\/\"]}]},{\"@type\":\"ImageObject\",\"inLanguage\":\"en-US\",\"@id\":\"https:\/\/pierreguillaumeparis.com\/en\/perfume\/ipanema-lime-la-gachette-parfum-dinterieur-500ml\/#primaryimage\",\"url\":\"https:\/\/pierreguillaumeparis.com\/app\/uploads\/2025\/09\/Pierre-Guillaume-Paris-Gachette-Ipanema-Lime-500ml.png\",\"contentUrl\":\"https:\/\/pierreguillaumeparis.com\/app\/uploads\/2025\/09\/Pierre-Guillaume-Paris-Gachette-Ipanema-Lime-500ml.png\",\"width\":1200,\"height\":1200,\"caption\":\"Discover Ipanema Lime home fragrance 500ml by Pierre Guillaume Paris: lime, exotic fruits, and salty amber for a radiant, sun-kissed ambiance.\"},{\"@type\":\"BreadcrumbList\",\"@id\":\"https:\/\/pierreguillaumeparis.com\/en\/perfume\/ipanema-lime-la-gachette-parfum-dinterieur-500ml\/#breadcrumb\",\"itemListElement\":[{\"@type\":\"ListItem\",\"position\":1,\"name\":\"Home\",\"item\":\"https:\/\/pierreguillaumeparis.com\/en\/\"},{\"@type\":\"ListItem\",\"position\":2,\"name\":\"Shop\",\"item\":\"https:\/\/pierreguillaumeparis.com\/en\/shop-perfume\/\"},{\"@type\":\"ListItem\",\"position\":3,\"name\":\"IPANEMA LIME LA GACHETTE\"}]},{\"@type\":\"WebSite\",\"@id\":\"https:\/\/pierreguillaumeparis.com\/#website\",\"url\":\"https:\/\/pierreguillaumeparis.com\/\",\"name\":\"Pierre Guillaume Paris\",\"description\":\"Maison de parfum ind\u00e9pendante\",\"publisher\":{\"@id\":\"https:\/\/pierreguillaumeparis.com\/#organization\"},\"potentialAction\":[{\"@type\":\"SearchAction\",\"target\":{\"@type\":\"EntryPoint\",\"urlTemplate\":\"https:\/\/pierreguillaumeparis.com\/?s={search_term_string}\"},\"query-input\":{\"@type\":\"PropertyValueSpecification\",\"valueRequired\":true,\"valueName\":\"search_term_string\"}}],\"inLanguage\":\"en-US\"},{\"@type\":\"Organization\",\"@id\":\"https:\/\/pierreguillaumeparis.com\/#organization\",\"name\":\"Pierre Guillaume Paris\",\"url\":\"https:\/\/pierreguillaumeparis.com\/\",\"logo\":{\"@type\":\"ImageObject\",\"inLanguage\":\"en-US\",\"@id\":\"https:\/\/pierreguillaumeparis.com\/#\/schema\/logo\/image\/\",\"url\":\"https:\/\/pierreguillaumeparis.com\/app\/uploads\/2020\/03\/2000x2000.jpeg\",\"contentUrl\":\"https:\/\/pierreguillaumeparis.com\/app\/uploads\/2020\/03\/2000x2000.jpeg\",\"width\":2000,\"height\":766,\"caption\":\"Pierre Guillaume Paris\"},\"image\":{\"@id\":\"https:\/\/pierreguillaumeparis.com\/#\/schema\/logo\/image\/\"},\"sameAs\":[\"https:\/\/www.facebook.com\/pierreguillaumeparis\/\",\"https:\/\/www.instagram.com\/pierreguillaume_parfumeur\/\"]}]}<\/script>\n<!-- \/ Yoast SEO plugin. -->","yoast_head_json":{"title":"Ipanema Lime Home Fragrance \u2013 Lime & Salty Amber","description":"Discover Ipanema Lime home fragrance by Pierre Guillaume Paris: lime, exotic fruits, and salty amber for a radiant, sun-kissed ambiance.","robots":{"index":"index","follow":"follow","max-snippet":"max-snippet:-1","max-image-preview":"max-image-preview:large","max-video-preview":"max-video-preview:-1"},"canonical":"https:\/\/pierreguillaumeparis.com\/en\/perfume\/ipanema-lime-la-gachette-parfum-dinterieur-500ml\/","og_locale":"en_US","og_type":"article","og_title":"Ipanema Lime Home Fragrance \u2013 Lime & Salty Amber","og_description":"Discover Ipanema Lime home fragrance by Pierre Guillaume Paris: lime, exotic fruits, and salty amber for a radiant, sun-kissed ambiance.","og_url":"https:\/\/pierreguillaumeparis.com\/en\/perfume\/ipanema-lime-la-gachette-parfum-dinterieur-500ml\/","og_site_name":"Pierre Guillaume Paris","article_publisher":"https:\/\/www.facebook.com\/pierreguillaumeparis\/","article_modified_time":"2025-09-15T13:38:09+00:00","og_image":[{"width":1200,"height":1200,"url":"https:\/\/pierreguillaumeparis.com\/app\/uploads\/2025\/09\/Pierre-Guillaume-Paris-Gachette-Ipanema-Lime-500ml.png","type":"image\/png"}],"twitter_card":"summary_large_image","twitter_misc":{"Est. reading time":"2 minutes"},"schema":{"@context":"https:\/\/schema.org","@graph":[{"@type":"WebPage","@id":"https:\/\/pierreguillaumeparis.com\/en\/perfume\/ipanema-lime-la-gachette-parfum-dinterieur-500ml\/","url":"https:\/\/pierreguillaumeparis.com\/en\/perfume\/ipanema-lime-la-gachette-parfum-dinterieur-500ml\/","name":"Ipanema Lime Home Fragrance \u2013 Lime & Salty Amber","isPartOf":{"@id":"https:\/\/pierreguillaumeparis.com\/#website"},"primaryImageOfPage":{"@id":"https:\/\/pierreguillaumeparis.com\/en\/perfume\/ipanema-lime-la-gachette-parfum-dinterieur-500ml\/#primaryimage"},"image":{"@id":"https:\/\/pierreguillaumeparis.com\/en\/perfume\/ipanema-lime-la-gachette-parfum-dinterieur-500ml\/#primaryimage"},"thumbnailUrl":"https:\/\/pierreguillaumeparis.com\/app\/uploads\/2025\/09\/Pierre-Guillaume-Paris-Gachette-Ipanema-Lime-500ml.png","datePublished":"2025-09-15T10:44:39+00:00","dateModified":"2025-09-15T13:38:09+00:00","description":"Discover Ipanema Lime home fragrance by Pierre Guillaume Paris: lime, exotic fruits, and salty amber for a radiant, sun-kissed ambiance.","breadcrumb":{"@id":"https:\/\/pierreguillaumeparis.com\/en\/perfume\/ipanema-lime-la-gachette-parfum-dinterieur-500ml\/#breadcrumb"},"inLanguage":"en-US","potentialAction":[{"@type":"ReadAction","target":["https:\/\/pierreguillaumeparis.com\/en\/perfume\/ipanema-lime-la-gachette-parfum-dinterieur-500ml\/"]}]},{"@type":"ImageObject","inLanguage":"en-US","@id":"https:\/\/pierreguillaumeparis.com\/en\/perfume\/ipanema-lime-la-gachette-parfum-dinterieur-500ml\/#primaryimage","url":"https:\/\/pierreguillaumeparis.com\/app\/uploads\/2025\/09\/Pierre-Guillaume-Paris-Gachette-Ipanema-Lime-500ml.png","contentUrl":"https:\/\/pierreguillaumeparis.com\/app\/uploads\/2025\/09\/Pierre-Guillaume-Paris-Gachette-Ipanema-Lime-500ml.png","width":1200,"height":1200,"caption":"Discover Ipanema Lime home fragrance 500ml by Pierre Guillaume Paris: lime, exotic fruits, and salty amber for a radiant, sun-kissed ambiance."},{"@type":"BreadcrumbList","@id":"https:\/\/pierreguillaumeparis.com\/en\/perfume\/ipanema-lime-la-gachette-parfum-dinterieur-500ml\/#breadcrumb","itemListElement":[{"@type":"ListItem","position":1,"name":"Home","item":"https:\/\/pierreguillaumeparis.com\/en\/"},{"@type":"ListItem","position":2,"name":"Shop","item":"https:\/\/pierreguillaumeparis.com\/en\/shop-perfume\/"},{"@type":"ListItem","position":3,"name":"IPANEMA LIME LA GACHETTE"}]},{"@type":"WebSite","@id":"https:\/\/pierreguillaumeparis.com\/#website","url":"https:\/\/pierreguillaumeparis.com\/","name":"Pierre Guillaume Paris","description":"Maison de parfum ind\u00e9pendante","publisher":{"@id":"https:\/\/pierreguillaumeparis.com\/#organization"},"potentialAction":[{"@type":"SearchAction","target":{"@type":"EntryPoint","urlTemplate":"https:\/\/pierreguillaumeparis.com\/?s={search_term_string}"},"query-input":{"@type":"PropertyValueSpecification","valueRequired":true,"valueName":"search_term_string"}}],"inLanguage":"en-US"},{"@type":"Organization","@id":"https:\/\/pierreguillaumeparis.com\/#organization","name":"Pierre Guillaume Paris","url":"https:\/\/pierreguillaumeparis.com\/","logo":{"@type":"ImageObject","inLanguage":"en-US","@id":"https:\/\/pierreguillaumeparis.com\/#\/schema\/logo\/image\/","url":"https:\/\/pierreguillaumeparis.com\/app\/uploads\/2020\/03\/2000x2000.jpeg","contentUrl":"https:\/\/pierreguillaumeparis.com\/app\/uploads\/2020\/03\/2000x2000.jpeg","width":2000,"height":766,"caption":"Pierre Guillaume Paris"},"image":{"@id":"https:\/\/pierreguillaumeparis.com\/#\/schema\/logo\/image\/"},"sameAs":["https:\/\/www.facebook.com\/pierreguillaumeparis\/","https:\/\/www.instagram.com\/pierreguillaume_parfumeur\/"]}]}},"_links":{"self":[{"href":"https:\/\/pierreguillaumeparis.com\/en\/wp-json\/wp\/v2\/product\/29130","targetHints":{"allow":["GET"]}}],"collection":[{"href":"https:\/\/pierreguillaumeparis.com\/en\/wp-json\/wp\/v2\/product"}],"about":[{"href":"https:\/\/pierreguillaumeparis.com\/en\/wp-json\/wp\/v2\/types\/product"}],"version-history":[{"count":5,"href":"https:\/\/pierreguillaumeparis.com\/en\/wp-json\/wp\/v2\/product\/29130\/revisions"}],"predecessor-version":[{"id":29136,"href":"https:\/\/pierreguillaumeparis.com\/en\/wp-json\/wp\/v2\/product\/29130\/revisions\/29136"}],"wp:featuredmedia":[{"embeddable":true,"href":"https:\/\/pierreguillaumeparis.com\/en\/wp-json\/wp\/v2\/media\/29116"}],"wp:attachment":[{"href":"https:\/\/pierreguillaumeparis.com\/en\/wp-json\/wp\/v2\/media?parent=29130"}],"wp:term":[{"taxonomy":"product_brand","embeddable":true,"href":"https:\/\/pierreguillaumeparis.com\/en\/wp-json\/wp\/v2\/product_brand?post=29130"},{"taxonomy":"product_cat","embeddable":true,"href":"https:\/\/pierreguillaumeparis.com\/en\/wp-json\/wp\/v2\/product_cat?post=29130"},{"taxonomy":"product_tag","embeddable":true,"href":"https:\/\/pierreguillaumeparis.com\/en\/wp-json\/wp\/v2\/product_tag?post=29130"}],"curies":[{"name":"wp","href":"https:\/\/api.w.org\/{rel}","templated":true}]}}