{"id":30973,"date":"2025-12-02T13:38:39","date_gmt":"2025-12-02T12:38:39","guid":{"rendered":"https:\/\/pierreguillaumeparis.com\/perfume\/pochette-cadeaux-trio-neroli-ad-astra\/"},"modified":"2025-12-03T10:44:37","modified_gmt":"2025-12-03T09:44:37","slug":"pochette-cadeaux-trio-neroli-ad-astra","status":"publish","type":"product","link":"https:\/\/pierreguillaumeparis.com\/en\/perfume\/pochette-cadeaux-trio-neroli-ad-astra\/","title":{"rendered":"GIFT BAG \u2013 N\u00c9ROLI AD ASTRA"},"content":{"rendered":"<h4><strong>GIFT BAG \u2013 N\u00c9ROLI AD ASTRA<\/strong><\/h4>\n<h5><strong>A 30ml Eau de Parfum, 250ml Cleansing Gel and 250ml Hands and Body Lotion<\/strong><\/h5>\n<p>Give the gift of a Fresh, luminous and airy Floral Vegetable fragrance, whose notes of Neroli and Agave Flower seem to have been harvested in a heavenly garden. This exceptional gift set combines <strong>Eau de Parfum<\/strong>, <strong>Cleansing Gel<\/strong> and <strong>Silky Lotion<\/strong> for <strong>a gentle, precise and supple daily fragrance routine<\/strong>.<\/p>\n<h5><strong>Contents of the Gift Bag (Dimensions: 225 x 167 x 186 mm):<\/strong><\/h5>\n<p>&nbsp;<\/p>\n<h4><strong>N\u00c9ROLI AD ASTRA 19.1, <\/strong><strong>towards the stars\u2026<\/strong><\/h4>\n<h5><strong>Eau de Parfum 30ml &#8211; NUMBERED Collection<\/strong><\/h5>\n<p>Fresh Green Floral<\/p>\n<p>&nbsp;<\/p>\n<div class=\"wpb_text_column wpb_content_element vc_custom_1682676636736\">\n<div class=\"wpb_wrapper\">\n<div class=\"wpb_text_column wpb_content_element vc_custom_1580722127884\">\n<div class=\"wpb_wrapper\">\n<h6><strong>THE INSPIRATION<\/strong><\/h6>\n<p>Nine years after the creation of <a href=\"https:\/\/pierreguillaumeparis.com\/en\/perfume\/louanges-profanes\/\"><em>\u201cLouanges Profanes 19\u201d<\/em><\/a>, Pierre GUILLAUME takes up the orange blossom theme in a new fresh and musky interpretation.<\/p>\n<h6><strong>THE PERFUME<\/strong><\/h6>\n<p>Flamboyant and precise, <em>Neroli ad astra 19.1<\/em> is a luminous, airy white floral in which Moroccan neroli and Mexican agave flower seem to have been harvested in the azure fields of a celestial garden.<\/p>\n<h6><strong>THE NAME<\/strong><\/h6>\n<p><em>Ad astra<\/em> (Latin expression) : towards the stars\u2026<\/p>\n<p><em>Neroli, Agave flower, Pear, Mandarin, Jasmine, Geranium, Musk<\/em><\/p>\n<p>&nbsp;<\/p>\n<hr \/>\n<p>&nbsp;<\/p>\n<\/div>\n<\/div>\n<\/div>\n<\/div>\n<h4 class=\"product_title entry-title\"><strong>NEROLI AD ASTRA CLEANSING HANDS &amp; BODY GEL<\/strong><\/h4>\n<h5><strong>Cleansing Hands &amp; Body Gel Neroli Ad Astra (3%) \u2013 250ml<\/strong><\/h5>\n<p>&nbsp;<\/p>\n<p><em>Focused on the essentials, the <strong>Neroli Ad Astra hands<\/strong> and body Gel will make the shower a moment of happiness in the tonic, vegetal and modern volutes of your favorite perfume.<\/em><\/p>\n<p><strong>A highly scented formula (3%)<\/strong> and based on a cocktail of cleansing agents of <strong>natural or renewable origin<\/strong> including sodium cocoyl glutamate: this very mild surfactant is derived from the fatty acids of coconut oil and glutamate, an acid amine most abundant in the structural protein (collagen) of human skin, allows a gentle wash of the face, hair and body or just hands.<\/p>\n<p>We promise, you will love it!<\/p>\n<p><strong>SLS FREE \u2013 PARABEN FREE<\/strong><\/p>\n<p><em><a href=\"https:\/\/pierreguillaumeparis.com\/en\/facette-parfum\/orange-blossom\/\">Neroli<\/a>, <a href=\"https:\/\/pierreguillaumeparis.com\/en\/facette-parfum\/floral-en-2\/\">Agave Flower<\/a>, <a href=\"https:\/\/pierreguillaumeparis.com\/en\/facette-parfum\/soft\/\">Pear<\/a><\/em><\/p>\n<p>&nbsp;<\/p>\n<div class=\"wpb_text_column wpb_content_element vc_custom_1682676636736\">\n<div class=\"wpb_wrapper\">\n<div class=\"wpb_text_column wpb_content_element vc_custom_1580722127884\">\n<div class=\"wpb_wrapper\">\n<hr \/>\n<p>&nbsp;<\/p>\n<\/div>\n<\/div>\n<\/div>\n<\/div>\n<h4 class=\"product_title entry-title\"><strong>NEROLI AD ASTRA HANDS AND BODY LOTION<\/strong><\/h4>\n<h5><strong>Hands &amp; Body lotion Neroli Ad Astra (3%) \u2013 250ml<\/strong><\/h5>\n<p>&nbsp;<\/p>\n<p><em>A gesture of perfume and daily care: a silky and generously scented emulsion (up to 3% perfume).<\/em><\/p>\n<p>Formulated from a <strong>vegetable triglyceride<\/strong> (renewable), and <strong>an emollient<\/strong>, with <strong>regenerating properties<\/strong> of the epidermis, <strong>vegetable oil<\/strong> and <strong>vitamin E<\/strong>, our emulsion <strong>penetrates quickly<\/strong>, is <strong>non-greasy<\/strong>, <strong>scents intensely<\/strong> and restores <strong>suppleness<\/strong> and <strong>comfort<\/strong> to the skin.<\/p>\n<ul>\n<li><strong>Over 90% natural ingredients<\/strong><\/li>\n<li><strong>Highly fragrant for added pleasure<\/strong><\/li>\n<li><strong>Non-greasy, fast-penetrating formula for easy, practical everyday use.<\/strong><\/li>\n<\/ul>\n<p><strong>SLS FREE \u2013 PARABEN FREE<\/strong><\/p>\n<p><em><a href=\"https:\/\/pierreguillaumeparis.com\/en\/facette-parfum\/orange-blossom\/\">Neroli<\/a>, <a href=\"https:\/\/pierreguillaumeparis.com\/en\/facette-parfum\/floral-en-2\/\">Agave Flower<\/a>, <a href=\"https:\/\/pierreguillaumeparis.com\/en\/facette-parfum\/soft\/\">Pear<\/a><\/em><\/p>\n<p>&nbsp;<\/p>\n","protected":false},"excerpt":{"rendered":"<p>PIERRE GUILLAUME PARIS invites you to discover N\u00e9roli Ad Astra, an eau de parfum and its variations in <a href=\"https:\/\/pierreguillaumeparis.com\/en\/perfume\/gel-lavant-neroli-ad-astra-500ml\/\">Cleansing Hands and Body Gel<\/a>, scented with N\u00e9roli Ad Astra (3%), and in <a href=\"https:\/\/pierreguillaumeparis.com\/en\/perfume\/emulsion-parfumee-neroli-ad-astra-500ml\/\">N\u00e9roli Ad Astra Hands &amp; Body Fragrance Lotion<\/a> (3%).<\/p>\n<p>Neroli, Agave flower, Pear, Mandarin, Jasmine, Geranium, Musk<\/p>\n","protected":false},"featured_media":30843,"template":"","meta":{"_acf_changed":false,"footnotes":""},"product_brand":[],"product_cat":[227,42],"product_tag":[164,155,203,171,173,190,181,185,217,193,196,179,205,174,182],"class_list":{"0":"post-30973","1":"product","2":"type-product","3":"status-publish","4":"has-post-thumbnail","6":"product_cat-gift-boxes","7":"product_cat-perfumes-en","8":"product_tag-casual-en","9":"product_tag-citrus","10":"product_tag-clean","11":"product_tag-delicate","12":"product_tag-discreet","13":"product_tag-dressy","14":"product_tag-floral-en-2","15":"product_tag-fresh","16":"product_tag-green","17":"product_tag-joyfull","18":"product_tag-lightly","19":"product_tag-orange-blossom","20":"product_tag-romantic","21":"product_tag-soft","22":"product_tag-white-floral","23":"pa_contenance-250ml-en","24":"pa_contenance-30ml-en","26":"first","27":"instock","28":"taxable","29":"shipping-taxable","30":"purchasable","31":"product-type-simple"},"acf":[],"yoast_head":"<!-- This site is optimized with the Yoast SEO plugin v26.3 - https:\/\/yoast.com\/wordpress\/plugins\/seo\/ -->\n<title>Gift Bag Trio N\u00c9ROLI AD ASTRA, Fresh Green Floral<\/title>\n<meta name=\"description\" content=\"Gift Bag Trio N\u00c9ROLI AD ASTRA : Eau de Parfum, Cleansing Gel and Lotion, a luminous Neroli\/Agave Flower ritual by Pierre Guillaume Paris.\" \/>\n<meta name=\"robots\" content=\"index, follow, max-snippet:-1, max-image-preview:large, max-video-preview:-1\" \/>\n<link rel=\"canonical\" href=\"https:\/\/pierreguillaumeparis.com\/en\/perfume\/pochette-cadeaux-trio-neroli-ad-astra\/\" \/>\n<meta property=\"og:locale\" content=\"en_US\" \/>\n<meta property=\"og:type\" content=\"article\" \/>\n<meta property=\"og:title\" content=\"Gift Bag Trio N\u00c9ROLI AD ASTRA, Fresh Green Floral\" \/>\n<meta property=\"og:description\" content=\"Gift Bag Trio N\u00c9ROLI AD ASTRA : Eau de Parfum, Cleansing Gel and Lotion, a luminous Neroli\/Agave Flower ritual by Pierre Guillaume Paris.\" \/>\n<meta property=\"og:url\" content=\"https:\/\/pierreguillaumeparis.com\/en\/perfume\/pochette-cadeaux-trio-neroli-ad-astra\/\" \/>\n<meta property=\"og:site_name\" content=\"Pierre Guillaume Paris\" \/>\n<meta property=\"article:publisher\" content=\"https:\/\/www.facebook.com\/pierreguillaumeparis\/\" \/>\n<meta property=\"article:modified_time\" content=\"2025-12-03T09:44:37+00:00\" \/>\n<meta property=\"og:image\" content=\"https:\/\/pierreguillaumeparis.com\/app\/uploads\/2025\/12\/Berlingot-1200-det.png\" \/>\n\t<meta property=\"og:image:width\" content=\"1200\" \/>\n\t<meta property=\"og:image:height\" content=\"1200\" \/>\n\t<meta property=\"og:image:type\" content=\"image\/png\" \/>\n<meta name=\"twitter:card\" content=\"summary_large_image\" \/>\n<meta name=\"twitter:label1\" content=\"Est. reading time\" \/>\n\t<meta name=\"twitter:data1\" content=\"3 minutes\" \/>\n<script type=\"application\/ld+json\" class=\"yoast-schema-graph\">{\"@context\":\"https:\/\/schema.org\",\"@graph\":[{\"@type\":\"WebPage\",\"@id\":\"https:\/\/pierreguillaumeparis.com\/en\/perfume\/pochette-cadeaux-trio-neroli-ad-astra\/\",\"url\":\"https:\/\/pierreguillaumeparis.com\/en\/perfume\/pochette-cadeaux-trio-neroli-ad-astra\/\",\"name\":\"Gift Bag Trio N\u00c9ROLI AD ASTRA, Fresh Green Floral\",\"isPartOf\":{\"@id\":\"https:\/\/pierreguillaumeparis.com\/#website\"},\"primaryImageOfPage\":{\"@id\":\"https:\/\/pierreguillaumeparis.com\/en\/perfume\/pochette-cadeaux-trio-neroli-ad-astra\/#primaryimage\"},\"image\":{\"@id\":\"https:\/\/pierreguillaumeparis.com\/en\/perfume\/pochette-cadeaux-trio-neroli-ad-astra\/#primaryimage\"},\"thumbnailUrl\":\"https:\/\/pierreguillaumeparis.com\/app\/uploads\/2025\/12\/Berlingot-1200-det.png\",\"datePublished\":\"2025-12-02T12:38:39+00:00\",\"dateModified\":\"2025-12-03T09:44:37+00:00\",\"description\":\"Gift Bag Trio N\u00c9ROLI AD ASTRA : Eau de Parfum, Cleansing Gel and Lotion, a luminous Neroli\/Agave Flower ritual by Pierre Guillaume Paris.\",\"breadcrumb\":{\"@id\":\"https:\/\/pierreguillaumeparis.com\/en\/perfume\/pochette-cadeaux-trio-neroli-ad-astra\/#breadcrumb\"},\"inLanguage\":\"en-US\",\"potentialAction\":[{\"@type\":\"ReadAction\",\"target\":[\"https:\/\/pierreguillaumeparis.com\/en\/perfume\/pochette-cadeaux-trio-neroli-ad-astra\/\"]}]},{\"@type\":\"ImageObject\",\"inLanguage\":\"en-US\",\"@id\":\"https:\/\/pierreguillaumeparis.com\/en\/perfume\/pochette-cadeaux-trio-neroli-ad-astra\/#primaryimage\",\"url\":\"https:\/\/pierreguillaumeparis.com\/app\/uploads\/2025\/12\/Berlingot-1200-det.png\",\"contentUrl\":\"https:\/\/pierreguillaumeparis.com\/app\/uploads\/2025\/12\/Berlingot-1200-det.png\",\"width\":1200,\"height\":1200,\"caption\":\"Notre S\u00e9lection de Pochettes Cadeaux : Le Rituel de Soin Complet Chaque pochette cadeau PIERRE GUILLAUME PARIS est une invitation \u00e0 un voyage sensoriel unique, proposant une Eau de Parfum (30ml) accompagn\u00e9e de son rituel de soin assorti (Gel Lavant et\/ou \u00c9mulsion Parfum\u00e9e). Offrez plus qu\u2019un parfum : offrez une histoire, une \u00e9motion qui se d\u00e9ploie de la douche \u00e0 l\u2019ultime vaporisation. Each PIERRE GUILLAUME PARIS gift pouch is an invitation to a unique sensory journey, offering an Eau de Parfum (30ml) accompanied by its matching skincare ritual (Cleansing Gel and\/or Perfumed Emulsion).\"},{\"@type\":\"BreadcrumbList\",\"@id\":\"https:\/\/pierreguillaumeparis.com\/en\/perfume\/pochette-cadeaux-trio-neroli-ad-astra\/#breadcrumb\",\"itemListElement\":[{\"@type\":\"ListItem\",\"position\":1,\"name\":\"Home\",\"item\":\"https:\/\/pierreguillaumeparis.com\/en\/\"},{\"@type\":\"ListItem\",\"position\":2,\"name\":\"Shop\",\"item\":\"https:\/\/pierreguillaumeparis.com\/en\/shop-perfume\/\"},{\"@type\":\"ListItem\",\"position\":3,\"name\":\"GIFT BAG \u2013 N\u00c9ROLI AD ASTRA\"}]},{\"@type\":\"WebSite\",\"@id\":\"https:\/\/pierreguillaumeparis.com\/#website\",\"url\":\"https:\/\/pierreguillaumeparis.com\/\",\"name\":\"Pierre Guillaume Paris\",\"description\":\"Maison de parfum ind\u00e9pendante\",\"publisher\":{\"@id\":\"https:\/\/pierreguillaumeparis.com\/#organization\"},\"potentialAction\":[{\"@type\":\"SearchAction\",\"target\":{\"@type\":\"EntryPoint\",\"urlTemplate\":\"https:\/\/pierreguillaumeparis.com\/?s={search_term_string}\"},\"query-input\":{\"@type\":\"PropertyValueSpecification\",\"valueRequired\":true,\"valueName\":\"search_term_string\"}}],\"inLanguage\":\"en-US\"},{\"@type\":\"Organization\",\"@id\":\"https:\/\/pierreguillaumeparis.com\/#organization\",\"name\":\"Pierre Guillaume Paris\",\"url\":\"https:\/\/pierreguillaumeparis.com\/\",\"logo\":{\"@type\":\"ImageObject\",\"inLanguage\":\"en-US\",\"@id\":\"https:\/\/pierreguillaumeparis.com\/#\/schema\/logo\/image\/\",\"url\":\"https:\/\/pierreguillaumeparis.com\/app\/uploads\/2020\/03\/2000x2000.jpeg\",\"contentUrl\":\"https:\/\/pierreguillaumeparis.com\/app\/uploads\/2020\/03\/2000x2000.jpeg\",\"width\":2000,\"height\":766,\"caption\":\"Pierre Guillaume Paris\"},\"image\":{\"@id\":\"https:\/\/pierreguillaumeparis.com\/#\/schema\/logo\/image\/\"},\"sameAs\":[\"https:\/\/www.facebook.com\/pierreguillaumeparis\/\",\"https:\/\/www.instagram.com\/pierreguillaume_parfumeur\/\"]}]}<\/script>\n<!-- \/ Yoast SEO plugin. -->","yoast_head_json":{"title":"Gift Bag Trio N\u00c9ROLI AD ASTRA, Fresh Green Floral","description":"Gift Bag Trio N\u00c9ROLI AD ASTRA : Eau de Parfum, Cleansing Gel and Lotion, a luminous Neroli\/Agave Flower ritual by Pierre Guillaume Paris.","robots":{"index":"index","follow":"follow","max-snippet":"max-snippet:-1","max-image-preview":"max-image-preview:large","max-video-preview":"max-video-preview:-1"},"canonical":"https:\/\/pierreguillaumeparis.com\/en\/perfume\/pochette-cadeaux-trio-neroli-ad-astra\/","og_locale":"en_US","og_type":"article","og_title":"Gift Bag Trio N\u00c9ROLI AD ASTRA, Fresh Green Floral","og_description":"Gift Bag Trio N\u00c9ROLI AD ASTRA : Eau de Parfum, Cleansing Gel and Lotion, a luminous Neroli\/Agave Flower ritual by Pierre Guillaume Paris.","og_url":"https:\/\/pierreguillaumeparis.com\/en\/perfume\/pochette-cadeaux-trio-neroli-ad-astra\/","og_site_name":"Pierre Guillaume Paris","article_publisher":"https:\/\/www.facebook.com\/pierreguillaumeparis\/","article_modified_time":"2025-12-03T09:44:37+00:00","og_image":[{"width":1200,"height":1200,"url":"https:\/\/pierreguillaumeparis.com\/app\/uploads\/2025\/12\/Berlingot-1200-det.png","type":"image\/png"}],"twitter_card":"summary_large_image","twitter_misc":{"Est. reading time":"3 minutes"},"schema":{"@context":"https:\/\/schema.org","@graph":[{"@type":"WebPage","@id":"https:\/\/pierreguillaumeparis.com\/en\/perfume\/pochette-cadeaux-trio-neroli-ad-astra\/","url":"https:\/\/pierreguillaumeparis.com\/en\/perfume\/pochette-cadeaux-trio-neroli-ad-astra\/","name":"Gift Bag Trio N\u00c9ROLI AD ASTRA, Fresh Green Floral","isPartOf":{"@id":"https:\/\/pierreguillaumeparis.com\/#website"},"primaryImageOfPage":{"@id":"https:\/\/pierreguillaumeparis.com\/en\/perfume\/pochette-cadeaux-trio-neroli-ad-astra\/#primaryimage"},"image":{"@id":"https:\/\/pierreguillaumeparis.com\/en\/perfume\/pochette-cadeaux-trio-neroli-ad-astra\/#primaryimage"},"thumbnailUrl":"https:\/\/pierreguillaumeparis.com\/app\/uploads\/2025\/12\/Berlingot-1200-det.png","datePublished":"2025-12-02T12:38:39+00:00","dateModified":"2025-12-03T09:44:37+00:00","description":"Gift Bag Trio N\u00c9ROLI AD ASTRA : Eau de Parfum, Cleansing Gel and Lotion, a luminous Neroli\/Agave Flower ritual by Pierre Guillaume Paris.","breadcrumb":{"@id":"https:\/\/pierreguillaumeparis.com\/en\/perfume\/pochette-cadeaux-trio-neroli-ad-astra\/#breadcrumb"},"inLanguage":"en-US","potentialAction":[{"@type":"ReadAction","target":["https:\/\/pierreguillaumeparis.com\/en\/perfume\/pochette-cadeaux-trio-neroli-ad-astra\/"]}]},{"@type":"ImageObject","inLanguage":"en-US","@id":"https:\/\/pierreguillaumeparis.com\/en\/perfume\/pochette-cadeaux-trio-neroli-ad-astra\/#primaryimage","url":"https:\/\/pierreguillaumeparis.com\/app\/uploads\/2025\/12\/Berlingot-1200-det.png","contentUrl":"https:\/\/pierreguillaumeparis.com\/app\/uploads\/2025\/12\/Berlingot-1200-det.png","width":1200,"height":1200,"caption":"Notre S\u00e9lection de Pochettes Cadeaux : Le Rituel de Soin Complet Chaque pochette cadeau PIERRE GUILLAUME PARIS est une invitation \u00e0 un voyage sensoriel unique, proposant une Eau de Parfum (30ml) accompagn\u00e9e de son rituel de soin assorti (Gel Lavant et\/ou \u00c9mulsion Parfum\u00e9e). Offrez plus qu\u2019un parfum : offrez une histoire, une \u00e9motion qui se d\u00e9ploie de la douche \u00e0 l\u2019ultime vaporisation. Each PIERRE GUILLAUME PARIS gift pouch is an invitation to a unique sensory journey, offering an Eau de Parfum (30ml) accompanied by its matching skincare ritual (Cleansing Gel and\/or Perfumed Emulsion)."},{"@type":"BreadcrumbList","@id":"https:\/\/pierreguillaumeparis.com\/en\/perfume\/pochette-cadeaux-trio-neroli-ad-astra\/#breadcrumb","itemListElement":[{"@type":"ListItem","position":1,"name":"Home","item":"https:\/\/pierreguillaumeparis.com\/en\/"},{"@type":"ListItem","position":2,"name":"Shop","item":"https:\/\/pierreguillaumeparis.com\/en\/shop-perfume\/"},{"@type":"ListItem","position":3,"name":"GIFT BAG \u2013 N\u00c9ROLI AD ASTRA"}]},{"@type":"WebSite","@id":"https:\/\/pierreguillaumeparis.com\/#website","url":"https:\/\/pierreguillaumeparis.com\/","name":"Pierre Guillaume Paris","description":"Maison de parfum ind\u00e9pendante","publisher":{"@id":"https:\/\/pierreguillaumeparis.com\/#organization"},"potentialAction":[{"@type":"SearchAction","target":{"@type":"EntryPoint","urlTemplate":"https:\/\/pierreguillaumeparis.com\/?s={search_term_string}"},"query-input":{"@type":"PropertyValueSpecification","valueRequired":true,"valueName":"search_term_string"}}],"inLanguage":"en-US"},{"@type":"Organization","@id":"https:\/\/pierreguillaumeparis.com\/#organization","name":"Pierre Guillaume Paris","url":"https:\/\/pierreguillaumeparis.com\/","logo":{"@type":"ImageObject","inLanguage":"en-US","@id":"https:\/\/pierreguillaumeparis.com\/#\/schema\/logo\/image\/","url":"https:\/\/pierreguillaumeparis.com\/app\/uploads\/2020\/03\/2000x2000.jpeg","contentUrl":"https:\/\/pierreguillaumeparis.com\/app\/uploads\/2020\/03\/2000x2000.jpeg","width":2000,"height":766,"caption":"Pierre Guillaume Paris"},"image":{"@id":"https:\/\/pierreguillaumeparis.com\/#\/schema\/logo\/image\/"},"sameAs":["https:\/\/www.facebook.com\/pierreguillaumeparis\/","https:\/\/www.instagram.com\/pierreguillaume_parfumeur\/"]}]}},"_links":{"self":[{"href":"https:\/\/pierreguillaumeparis.com\/en\/wp-json\/wp\/v2\/product\/30973","targetHints":{"allow":["GET"]}}],"collection":[{"href":"https:\/\/pierreguillaumeparis.com\/en\/wp-json\/wp\/v2\/product"}],"about":[{"href":"https:\/\/pierreguillaumeparis.com\/en\/wp-json\/wp\/v2\/types\/product"}],"version-history":[{"count":4,"href":"https:\/\/pierreguillaumeparis.com\/en\/wp-json\/wp\/v2\/product\/30973\/revisions"}],"predecessor-version":[{"id":30977,"href":"https:\/\/pierreguillaumeparis.com\/en\/wp-json\/wp\/v2\/product\/30973\/revisions\/30977"}],"wp:featuredmedia":[{"embeddable":true,"href":"https:\/\/pierreguillaumeparis.com\/en\/wp-json\/wp\/v2\/media\/30843"}],"wp:attachment":[{"href":"https:\/\/pierreguillaumeparis.com\/en\/wp-json\/wp\/v2\/media?parent=30973"}],"wp:term":[{"taxonomy":"product_brand","embeddable":true,"href":"https:\/\/pierreguillaumeparis.com\/en\/wp-json\/wp\/v2\/product_brand?post=30973"},{"taxonomy":"product_cat","embeddable":true,"href":"https:\/\/pierreguillaumeparis.com\/en\/wp-json\/wp\/v2\/product_cat?post=30973"},{"taxonomy":"product_tag","embeddable":true,"href":"https:\/\/pierreguillaumeparis.com\/en\/wp-json\/wp\/v2\/product_tag?post=30973"}],"curies":[{"name":"wp","href":"https:\/\/api.w.org\/{rel}","templated":true}]}}