{"id":30979,"date":"2025-12-02T12:15:08","date_gmt":"2025-12-02T11:15:08","guid":{"rendered":"https:\/\/pierreguillaumeparis.com\/perfume\/pochette-cadeaux-duo-le-musc-et-la-peau\/"},"modified":"2025-12-03T10:56:48","modified_gmt":"2025-12-03T09:56:48","slug":"pochette-cadeaux-duo-le-musc-et-la-peau","status":"publish","type":"product","link":"https:\/\/pierreguillaumeparis.com\/en\/perfume\/pochette-cadeaux-duo-le-musc-et-la-peau\/","title":{"rendered":"GIFT BAG \u2013 LE MUSC &#038; LA PEAU"},"content":{"rendered":"<h4><strong>GIFT BAG \u2013 LE MUSC &amp; LA PEAU<\/strong><\/h4>\n<h5><strong>A 30ml Eau de Parfum and 250ml Hands and Body Lotion<\/strong><\/h5>\n<p>Discover PIERRE GUILLAUME PARIS&#8217; best-kept secret: LE MUSC &amp; LA PEAU, the elixir that \u2018smells like us, but better\u2019 according to the press. <strong>This Woody Amber Musk ritual<\/strong> combines Eau de Parfum with a silky Emulsion for <strong>a daily skincare routine that intensely perfumes the skin<\/strong>.<\/p>\n<h5><strong>Contents of the Gift Bag (Dimensions: 225 x 167 x 186 mm):<\/strong><\/h5>\n<p>&nbsp;<\/p>\n<h4><strong>LE MUSC &amp; LA PEAU 4.1, <\/strong><strong>our BEST-SELLER\u2026<\/strong><\/h4>\n<h5><strong>Eau de Parfum 30ml &#8211; NUMBERED Collection<\/strong><\/h5>\n<p>Woody Amber Musky<\/p>\n<div class=\"wpb_text_column wpb_content_element vc_custom_1682676636736\">\n<div class=\"wpb_wrapper\">\n<div class=\"wpb_text_column wpb_content_element vc_custom_1580722127884\">\n<div class=\"wpb_wrapper\">\n<p>&nbsp;<\/p>\n<p><strong><em>Pierre GUILLAUME reinvents the \u201cMilk of Musk\u201d accord of his <a href=\"https:\/\/pierreguillaumeparis.com\/en\/perfume\/musc-maori\/\">Musc Maori<\/a>, removing its original chocolate coating\u2026<\/em><\/strong><\/p>\n<p>A blend of seven different musks conjuring human skin is adorned with ylang-ylang, tonka bean, amber, cedar wood, rosemary and a touch of vanilla. A skin scent to be worn alone or as a base, to customize your usual fragrance.<\/p>\n<p>&nbsp;<\/p>\n<p><strong>THE INSPIRATION<\/strong><br \/>\nThe sensuality of clean skins that mix together.<\/p>\n<p><strong>THE PERFUME<\/strong><br \/>\nA milk of 7 musks with skin scent, dressed with sensual balms and warm woods.<\/p>\n<p><strong>THE NAME<\/strong><br \/>\nA second-skin effect perfume, like a white shirt put in the morning. The journalist Sarah Bouasse wrote on this perfume: \u201cit smells just like us but\u2026 better!\u201d<\/p>\n<p><em><a href=\"https:\/\/pierreguillaumeparis.com\/en\/facette-parfum\/aromatic\/\">Rosemary milk<\/a>, <a href=\"https:\/\/pierreguillaumeparis.com\/en\/facette-parfum\/soft-floral\/\">Ylang-Ylang<\/a>, <a href=\"https:\/\/pierreguillaumeparis.com\/en\/facette-parfum\/animalic\/\">Musk(s)<\/a><\/em><\/p>\n<p><a href=\"https:\/\/pierreguillaumeparis.com\/en\/le-musc-et-la-peau-gamme\/\"><strong><em>To go further\u2026<\/em><\/strong><\/a><\/p>\n<hr \/>\n<p><strong>New: Le Musc &amp; La Peau is now available in a 200ml bottle.<\/strong><br \/>\nFind LE MUSC ET LA PEAU in the <a href=\"https:\/\/pierreguillaumeparis.com\/en\/collection-parfum\/body-care\/\"><strong>Body Care<\/strong><\/a> section in <strong><a href=\"https:\/\/pierreguillaumeparis.com\/en\/collection-parfum\/body-care\/cleansing-hands-and-body-gel-en\/\">Cleansing Gel<\/a><\/strong> and <a href=\"https:\/\/pierreguillaumeparis.com\/en\/perfume\/emulsion-parfumee-le-musc-la-peau-500ml\/\"><strong>Body Lotion<\/strong><\/a>.<\/p>\n<p><a href=\"https:\/\/www.youtube.com\/watch?v=zWANVUKPrVs&amp;t=4s\"><strong>Watch a video review on \u201cLe Musc &amp; La Peau\u201d<\/strong><\/a><strong> \/\/ <\/strong><a href=\"https:\/\/auparfum.bynez.com\/le-musc-et-la-peau-de-pierre-guillaume-musc-epidermique,3083\"><strong>Read an article about Le Musc &amp; La Peau<\/strong><\/a><\/p>\n<p>&nbsp;<\/p>\n<hr \/>\n<p>&nbsp;<\/p>\n<\/div>\n<\/div>\n<\/div>\n<\/div>\n<h4 class=\"product_title entry-title\"><strong>LE MUSC &amp; LA PEAU HANDS AND BODY LOTION<\/strong><\/h4>\n<h5><strong>Hands &amp; Body lotion Musc &amp; la Peau (4%) \u2013 250ml<\/strong><\/h5>\n<p>&nbsp;<\/p>\n<p><em>A gesture of perfume and daily care: a silky and generously scented emulsion (up to 4% perfume).<\/em><\/p>\n<p>Formulated from a <strong>vegetable<\/strong> <strong>triglyceride<\/strong> (renewable), and <strong>an emollient<\/strong>, with <strong>regenerating properties<\/strong> of the epidermis, <strong>vegetable oil<\/strong> and <strong>vitamin E<\/strong>, our emulsion <strong>penetrates quickly<\/strong>, is <strong>non-greas<\/strong>y, <strong>scents intensely<\/strong> and restores <strong>suppleness<\/strong> <strong>and comfort<\/strong> to the skin.<\/p>\n<ul>\n<li><strong>Over 90% natural ingredients<\/strong><\/li>\n<li><strong>Highly fragrant for added pleasure<\/strong><\/li>\n<li><strong>Non-greasy, fast-penetrating formula for easy, practical everyday use.<\/strong><\/li>\n<\/ul>\n<p><strong>SLS FREE \u2013 PARABEN FREE<\/strong><\/p>\n<p><em><a href=\"https:\/\/pierreguillaumeparis.com\/en\/facette-parfum\/aromatic\/\">Rosemary milk<\/a>, <a href=\"https:\/\/pierreguillaumeparis.com\/en\/facette-parfum\/soft-floral\/\">Ylang-Ylang<\/a>, <a href=\"https:\/\/pierreguillaumeparis.com\/en\/facette-parfum\/animalic\/\">Musk(s)<\/a><\/em><\/p>\n<p>&nbsp;<\/p>\n<p>&nbsp;<\/p>\n","protected":false},"excerpt":{"rendered":"<p>PIERRE GUILLAUME PARIS invites you to discover <a href=\"https:\/\/pierreguillaumeparis.com\/en\/perfume\/le-musc-la-peau\/\"><strong>Le Musc &amp; La Peau<\/strong><\/a>, an eau de parfum and its counterpart, <a href=\"https:\/\/pierreguillaumeparis.com\/en\/perfume\/emulsion-parfumee-le-musc-la-peau-500ml\/\">a perfumed Lotion for hands and body, Le Musc &amp; La Peau (4%)<\/a>.<br \/>\nRosemary Milk, Ylang-Ylang, Musk<\/p>\n","protected":false},"featured_media":30843,"template":"","meta":{"_acf_changed":false,"footnotes":""},"product_brand":[],"product_cat":[227,42],"product_tag":[157,159,161,164,165,203,171,172,176,185,194,383,202,205,183,216,246,182],"class_list":{"0":"post-30979","1":"product","2":"type-product","3":"status-publish","4":"has-post-thumbnail","6":"product_cat-gift-boxes","7":"product_cat-perfumes-en","8":"product_tag-amber","9":"product_tag-animalic","10":"product_tag-aromatic","11":"product_tag-casual-en","12":"product_tag-cedarwood","13":"product_tag-clean","14":"product_tag-delicate","15":"product_tag-diffusive","16":"product_tag-enfolding","17":"product_tag-fresh","18":"product_tag-milky","19":"product_tag-musc-en","20":"product_tag-powder","21":"product_tag-romantic","22":"product_tag-soft-floral","23":"product_tag-urban","24":"product_tag-vanilla-en","25":"product_tag-white-floral","26":"pa_contenance-250ml-en","27":"pa_contenance-30ml-en","29":"first","30":"instock","31":"taxable","32":"shipping-taxable","33":"purchasable","34":"product-type-simple"},"acf":[],"yoast_head":"<!-- This site is optimized with the Yoast SEO plugin v26.3 - https:\/\/yoast.com\/wordpress\/plugins\/seo\/ -->\n<title>Gift Bag Duo LE MUSC &amp; LA PEAU, Woody Amber Musky<\/title>\n<meta name=\"description\" content=\"Gift Bag Duo LE MUSC &amp; LA PEAU : Discover the best-selling Pierre Guillaume Paris. Woody Amber - Musky - Eau de parfum &amp; Perfumed Lotion.\" \/>\n<meta name=\"robots\" content=\"index, follow, max-snippet:-1, max-image-preview:large, max-video-preview:-1\" \/>\n<link rel=\"canonical\" href=\"https:\/\/pierreguillaumeparis.com\/en\/perfume\/pochette-cadeaux-duo-le-musc-et-la-peau\/\" \/>\n<meta property=\"og:locale\" content=\"en_US\" \/>\n<meta property=\"og:type\" content=\"article\" \/>\n<meta property=\"og:title\" content=\"Gift Bag Duo LE MUSC &amp; LA PEAU, Woody Amber Musky\" \/>\n<meta property=\"og:description\" content=\"Gift Bag Duo LE MUSC &amp; LA PEAU : Discover the best-selling Pierre Guillaume Paris. Woody Amber - Musky - Eau de parfum &amp; Perfumed Lotion.\" \/>\n<meta property=\"og:url\" content=\"https:\/\/pierreguillaumeparis.com\/en\/perfume\/pochette-cadeaux-duo-le-musc-et-la-peau\/\" \/>\n<meta property=\"og:site_name\" content=\"Pierre Guillaume Paris\" \/>\n<meta property=\"article:publisher\" content=\"https:\/\/www.facebook.com\/pierreguillaumeparis\/\" \/>\n<meta property=\"article:modified_time\" content=\"2025-12-03T09:56:48+00:00\" \/>\n<meta property=\"og:image\" content=\"https:\/\/pierreguillaumeparis.com\/app\/uploads\/2025\/12\/Berlingot-1200-det.png\" \/>\n\t<meta property=\"og:image:width\" content=\"1200\" \/>\n\t<meta property=\"og:image:height\" content=\"1200\" \/>\n\t<meta property=\"og:image:type\" content=\"image\/png\" \/>\n<meta name=\"twitter:card\" content=\"summary_large_image\" \/>\n<meta name=\"twitter:label1\" content=\"Est. reading time\" \/>\n\t<meta name=\"twitter:data1\" content=\"3 minutes\" \/>\n<script type=\"application\/ld+json\" class=\"yoast-schema-graph\">{\"@context\":\"https:\/\/schema.org\",\"@graph\":[{\"@type\":\"WebPage\",\"@id\":\"https:\/\/pierreguillaumeparis.com\/en\/perfume\/pochette-cadeaux-duo-le-musc-et-la-peau\/\",\"url\":\"https:\/\/pierreguillaumeparis.com\/en\/perfume\/pochette-cadeaux-duo-le-musc-et-la-peau\/\",\"name\":\"Gift Bag Duo LE MUSC & LA PEAU, Woody Amber Musky\",\"isPartOf\":{\"@id\":\"https:\/\/pierreguillaumeparis.com\/#website\"},\"primaryImageOfPage\":{\"@id\":\"https:\/\/pierreguillaumeparis.com\/en\/perfume\/pochette-cadeaux-duo-le-musc-et-la-peau\/#primaryimage\"},\"image\":{\"@id\":\"https:\/\/pierreguillaumeparis.com\/en\/perfume\/pochette-cadeaux-duo-le-musc-et-la-peau\/#primaryimage\"},\"thumbnailUrl\":\"https:\/\/pierreguillaumeparis.com\/app\/uploads\/2025\/12\/Berlingot-1200-det.png\",\"datePublished\":\"2025-12-02T11:15:08+00:00\",\"dateModified\":\"2025-12-03T09:56:48+00:00\",\"description\":\"Gift Bag Duo LE MUSC & LA PEAU : Discover the best-selling Pierre Guillaume Paris. Woody Amber - Musky - Eau de parfum & Perfumed Lotion.\",\"breadcrumb\":{\"@id\":\"https:\/\/pierreguillaumeparis.com\/en\/perfume\/pochette-cadeaux-duo-le-musc-et-la-peau\/#breadcrumb\"},\"inLanguage\":\"en-US\",\"potentialAction\":[{\"@type\":\"ReadAction\",\"target\":[\"https:\/\/pierreguillaumeparis.com\/en\/perfume\/pochette-cadeaux-duo-le-musc-et-la-peau\/\"]}]},{\"@type\":\"ImageObject\",\"inLanguage\":\"en-US\",\"@id\":\"https:\/\/pierreguillaumeparis.com\/en\/perfume\/pochette-cadeaux-duo-le-musc-et-la-peau\/#primaryimage\",\"url\":\"https:\/\/pierreguillaumeparis.com\/app\/uploads\/2025\/12\/Berlingot-1200-det.png\",\"contentUrl\":\"https:\/\/pierreguillaumeparis.com\/app\/uploads\/2025\/12\/Berlingot-1200-det.png\",\"width\":1200,\"height\":1200,\"caption\":\"Notre S\u00e9lection de Pochettes Cadeaux : Le Rituel de Soin Complet Chaque pochette cadeau PIERRE GUILLAUME PARIS est une invitation \u00e0 un voyage sensoriel unique, proposant une Eau de Parfum (30ml) accompagn\u00e9e de son rituel de soin assorti (Gel Lavant et\/ou \u00c9mulsion Parfum\u00e9e). Offrez plus qu\u2019un parfum : offrez une histoire, une \u00e9motion qui se d\u00e9ploie de la douche \u00e0 l\u2019ultime vaporisation. Each PIERRE GUILLAUME PARIS gift pouch is an invitation to a unique sensory journey, offering an Eau de Parfum (30ml) accompanied by its matching skincare ritual (Cleansing Gel and\/or Perfumed Emulsion).\"},{\"@type\":\"BreadcrumbList\",\"@id\":\"https:\/\/pierreguillaumeparis.com\/en\/perfume\/pochette-cadeaux-duo-le-musc-et-la-peau\/#breadcrumb\",\"itemListElement\":[{\"@type\":\"ListItem\",\"position\":1,\"name\":\"Home\",\"item\":\"https:\/\/pierreguillaumeparis.com\/en\/\"},{\"@type\":\"ListItem\",\"position\":2,\"name\":\"Shop\",\"item\":\"https:\/\/pierreguillaumeparis.com\/en\/shop-perfume\/\"},{\"@type\":\"ListItem\",\"position\":3,\"name\":\"GIFT BAG \u2013 LE MUSC &#038; LA PEAU\"}]},{\"@type\":\"WebSite\",\"@id\":\"https:\/\/pierreguillaumeparis.com\/#website\",\"url\":\"https:\/\/pierreguillaumeparis.com\/\",\"name\":\"Pierre Guillaume Paris\",\"description\":\"Maison de parfum ind\u00e9pendante\",\"publisher\":{\"@id\":\"https:\/\/pierreguillaumeparis.com\/#organization\"},\"potentialAction\":[{\"@type\":\"SearchAction\",\"target\":{\"@type\":\"EntryPoint\",\"urlTemplate\":\"https:\/\/pierreguillaumeparis.com\/?s={search_term_string}\"},\"query-input\":{\"@type\":\"PropertyValueSpecification\",\"valueRequired\":true,\"valueName\":\"search_term_string\"}}],\"inLanguage\":\"en-US\"},{\"@type\":\"Organization\",\"@id\":\"https:\/\/pierreguillaumeparis.com\/#organization\",\"name\":\"Pierre Guillaume Paris\",\"url\":\"https:\/\/pierreguillaumeparis.com\/\",\"logo\":{\"@type\":\"ImageObject\",\"inLanguage\":\"en-US\",\"@id\":\"https:\/\/pierreguillaumeparis.com\/#\/schema\/logo\/image\/\",\"url\":\"https:\/\/pierreguillaumeparis.com\/app\/uploads\/2020\/03\/2000x2000.jpeg\",\"contentUrl\":\"https:\/\/pierreguillaumeparis.com\/app\/uploads\/2020\/03\/2000x2000.jpeg\",\"width\":2000,\"height\":766,\"caption\":\"Pierre Guillaume Paris\"},\"image\":{\"@id\":\"https:\/\/pierreguillaumeparis.com\/#\/schema\/logo\/image\/\"},\"sameAs\":[\"https:\/\/www.facebook.com\/pierreguillaumeparis\/\",\"https:\/\/www.instagram.com\/pierreguillaume_parfumeur\/\"]}]}<\/script>\n<!-- \/ Yoast SEO plugin. -->","yoast_head_json":{"title":"Gift Bag Duo LE MUSC & LA PEAU, Woody Amber Musky","description":"Gift Bag Duo LE MUSC & LA PEAU : Discover the best-selling Pierre Guillaume Paris. Woody Amber - Musky - Eau de parfum & Perfumed Lotion.","robots":{"index":"index","follow":"follow","max-snippet":"max-snippet:-1","max-image-preview":"max-image-preview:large","max-video-preview":"max-video-preview:-1"},"canonical":"https:\/\/pierreguillaumeparis.com\/en\/perfume\/pochette-cadeaux-duo-le-musc-et-la-peau\/","og_locale":"en_US","og_type":"article","og_title":"Gift Bag Duo LE MUSC & LA PEAU, Woody Amber Musky","og_description":"Gift Bag Duo LE MUSC & LA PEAU : Discover the best-selling Pierre Guillaume Paris. Woody Amber - Musky - Eau de parfum & Perfumed Lotion.","og_url":"https:\/\/pierreguillaumeparis.com\/en\/perfume\/pochette-cadeaux-duo-le-musc-et-la-peau\/","og_site_name":"Pierre Guillaume Paris","article_publisher":"https:\/\/www.facebook.com\/pierreguillaumeparis\/","article_modified_time":"2025-12-03T09:56:48+00:00","og_image":[{"width":1200,"height":1200,"url":"https:\/\/pierreguillaumeparis.com\/app\/uploads\/2025\/12\/Berlingot-1200-det.png","type":"image\/png"}],"twitter_card":"summary_large_image","twitter_misc":{"Est. reading time":"3 minutes"},"schema":{"@context":"https:\/\/schema.org","@graph":[{"@type":"WebPage","@id":"https:\/\/pierreguillaumeparis.com\/en\/perfume\/pochette-cadeaux-duo-le-musc-et-la-peau\/","url":"https:\/\/pierreguillaumeparis.com\/en\/perfume\/pochette-cadeaux-duo-le-musc-et-la-peau\/","name":"Gift Bag Duo LE MUSC & LA PEAU, Woody Amber Musky","isPartOf":{"@id":"https:\/\/pierreguillaumeparis.com\/#website"},"primaryImageOfPage":{"@id":"https:\/\/pierreguillaumeparis.com\/en\/perfume\/pochette-cadeaux-duo-le-musc-et-la-peau\/#primaryimage"},"image":{"@id":"https:\/\/pierreguillaumeparis.com\/en\/perfume\/pochette-cadeaux-duo-le-musc-et-la-peau\/#primaryimage"},"thumbnailUrl":"https:\/\/pierreguillaumeparis.com\/app\/uploads\/2025\/12\/Berlingot-1200-det.png","datePublished":"2025-12-02T11:15:08+00:00","dateModified":"2025-12-03T09:56:48+00:00","description":"Gift Bag Duo LE MUSC & LA PEAU : Discover the best-selling Pierre Guillaume Paris. Woody Amber - Musky - Eau de parfum & Perfumed Lotion.","breadcrumb":{"@id":"https:\/\/pierreguillaumeparis.com\/en\/perfume\/pochette-cadeaux-duo-le-musc-et-la-peau\/#breadcrumb"},"inLanguage":"en-US","potentialAction":[{"@type":"ReadAction","target":["https:\/\/pierreguillaumeparis.com\/en\/perfume\/pochette-cadeaux-duo-le-musc-et-la-peau\/"]}]},{"@type":"ImageObject","inLanguage":"en-US","@id":"https:\/\/pierreguillaumeparis.com\/en\/perfume\/pochette-cadeaux-duo-le-musc-et-la-peau\/#primaryimage","url":"https:\/\/pierreguillaumeparis.com\/app\/uploads\/2025\/12\/Berlingot-1200-det.png","contentUrl":"https:\/\/pierreguillaumeparis.com\/app\/uploads\/2025\/12\/Berlingot-1200-det.png","width":1200,"height":1200,"caption":"Notre S\u00e9lection de Pochettes Cadeaux : Le Rituel de Soin Complet Chaque pochette cadeau PIERRE GUILLAUME PARIS est une invitation \u00e0 un voyage sensoriel unique, proposant une Eau de Parfum (30ml) accompagn\u00e9e de son rituel de soin assorti (Gel Lavant et\/ou \u00c9mulsion Parfum\u00e9e). Offrez plus qu\u2019un parfum : offrez une histoire, une \u00e9motion qui se d\u00e9ploie de la douche \u00e0 l\u2019ultime vaporisation. Each PIERRE GUILLAUME PARIS gift pouch is an invitation to a unique sensory journey, offering an Eau de Parfum (30ml) accompanied by its matching skincare ritual (Cleansing Gel and\/or Perfumed Emulsion)."},{"@type":"BreadcrumbList","@id":"https:\/\/pierreguillaumeparis.com\/en\/perfume\/pochette-cadeaux-duo-le-musc-et-la-peau\/#breadcrumb","itemListElement":[{"@type":"ListItem","position":1,"name":"Home","item":"https:\/\/pierreguillaumeparis.com\/en\/"},{"@type":"ListItem","position":2,"name":"Shop","item":"https:\/\/pierreguillaumeparis.com\/en\/shop-perfume\/"},{"@type":"ListItem","position":3,"name":"GIFT BAG \u2013 LE MUSC &#038; LA PEAU"}]},{"@type":"WebSite","@id":"https:\/\/pierreguillaumeparis.com\/#website","url":"https:\/\/pierreguillaumeparis.com\/","name":"Pierre Guillaume Paris","description":"Maison de parfum ind\u00e9pendante","publisher":{"@id":"https:\/\/pierreguillaumeparis.com\/#organization"},"potentialAction":[{"@type":"SearchAction","target":{"@type":"EntryPoint","urlTemplate":"https:\/\/pierreguillaumeparis.com\/?s={search_term_string}"},"query-input":{"@type":"PropertyValueSpecification","valueRequired":true,"valueName":"search_term_string"}}],"inLanguage":"en-US"},{"@type":"Organization","@id":"https:\/\/pierreguillaumeparis.com\/#organization","name":"Pierre Guillaume Paris","url":"https:\/\/pierreguillaumeparis.com\/","logo":{"@type":"ImageObject","inLanguage":"en-US","@id":"https:\/\/pierreguillaumeparis.com\/#\/schema\/logo\/image\/","url":"https:\/\/pierreguillaumeparis.com\/app\/uploads\/2020\/03\/2000x2000.jpeg","contentUrl":"https:\/\/pierreguillaumeparis.com\/app\/uploads\/2020\/03\/2000x2000.jpeg","width":2000,"height":766,"caption":"Pierre Guillaume Paris"},"image":{"@id":"https:\/\/pierreguillaumeparis.com\/#\/schema\/logo\/image\/"},"sameAs":["https:\/\/www.facebook.com\/pierreguillaumeparis\/","https:\/\/www.instagram.com\/pierreguillaume_parfumeur\/"]}]}},"_links":{"self":[{"href":"https:\/\/pierreguillaumeparis.com\/en\/wp-json\/wp\/v2\/product\/30979","targetHints":{"allow":["GET"]}}],"collection":[{"href":"https:\/\/pierreguillaumeparis.com\/en\/wp-json\/wp\/v2\/product"}],"about":[{"href":"https:\/\/pierreguillaumeparis.com\/en\/wp-json\/wp\/v2\/types\/product"}],"version-history":[{"count":3,"href":"https:\/\/pierreguillaumeparis.com\/en\/wp-json\/wp\/v2\/product\/30979\/revisions"}],"predecessor-version":[{"id":30980,"href":"https:\/\/pierreguillaumeparis.com\/en\/wp-json\/wp\/v2\/product\/30979\/revisions\/30980"}],"wp:featuredmedia":[{"embeddable":true,"href":"https:\/\/pierreguillaumeparis.com\/en\/wp-json\/wp\/v2\/media\/30843"}],"wp:attachment":[{"href":"https:\/\/pierreguillaumeparis.com\/en\/wp-json\/wp\/v2\/media?parent=30979"}],"wp:term":[{"taxonomy":"product_brand","embeddable":true,"href":"https:\/\/pierreguillaumeparis.com\/en\/wp-json\/wp\/v2\/product_brand?post=30979"},{"taxonomy":"product_cat","embeddable":true,"href":"https:\/\/pierreguillaumeparis.com\/en\/wp-json\/wp\/v2\/product_cat?post=30979"},{"taxonomy":"product_tag","embeddable":true,"href":"https:\/\/pierreguillaumeparis.com\/en\/wp-json\/wp\/v2\/product_tag?post=30979"}],"curies":[{"name":"wp","href":"https:\/\/api.w.org\/{rel}","templated":true}]}}