{"id":30985,"date":"2025-12-02T11:03:46","date_gmt":"2025-12-02T10:03:46","guid":{"rendered":"https:\/\/pierreguillaumeparis.com\/perfume\/pochette-cadeaux-duo-aqaysos\/"},"modified":"2025-12-03T11:05:37","modified_gmt":"2025-12-03T10:05:37","slug":"pochette-cadeaux-duo-aqaysos","status":"publish","type":"product","link":"https:\/\/pierreguillaumeparis.com\/en\/perfume\/pochette-cadeaux-duo-aqaysos\/","title":{"rendered":"GIFT BAG \u2013 AQAYSOS"},"content":{"rendered":"<h4><strong>GIFT BAG \u2013 AQAYSOS<\/strong><\/h4>\n<h5>A 30ml Eau de Parfum and 250ml Cleansing Gel<\/h5>\n<p>Enter the world of <strong>Aqaysos<\/strong>, a bold fragrance by PIERRE GUILLAUME PARIS, where <strong>Sansho berries<\/strong> meet C<strong>ocoa beans<\/strong>. This gift set combines the Eau de Parfum with an enriched cleansing gel for <strong>a gentle, comfortable and utterly memorable fragrant ritual.<\/strong><\/p>\n<h5><strong>Contents of the Gift Bag (Dimensions: 225 x 167 x 186 mm):<\/strong><\/h5>\n<p>&nbsp;<\/p>\n<h4><strong>AQAYSOS, a crystal wood\u2026<\/strong><\/h4>\n<h5><strong>Eau de Parfum 30ml &#8211; Black Collection<\/strong><\/h5>\n<p>Woody Spicy Fruity<\/p>\n<div class=\"wpb_text_column wpb_content_element vc_custom_1682676636736\">\n<div class=\"wpb_wrapper\">\n<div class=\"wpb_text_column wpb_content_element vc_custom_1580722127884\">\n<div class=\"wpb_wrapper\">\n<p><em><strong>Aqaysos<\/strong> is a versatile and elusive olfactory proposal, inspired by the incisive, shiny and brilliant character of crystal. Pierre GUILLAUME plays resonances between the ingredients, to distort our perception as a prism diffracts the light\u2026<\/em><\/p>\n<p>Between fluidity, transparency and sensorial impact, <strong>Aqaysos<\/strong> is an explosion of rising and fruity notes, on the rhythmic pulsations of a woody vibration.<\/p>\n<p><a href=\"https:\/\/pierreguillaumeparis.com\/en\/aqaysos-ensemble\/\"><em><strong>To go further\u2026<\/strong><\/em><\/a><\/p>\n<p>&nbsp;<\/p>\n<hr \/>\n<p>&nbsp;<\/p>\n<\/div>\n<\/div>\n<\/div>\n<\/div>\n<h4 class=\"product_title entry-title\"><strong>AQAYSOS CLEANSING HANDS &amp; BODY GEL<\/strong><\/h4>\n<h5><strong>Cleansing Hands &amp; Body Gel Aqaysos \u2013 250ml<\/strong><\/h5>\n<p><strong>\u00a0<\/strong><\/p>\n<p><em>Centered on the essentials, the Cleansing Hands &amp; Body Gel <strong>Aqaysos<\/strong> will make the shower a moment of happiness in the comfortable and sexy cocoon of your favorite perfume.<\/em><\/p>\n<p><strong>A highly scented formula<\/strong> and a cocktail of <strong>natural or renewable ingredients<\/strong> including sodium coconut glutamate: this very mild surfactant is the coconut glutamate fatty acid, an amino acid of more abundant in the structural protein (collagen) of human skin, allows a gentle wash of the face, hair and body or just hands.<\/p>\n<p>We promise, You will love it ! <a href=\"https:\/\/pierreguillaumeparis.com\/en\/aqaysos-ensemble\/\"><em><strong>To go further\u2026<\/strong><\/em><\/a><\/p>\n<p><strong>SLS FREE \u2013 <a href=\"https:\/\/fr.wikipedia.org\/wiki\/Parab%C3%A8ne\">PARABEN FREE<\/a><\/strong><\/p>\n<p><em><a href=\"https:\/\/pierreguillaumeparis.com\/en\/facette-parfum\/spicy\/\">Sansho Berries<\/a>, <a href=\"https:\/\/pierreguillaumeparis.com\/en\/facette-parfum\/full-bodied\/\">Cocoa Beans<\/a>, <a href=\"https:\/\/pierreguillaumeparis.com\/en\/facette-parfum\/woody\/\">Woody Notes<\/a><\/em><\/p>\n<p>&nbsp;<\/p>\n","protected":false},"excerpt":{"rendered":"<p>PIERRE GUILLAUME PARIS invites you to discover <strong><a href=\"https:\/\/pierreguillaumeparis.com\/en\/perfume\/aqaysos\/?attribute_pa_contenance=100ml-en\">Aqaysos<\/a><\/strong>, the Eau de Parfum and its variation in <a href=\"https:\/\/pierreguillaumeparis.com\/en\/perfume\/aqaysos-cleansing-hands-body-gel\/?attribute_pa_contenance=500ml-en\"><strong>a fragrant cleansing gel for hands and body<\/strong><\/a>.<br \/>\nSansho berries, cocoa beans, wood<\/p>\n","protected":false},"featured_media":30843,"template":"","meta":{"_acf_changed":false,"footnotes":""},"product_brand":[],"product_cat":[227,42],"product_tag":[161,164,203,172,190,185,186,169,193,201,187,177,214,216,162],"class_list":{"0":"post-30985","1":"product","2":"type-product","3":"status-publish","4":"has-post-thumbnail","6":"product_cat-gift-boxes","7":"product_cat-perfumes-en","8":"product_tag-aromatic","9":"product_tag-casual-en","10":"product_tag-clean","11":"product_tag-diffusive","12":"product_tag-dressy","13":"product_tag-fresh","14":"product_tag-fruity","15":"product_tag-full-bodied","16":"product_tag-joyfull","17":"product_tag-patchouli-en","18":"product_tag-red-fruits","19":"product_tag-spicy","20":"product_tag-transparent-en","21":"product_tag-urban","22":"product_tag-woody","23":"pa_contenance-250ml-en","24":"pa_contenance-30ml-en","26":"first","27":"instock","28":"taxable","29":"shipping-taxable","30":"purchasable","31":"product-type-simple"},"acf":[],"yoast_head":"<!-- This site is optimized with the Yoast SEO plugin v26.3 - https:\/\/yoast.com\/wordpress\/plugins\/seo\/ -->\n<title>Gift Bag Duo Aqaysos, Woody Spicy Fruity<\/title>\n<meta name=\"description\" content=\"Gift Bag AQAYSOS : Discover a crystalline wood inspired by the sparkle of crystal. The Pierre Guillaume Paris Eau de Parfum (30ml) and Cleansing Gel duo.\" \/>\n<meta name=\"robots\" content=\"index, follow, max-snippet:-1, max-image-preview:large, max-video-preview:-1\" \/>\n<link rel=\"canonical\" href=\"https:\/\/pierreguillaumeparis.com\/en\/perfume\/pochette-cadeaux-duo-aqaysos\/\" \/>\n<meta property=\"og:locale\" content=\"en_US\" \/>\n<meta property=\"og:type\" content=\"article\" \/>\n<meta property=\"og:title\" content=\"Gift Bag Duo Aqaysos, Woody Spicy Fruity\" \/>\n<meta property=\"og:description\" content=\"Gift Bag AQAYSOS : Discover a crystalline wood inspired by the sparkle of crystal. The Pierre Guillaume Paris Eau de Parfum (30ml) and Cleansing Gel duo.\" \/>\n<meta property=\"og:url\" content=\"https:\/\/pierreguillaumeparis.com\/en\/perfume\/pochette-cadeaux-duo-aqaysos\/\" \/>\n<meta property=\"og:site_name\" content=\"Pierre Guillaume Paris\" \/>\n<meta property=\"article:publisher\" content=\"https:\/\/www.facebook.com\/pierreguillaumeparis\/\" \/>\n<meta property=\"article:modified_time\" content=\"2025-12-03T10:05:37+00:00\" \/>\n<meta property=\"og:image\" content=\"https:\/\/pierreguillaumeparis.com\/app\/uploads\/2025\/12\/Berlingot-1200-det.png\" \/>\n\t<meta property=\"og:image:width\" content=\"1200\" \/>\n\t<meta property=\"og:image:height\" content=\"1200\" \/>\n\t<meta property=\"og:image:type\" content=\"image\/png\" \/>\n<meta name=\"twitter:card\" content=\"summary_large_image\" \/>\n<meta name=\"twitter:label1\" content=\"Est. reading time\" \/>\n\t<meta name=\"twitter:data1\" content=\"2 minutes\" \/>\n<script type=\"application\/ld+json\" class=\"yoast-schema-graph\">{\"@context\":\"https:\/\/schema.org\",\"@graph\":[{\"@type\":\"WebPage\",\"@id\":\"https:\/\/pierreguillaumeparis.com\/en\/perfume\/pochette-cadeaux-duo-aqaysos\/\",\"url\":\"https:\/\/pierreguillaumeparis.com\/en\/perfume\/pochette-cadeaux-duo-aqaysos\/\",\"name\":\"Gift Bag Duo Aqaysos, Woody Spicy Fruity\",\"isPartOf\":{\"@id\":\"https:\/\/pierreguillaumeparis.com\/#website\"},\"primaryImageOfPage\":{\"@id\":\"https:\/\/pierreguillaumeparis.com\/en\/perfume\/pochette-cadeaux-duo-aqaysos\/#primaryimage\"},\"image\":{\"@id\":\"https:\/\/pierreguillaumeparis.com\/en\/perfume\/pochette-cadeaux-duo-aqaysos\/#primaryimage\"},\"thumbnailUrl\":\"https:\/\/pierreguillaumeparis.com\/app\/uploads\/2025\/12\/Berlingot-1200-det.png\",\"datePublished\":\"2025-12-02T10:03:46+00:00\",\"dateModified\":\"2025-12-03T10:05:37+00:00\",\"description\":\"Gift Bag AQAYSOS : Discover a crystalline wood inspired by the sparkle of crystal. The Pierre Guillaume Paris Eau de Parfum (30ml) and Cleansing Gel duo.\",\"breadcrumb\":{\"@id\":\"https:\/\/pierreguillaumeparis.com\/en\/perfume\/pochette-cadeaux-duo-aqaysos\/#breadcrumb\"},\"inLanguage\":\"en-US\",\"potentialAction\":[{\"@type\":\"ReadAction\",\"target\":[\"https:\/\/pierreguillaumeparis.com\/en\/perfume\/pochette-cadeaux-duo-aqaysos\/\"]}]},{\"@type\":\"ImageObject\",\"inLanguage\":\"en-US\",\"@id\":\"https:\/\/pierreguillaumeparis.com\/en\/perfume\/pochette-cadeaux-duo-aqaysos\/#primaryimage\",\"url\":\"https:\/\/pierreguillaumeparis.com\/app\/uploads\/2025\/12\/Berlingot-1200-det.png\",\"contentUrl\":\"https:\/\/pierreguillaumeparis.com\/app\/uploads\/2025\/12\/Berlingot-1200-det.png\",\"width\":1200,\"height\":1200,\"caption\":\"Notre S\u00e9lection de Pochettes Cadeaux : Le Rituel de Soin Complet Chaque pochette cadeau PIERRE GUILLAUME PARIS est une invitation \u00e0 un voyage sensoriel unique, proposant une Eau de Parfum (30ml) accompagn\u00e9e de son rituel de soin assorti (Gel Lavant et\/ou \u00c9mulsion Parfum\u00e9e). Offrez plus qu\u2019un parfum : offrez une histoire, une \u00e9motion qui se d\u00e9ploie de la douche \u00e0 l\u2019ultime vaporisation. Each PIERRE GUILLAUME PARIS gift pouch is an invitation to a unique sensory journey, offering an Eau de Parfum (30ml) accompanied by its matching skincare ritual (Cleansing Gel and\/or Perfumed Emulsion).\"},{\"@type\":\"BreadcrumbList\",\"@id\":\"https:\/\/pierreguillaumeparis.com\/en\/perfume\/pochette-cadeaux-duo-aqaysos\/#breadcrumb\",\"itemListElement\":[{\"@type\":\"ListItem\",\"position\":1,\"name\":\"Home\",\"item\":\"https:\/\/pierreguillaumeparis.com\/en\/\"},{\"@type\":\"ListItem\",\"position\":2,\"name\":\"Shop\",\"item\":\"https:\/\/pierreguillaumeparis.com\/en\/shop-perfume\/\"},{\"@type\":\"ListItem\",\"position\":3,\"name\":\"GIFT BAG \u2013 AQAYSOS\"}]},{\"@type\":\"WebSite\",\"@id\":\"https:\/\/pierreguillaumeparis.com\/#website\",\"url\":\"https:\/\/pierreguillaumeparis.com\/\",\"name\":\"Pierre Guillaume Paris\",\"description\":\"Maison de parfum ind\u00e9pendante\",\"publisher\":{\"@id\":\"https:\/\/pierreguillaumeparis.com\/#organization\"},\"potentialAction\":[{\"@type\":\"SearchAction\",\"target\":{\"@type\":\"EntryPoint\",\"urlTemplate\":\"https:\/\/pierreguillaumeparis.com\/?s={search_term_string}\"},\"query-input\":{\"@type\":\"PropertyValueSpecification\",\"valueRequired\":true,\"valueName\":\"search_term_string\"}}],\"inLanguage\":\"en-US\"},{\"@type\":\"Organization\",\"@id\":\"https:\/\/pierreguillaumeparis.com\/#organization\",\"name\":\"Pierre Guillaume Paris\",\"url\":\"https:\/\/pierreguillaumeparis.com\/\",\"logo\":{\"@type\":\"ImageObject\",\"inLanguage\":\"en-US\",\"@id\":\"https:\/\/pierreguillaumeparis.com\/#\/schema\/logo\/image\/\",\"url\":\"https:\/\/pierreguillaumeparis.com\/app\/uploads\/2020\/03\/2000x2000.jpeg\",\"contentUrl\":\"https:\/\/pierreguillaumeparis.com\/app\/uploads\/2020\/03\/2000x2000.jpeg\",\"width\":2000,\"height\":766,\"caption\":\"Pierre Guillaume Paris\"},\"image\":{\"@id\":\"https:\/\/pierreguillaumeparis.com\/#\/schema\/logo\/image\/\"},\"sameAs\":[\"https:\/\/www.facebook.com\/pierreguillaumeparis\/\",\"https:\/\/www.instagram.com\/pierreguillaume_parfumeur\/\"]}]}<\/script>\n<!-- \/ Yoast SEO plugin. -->","yoast_head_json":{"title":"Gift Bag Duo Aqaysos, Woody Spicy Fruity","description":"Gift Bag AQAYSOS : Discover a crystalline wood inspired by the sparkle of crystal. The Pierre Guillaume Paris Eau de Parfum (30ml) and Cleansing Gel duo.","robots":{"index":"index","follow":"follow","max-snippet":"max-snippet:-1","max-image-preview":"max-image-preview:large","max-video-preview":"max-video-preview:-1"},"canonical":"https:\/\/pierreguillaumeparis.com\/en\/perfume\/pochette-cadeaux-duo-aqaysos\/","og_locale":"en_US","og_type":"article","og_title":"Gift Bag Duo Aqaysos, Woody Spicy Fruity","og_description":"Gift Bag AQAYSOS : Discover a crystalline wood inspired by the sparkle of crystal. The Pierre Guillaume Paris Eau de Parfum (30ml) and Cleansing Gel duo.","og_url":"https:\/\/pierreguillaumeparis.com\/en\/perfume\/pochette-cadeaux-duo-aqaysos\/","og_site_name":"Pierre Guillaume Paris","article_publisher":"https:\/\/www.facebook.com\/pierreguillaumeparis\/","article_modified_time":"2025-12-03T10:05:37+00:00","og_image":[{"width":1200,"height":1200,"url":"https:\/\/pierreguillaumeparis.com\/app\/uploads\/2025\/12\/Berlingot-1200-det.png","type":"image\/png"}],"twitter_card":"summary_large_image","twitter_misc":{"Est. reading time":"2 minutes"},"schema":{"@context":"https:\/\/schema.org","@graph":[{"@type":"WebPage","@id":"https:\/\/pierreguillaumeparis.com\/en\/perfume\/pochette-cadeaux-duo-aqaysos\/","url":"https:\/\/pierreguillaumeparis.com\/en\/perfume\/pochette-cadeaux-duo-aqaysos\/","name":"Gift Bag Duo Aqaysos, Woody Spicy Fruity","isPartOf":{"@id":"https:\/\/pierreguillaumeparis.com\/#website"},"primaryImageOfPage":{"@id":"https:\/\/pierreguillaumeparis.com\/en\/perfume\/pochette-cadeaux-duo-aqaysos\/#primaryimage"},"image":{"@id":"https:\/\/pierreguillaumeparis.com\/en\/perfume\/pochette-cadeaux-duo-aqaysos\/#primaryimage"},"thumbnailUrl":"https:\/\/pierreguillaumeparis.com\/app\/uploads\/2025\/12\/Berlingot-1200-det.png","datePublished":"2025-12-02T10:03:46+00:00","dateModified":"2025-12-03T10:05:37+00:00","description":"Gift Bag AQAYSOS : Discover a crystalline wood inspired by the sparkle of crystal. The Pierre Guillaume Paris Eau de Parfum (30ml) and Cleansing Gel duo.","breadcrumb":{"@id":"https:\/\/pierreguillaumeparis.com\/en\/perfume\/pochette-cadeaux-duo-aqaysos\/#breadcrumb"},"inLanguage":"en-US","potentialAction":[{"@type":"ReadAction","target":["https:\/\/pierreguillaumeparis.com\/en\/perfume\/pochette-cadeaux-duo-aqaysos\/"]}]},{"@type":"ImageObject","inLanguage":"en-US","@id":"https:\/\/pierreguillaumeparis.com\/en\/perfume\/pochette-cadeaux-duo-aqaysos\/#primaryimage","url":"https:\/\/pierreguillaumeparis.com\/app\/uploads\/2025\/12\/Berlingot-1200-det.png","contentUrl":"https:\/\/pierreguillaumeparis.com\/app\/uploads\/2025\/12\/Berlingot-1200-det.png","width":1200,"height":1200,"caption":"Notre S\u00e9lection de Pochettes Cadeaux : Le Rituel de Soin Complet Chaque pochette cadeau PIERRE GUILLAUME PARIS est une invitation \u00e0 un voyage sensoriel unique, proposant une Eau de Parfum (30ml) accompagn\u00e9e de son rituel de soin assorti (Gel Lavant et\/ou \u00c9mulsion Parfum\u00e9e). Offrez plus qu\u2019un parfum : offrez une histoire, une \u00e9motion qui se d\u00e9ploie de la douche \u00e0 l\u2019ultime vaporisation. Each PIERRE GUILLAUME PARIS gift pouch is an invitation to a unique sensory journey, offering an Eau de Parfum (30ml) accompanied by its matching skincare ritual (Cleansing Gel and\/or Perfumed Emulsion)."},{"@type":"BreadcrumbList","@id":"https:\/\/pierreguillaumeparis.com\/en\/perfume\/pochette-cadeaux-duo-aqaysos\/#breadcrumb","itemListElement":[{"@type":"ListItem","position":1,"name":"Home","item":"https:\/\/pierreguillaumeparis.com\/en\/"},{"@type":"ListItem","position":2,"name":"Shop","item":"https:\/\/pierreguillaumeparis.com\/en\/shop-perfume\/"},{"@type":"ListItem","position":3,"name":"GIFT BAG \u2013 AQAYSOS"}]},{"@type":"WebSite","@id":"https:\/\/pierreguillaumeparis.com\/#website","url":"https:\/\/pierreguillaumeparis.com\/","name":"Pierre Guillaume Paris","description":"Maison de parfum ind\u00e9pendante","publisher":{"@id":"https:\/\/pierreguillaumeparis.com\/#organization"},"potentialAction":[{"@type":"SearchAction","target":{"@type":"EntryPoint","urlTemplate":"https:\/\/pierreguillaumeparis.com\/?s={search_term_string}"},"query-input":{"@type":"PropertyValueSpecification","valueRequired":true,"valueName":"search_term_string"}}],"inLanguage":"en-US"},{"@type":"Organization","@id":"https:\/\/pierreguillaumeparis.com\/#organization","name":"Pierre Guillaume Paris","url":"https:\/\/pierreguillaumeparis.com\/","logo":{"@type":"ImageObject","inLanguage":"en-US","@id":"https:\/\/pierreguillaumeparis.com\/#\/schema\/logo\/image\/","url":"https:\/\/pierreguillaumeparis.com\/app\/uploads\/2020\/03\/2000x2000.jpeg","contentUrl":"https:\/\/pierreguillaumeparis.com\/app\/uploads\/2020\/03\/2000x2000.jpeg","width":2000,"height":766,"caption":"Pierre Guillaume Paris"},"image":{"@id":"https:\/\/pierreguillaumeparis.com\/#\/schema\/logo\/image\/"},"sameAs":["https:\/\/www.facebook.com\/pierreguillaumeparis\/","https:\/\/www.instagram.com\/pierreguillaume_parfumeur\/"]}]}},"_links":{"self":[{"href":"https:\/\/pierreguillaumeparis.com\/en\/wp-json\/wp\/v2\/product\/30985","targetHints":{"allow":["GET"]}}],"collection":[{"href":"https:\/\/pierreguillaumeparis.com\/en\/wp-json\/wp\/v2\/product"}],"about":[{"href":"https:\/\/pierreguillaumeparis.com\/en\/wp-json\/wp\/v2\/types\/product"}],"version-history":[{"count":2,"href":"https:\/\/pierreguillaumeparis.com\/en\/wp-json\/wp\/v2\/product\/30985\/revisions"}],"predecessor-version":[{"id":30987,"href":"https:\/\/pierreguillaumeparis.com\/en\/wp-json\/wp\/v2\/product\/30985\/revisions\/30987"}],"wp:featuredmedia":[{"embeddable":true,"href":"https:\/\/pierreguillaumeparis.com\/en\/wp-json\/wp\/v2\/media\/30843"}],"wp:attachment":[{"href":"https:\/\/pierreguillaumeparis.com\/en\/wp-json\/wp\/v2\/media?parent=30985"}],"wp:term":[{"taxonomy":"product_brand","embeddable":true,"href":"https:\/\/pierreguillaumeparis.com\/en\/wp-json\/wp\/v2\/product_brand?post=30985"},{"taxonomy":"product_cat","embeddable":true,"href":"https:\/\/pierreguillaumeparis.com\/en\/wp-json\/wp\/v2\/product_cat?post=30985"},{"taxonomy":"product_tag","embeddable":true,"href":"https:\/\/pierreguillaumeparis.com\/en\/wp-json\/wp\/v2\/product_tag?post=30985"}],"curies":[{"name":"wp","href":"https:\/\/api.w.org\/{rel}","templated":true}]}}