{"id":30988,"date":"2025-12-02T11:46:19","date_gmt":"2025-12-02T10:46:19","guid":{"rendered":"https:\/\/pierreguillaumeparis.com\/perfume\/pochette-cadeaux-duo-morning-in-tipasa\/"},"modified":"2025-12-03T11:15:48","modified_gmt":"2025-12-03T10:15:48","slug":"pochette-cadeaux-duo-morning-in-tipasa","status":"publish","type":"product","link":"https:\/\/pierreguillaumeparis.com\/en\/perfume\/pochette-cadeaux-duo-morning-in-tipasa\/","title":{"rendered":"GIFT BAG \u2013 MORNING IN TIPASA"},"content":{"rendered":"<h4><strong>GIFT BAG \u2013 MORNING IN TIPASA<\/strong><\/h4>\n<h5><strong>A 30ml Eau de Parfum and 250ml Cleansing Gel<\/strong><\/h5>\n<p>Give the gift of an eternal summer morning: <strong>MORNING IN TIPASA 07.2<\/strong> is a citrus-aromatic tribute to Albert Camus&#8217;s Ruins and the Sea. Discover bergamot, peppermint and jujube honey in <strong>an Eau de Parfum and Cleansing Gel gift set, for a fragrant ritual that celebrates nature and gentleness<\/strong>.<\/p>\n<h5><strong>Contents of the Gift Bag (Dimensions: 225 x 167 x 186 mm):<\/strong><\/h5>\n<p>&nbsp;<\/p>\n<h4><strong>MORNING IN TIPASA 07.2, <\/strong><strong>Continent Africain &amp; M\u00e9diterran\u00e9e\u2026<\/strong><\/h4>\n<h5><strong>Eau de Parfum 30ml &#8211; <\/strong><strong>NUMBERED <\/strong><strong>Collection<\/strong><\/h5>\n<p>Hesperidic &#8211; Balmy aromatic<\/p>\n<div class=\"wpb_text_column wpb_content_element vc_custom_1682676636736\">\n<div class=\"wpb_wrapper\">\n<div class=\"wpb_text_column wpb_content_element vc_custom_1580722127884\">\n<div class=\"wpb_wrapper\">\n<p><em><strong>Wild Lemongrass, Peppermint, Mediterranean Pine, Bergamot, Jujube Tree Honey.<br \/>\n<\/strong><\/em><\/p>\n<h6><strong>THE INSPIRATION<\/strong><\/h6>\n<p>Wedding in Tipasa (1938) by Albert Camus is one of my favorite texts: The author vividly depicts the summer, the rites of youth in Tipasa, with its Roman ruins and the sea below, exalting nature and the beauty of bodies under the sun. <em>\u201cPossession of the wave<\/em>\u201d\u2026 the words of Camus resonate in my head as a perfumer and my mind wanders among the remains scattered between sea and mountain, listing the Algerian flora: bergamot trees, wild lemongrass, peppermint, Mediterranean pine and jujube tree in the <em>\u201csun-blackened\u201d<\/em> countryside. Diving in the water from the rocks, one morning in Tipasa\u2026<\/p>\n<h6><strong>THE NAME<\/strong><\/h6>\n<p><em>Tipasa<\/em>, from the name of the Algerian coastal city, which means place of passage or stopover.<\/p>\n<p><em><a href=\"https:\/\/pierreguillaumeparis.com\/en\/facette-parfum\/citrus\/\">Wild Lemongrass<\/a>, <a href=\"https:\/\/pierreguillaumeparis.com\/en\/facette-parfum\/aromatic\/\">Peppermint<\/a>, <a href=\"https:\/\/pierreguillaumeparis.com\/en\/facette-parfum\/resinous\/\">Mediterranean Pine<\/a><\/em><\/p>\n<p>&nbsp;<\/p>\n<hr \/>\n<p>&nbsp;<\/p>\n<\/div>\n<\/div>\n<\/div>\n<\/div>\n<h4><strong>CLEANSING HANDS &amp; BODY GEL MORNING IN TIPASA<\/strong><\/h4>\n<h5><strong>Morning in Tipasa <\/strong><strong>Cleansing Hands &amp; Body Gel \u2013 250ml<\/strong><strong><br \/>\n<\/strong><\/h5>\n<p>&nbsp;<\/p>\n<p><em>Centered on the essentials, the Cleansing Hands &amp; Body Gel <strong>Morning in Tipasa<\/strong> will make the shower a moment of happiness in the comfortable and sexy cocoon of your favorite perfume.<\/em><\/p>\n<p><strong>A highly scented formula<\/strong> and a cocktail of <strong>natural or renewable ingredients<\/strong> including sodium coconut glutamate: this very mild surfactant is the coconut glutamate fatty acid, an amino acid of more abundant in the structural protein (collagen) of human skin, allows a gentle wash of the face, hair and body or just hands.<\/p>\n<p>We promise, You will love it !<\/p>\n<p><strong>SLS FREE \u2013 <a href=\"https:\/\/fr.wikipedia.org\/wiki\/Parab%C3%A8ne\">PARABEN FREE<\/a><\/strong><\/p>\n<p><em><a href=\"https:\/\/pierreguillaumeparis.com\/en\/facette-parfum\/diffusive\/\">Wild Lemongrass<\/a>, <a href=\"https:\/\/pierreguillaumeparis.com\/en\/facette-parfum\/full-bodied\/\">Peppermint<\/a>, <a href=\"https:\/\/pierreguillaumeparis.com\/en\/facette-parfum\/resinous\/\">Mediterranean Pine<\/a><\/em><\/p>\n","protected":false},"excerpt":{"rendered":"<p>PIERRE GUILLAUME PARIS invites you to discover <a href=\"https:\/\/pierreguillaumeparis.com\/en\/perfume\/07-2-morning-in-tipasa\/\"><strong>Morning in Tipasa<\/strong><\/a>, an eau de parfum and its accompanying <a href=\"https:\/\/pierreguillaumeparis.com\/en\/perfume\/morning-in-tipasa-cleansing-hands-body-gel\/\"><strong>Morning in Tipasa <\/strong><\/a><strong>Cleansing Hands &amp; Body Gel.<br \/>\n<\/strong>Wild Lemongrass, Peppermint, Mediterranean Pine<\/p>\n","protected":false},"featured_media":30843,"template":"","meta":{"_acf_changed":false,"footnotes":""},"product_brand":[],"product_cat":[227,42],"product_tag":[157,161,165,155,172,169,204,166,162],"class_list":{"0":"post-30988","1":"product","2":"type-product","3":"status-publish","4":"has-post-thumbnail","6":"product_cat-gift-boxes","7":"product_cat-perfumes-en","8":"product_tag-amber","9":"product_tag-aromatic","10":"product_tag-cedarwood","11":"product_tag-citrus","12":"product_tag-diffusive","13":"product_tag-full-bodied","14":"product_tag-resinous","15":"product_tag-warm","16":"product_tag-woody","17":"pa_contenance-250ml-en","18":"pa_contenance-30ml-en","20":"first","21":"instock","22":"taxable","23":"shipping-taxable","24":"purchasable","25":"product-type-simple"},"acf":[],"yoast_head":"<!-- This site is optimized with the Yoast SEO plugin v26.3 - https:\/\/yoast.com\/wordpress\/plugins\/seo\/ -->\n<title>Gift Bag Duo Morning in Tipasa, Citrus - Balmy aromatic<\/title>\n<meta name=\"description\" content=\"Gift Bag Duo MORNING IN TIPASA : Eau de Parfum (30ml) and Pierre Guillaume Cleansing Gel for a fresh and memorable ritual. Citrus-Aromatic Balm.\" \/>\n<meta name=\"robots\" content=\"index, follow, max-snippet:-1, max-image-preview:large, max-video-preview:-1\" \/>\n<link rel=\"canonical\" href=\"https:\/\/pierreguillaumeparis.com\/en\/perfume\/pochette-cadeaux-duo-morning-in-tipasa\/\" \/>\n<meta property=\"og:locale\" content=\"en_US\" \/>\n<meta property=\"og:type\" content=\"article\" \/>\n<meta property=\"og:title\" content=\"Gift Bag Duo Morning in Tipasa, Citrus - Balmy aromatic\" \/>\n<meta property=\"og:description\" content=\"Gift Bag Duo MORNING IN TIPASA : Eau de Parfum (30ml) and Pierre Guillaume Cleansing Gel for a fresh and memorable ritual. Citrus-Aromatic Balm.\" \/>\n<meta property=\"og:url\" content=\"https:\/\/pierreguillaumeparis.com\/en\/perfume\/pochette-cadeaux-duo-morning-in-tipasa\/\" \/>\n<meta property=\"og:site_name\" content=\"Pierre Guillaume Paris\" \/>\n<meta property=\"article:publisher\" content=\"https:\/\/www.facebook.com\/pierreguillaumeparis\/\" \/>\n<meta property=\"article:modified_time\" content=\"2025-12-03T10:15:48+00:00\" \/>\n<meta property=\"og:image\" content=\"https:\/\/pierreguillaumeparis.com\/app\/uploads\/2025\/12\/Berlingot-1200-det.png\" \/>\n\t<meta property=\"og:image:width\" content=\"1200\" \/>\n\t<meta property=\"og:image:height\" content=\"1200\" \/>\n\t<meta property=\"og:image:type\" content=\"image\/png\" \/>\n<meta name=\"twitter:card\" content=\"summary_large_image\" \/>\n<meta name=\"twitter:label1\" content=\"Est. reading time\" \/>\n\t<meta name=\"twitter:data1\" content=\"2 minutes\" \/>\n<script type=\"application\/ld+json\" class=\"yoast-schema-graph\">{\"@context\":\"https:\/\/schema.org\",\"@graph\":[{\"@type\":\"WebPage\",\"@id\":\"https:\/\/pierreguillaumeparis.com\/en\/perfume\/pochette-cadeaux-duo-morning-in-tipasa\/\",\"url\":\"https:\/\/pierreguillaumeparis.com\/en\/perfume\/pochette-cadeaux-duo-morning-in-tipasa\/\",\"name\":\"Gift Bag Duo Morning in Tipasa, Citrus - Balmy aromatic\",\"isPartOf\":{\"@id\":\"https:\/\/pierreguillaumeparis.com\/#website\"},\"primaryImageOfPage\":{\"@id\":\"https:\/\/pierreguillaumeparis.com\/en\/perfume\/pochette-cadeaux-duo-morning-in-tipasa\/#primaryimage\"},\"image\":{\"@id\":\"https:\/\/pierreguillaumeparis.com\/en\/perfume\/pochette-cadeaux-duo-morning-in-tipasa\/#primaryimage\"},\"thumbnailUrl\":\"https:\/\/pierreguillaumeparis.com\/app\/uploads\/2025\/12\/Berlingot-1200-det.png\",\"datePublished\":\"2025-12-02T10:46:19+00:00\",\"dateModified\":\"2025-12-03T10:15:48+00:00\",\"description\":\"Gift Bag Duo MORNING IN TIPASA : Eau de Parfum (30ml) and Pierre Guillaume Cleansing Gel for a fresh and memorable ritual. Citrus-Aromatic Balm.\",\"breadcrumb\":{\"@id\":\"https:\/\/pierreguillaumeparis.com\/en\/perfume\/pochette-cadeaux-duo-morning-in-tipasa\/#breadcrumb\"},\"inLanguage\":\"en-US\",\"potentialAction\":[{\"@type\":\"ReadAction\",\"target\":[\"https:\/\/pierreguillaumeparis.com\/en\/perfume\/pochette-cadeaux-duo-morning-in-tipasa\/\"]}]},{\"@type\":\"ImageObject\",\"inLanguage\":\"en-US\",\"@id\":\"https:\/\/pierreguillaumeparis.com\/en\/perfume\/pochette-cadeaux-duo-morning-in-tipasa\/#primaryimage\",\"url\":\"https:\/\/pierreguillaumeparis.com\/app\/uploads\/2025\/12\/Berlingot-1200-det.png\",\"contentUrl\":\"https:\/\/pierreguillaumeparis.com\/app\/uploads\/2025\/12\/Berlingot-1200-det.png\",\"width\":1200,\"height\":1200,\"caption\":\"Notre S\u00e9lection de Pochettes Cadeaux : Le Rituel de Soin Complet Chaque pochette cadeau PIERRE GUILLAUME PARIS est une invitation \u00e0 un voyage sensoriel unique, proposant une Eau de Parfum (30ml) accompagn\u00e9e de son rituel de soin assorti (Gel Lavant et\/ou \u00c9mulsion Parfum\u00e9e). Offrez plus qu\u2019un parfum : offrez une histoire, une \u00e9motion qui se d\u00e9ploie de la douche \u00e0 l\u2019ultime vaporisation. Each PIERRE GUILLAUME PARIS gift pouch is an invitation to a unique sensory journey, offering an Eau de Parfum (30ml) accompanied by its matching skincare ritual (Cleansing Gel and\/or Perfumed Emulsion).\"},{\"@type\":\"BreadcrumbList\",\"@id\":\"https:\/\/pierreguillaumeparis.com\/en\/perfume\/pochette-cadeaux-duo-morning-in-tipasa\/#breadcrumb\",\"itemListElement\":[{\"@type\":\"ListItem\",\"position\":1,\"name\":\"Home\",\"item\":\"https:\/\/pierreguillaumeparis.com\/en\/\"},{\"@type\":\"ListItem\",\"position\":2,\"name\":\"Shop\",\"item\":\"https:\/\/pierreguillaumeparis.com\/en\/shop-perfume\/\"},{\"@type\":\"ListItem\",\"position\":3,\"name\":\"GIFT BAG \u2013 MORNING IN TIPASA\"}]},{\"@type\":\"WebSite\",\"@id\":\"https:\/\/pierreguillaumeparis.com\/#website\",\"url\":\"https:\/\/pierreguillaumeparis.com\/\",\"name\":\"Pierre Guillaume Paris\",\"description\":\"Maison de parfum ind\u00e9pendante\",\"publisher\":{\"@id\":\"https:\/\/pierreguillaumeparis.com\/#organization\"},\"potentialAction\":[{\"@type\":\"SearchAction\",\"target\":{\"@type\":\"EntryPoint\",\"urlTemplate\":\"https:\/\/pierreguillaumeparis.com\/?s={search_term_string}\"},\"query-input\":{\"@type\":\"PropertyValueSpecification\",\"valueRequired\":true,\"valueName\":\"search_term_string\"}}],\"inLanguage\":\"en-US\"},{\"@type\":\"Organization\",\"@id\":\"https:\/\/pierreguillaumeparis.com\/#organization\",\"name\":\"Pierre Guillaume Paris\",\"url\":\"https:\/\/pierreguillaumeparis.com\/\",\"logo\":{\"@type\":\"ImageObject\",\"inLanguage\":\"en-US\",\"@id\":\"https:\/\/pierreguillaumeparis.com\/#\/schema\/logo\/image\/\",\"url\":\"https:\/\/pierreguillaumeparis.com\/app\/uploads\/2020\/03\/2000x2000.jpeg\",\"contentUrl\":\"https:\/\/pierreguillaumeparis.com\/app\/uploads\/2020\/03\/2000x2000.jpeg\",\"width\":2000,\"height\":766,\"caption\":\"Pierre Guillaume Paris\"},\"image\":{\"@id\":\"https:\/\/pierreguillaumeparis.com\/#\/schema\/logo\/image\/\"},\"sameAs\":[\"https:\/\/www.facebook.com\/pierreguillaumeparis\/\",\"https:\/\/www.instagram.com\/pierreguillaume_parfumeur\/\"]}]}<\/script>\n<!-- \/ Yoast SEO plugin. -->","yoast_head_json":{"title":"Gift Bag Duo Morning in Tipasa, Citrus - Balmy aromatic","description":"Gift Bag Duo MORNING IN TIPASA : Eau de Parfum (30ml) and Pierre Guillaume Cleansing Gel for a fresh and memorable ritual. Citrus-Aromatic Balm.","robots":{"index":"index","follow":"follow","max-snippet":"max-snippet:-1","max-image-preview":"max-image-preview:large","max-video-preview":"max-video-preview:-1"},"canonical":"https:\/\/pierreguillaumeparis.com\/en\/perfume\/pochette-cadeaux-duo-morning-in-tipasa\/","og_locale":"en_US","og_type":"article","og_title":"Gift Bag Duo Morning in Tipasa, Citrus - Balmy aromatic","og_description":"Gift Bag Duo MORNING IN TIPASA : Eau de Parfum (30ml) and Pierre Guillaume Cleansing Gel for a fresh and memorable ritual. Citrus-Aromatic Balm.","og_url":"https:\/\/pierreguillaumeparis.com\/en\/perfume\/pochette-cadeaux-duo-morning-in-tipasa\/","og_site_name":"Pierre Guillaume Paris","article_publisher":"https:\/\/www.facebook.com\/pierreguillaumeparis\/","article_modified_time":"2025-12-03T10:15:48+00:00","og_image":[{"width":1200,"height":1200,"url":"https:\/\/pierreguillaumeparis.com\/app\/uploads\/2025\/12\/Berlingot-1200-det.png","type":"image\/png"}],"twitter_card":"summary_large_image","twitter_misc":{"Est. reading time":"2 minutes"},"schema":{"@context":"https:\/\/schema.org","@graph":[{"@type":"WebPage","@id":"https:\/\/pierreguillaumeparis.com\/en\/perfume\/pochette-cadeaux-duo-morning-in-tipasa\/","url":"https:\/\/pierreguillaumeparis.com\/en\/perfume\/pochette-cadeaux-duo-morning-in-tipasa\/","name":"Gift Bag Duo Morning in Tipasa, Citrus - Balmy aromatic","isPartOf":{"@id":"https:\/\/pierreguillaumeparis.com\/#website"},"primaryImageOfPage":{"@id":"https:\/\/pierreguillaumeparis.com\/en\/perfume\/pochette-cadeaux-duo-morning-in-tipasa\/#primaryimage"},"image":{"@id":"https:\/\/pierreguillaumeparis.com\/en\/perfume\/pochette-cadeaux-duo-morning-in-tipasa\/#primaryimage"},"thumbnailUrl":"https:\/\/pierreguillaumeparis.com\/app\/uploads\/2025\/12\/Berlingot-1200-det.png","datePublished":"2025-12-02T10:46:19+00:00","dateModified":"2025-12-03T10:15:48+00:00","description":"Gift Bag Duo MORNING IN TIPASA : Eau de Parfum (30ml) and Pierre Guillaume Cleansing Gel for a fresh and memorable ritual. Citrus-Aromatic Balm.","breadcrumb":{"@id":"https:\/\/pierreguillaumeparis.com\/en\/perfume\/pochette-cadeaux-duo-morning-in-tipasa\/#breadcrumb"},"inLanguage":"en-US","potentialAction":[{"@type":"ReadAction","target":["https:\/\/pierreguillaumeparis.com\/en\/perfume\/pochette-cadeaux-duo-morning-in-tipasa\/"]}]},{"@type":"ImageObject","inLanguage":"en-US","@id":"https:\/\/pierreguillaumeparis.com\/en\/perfume\/pochette-cadeaux-duo-morning-in-tipasa\/#primaryimage","url":"https:\/\/pierreguillaumeparis.com\/app\/uploads\/2025\/12\/Berlingot-1200-det.png","contentUrl":"https:\/\/pierreguillaumeparis.com\/app\/uploads\/2025\/12\/Berlingot-1200-det.png","width":1200,"height":1200,"caption":"Notre S\u00e9lection de Pochettes Cadeaux : Le Rituel de Soin Complet Chaque pochette cadeau PIERRE GUILLAUME PARIS est une invitation \u00e0 un voyage sensoriel unique, proposant une Eau de Parfum (30ml) accompagn\u00e9e de son rituel de soin assorti (Gel Lavant et\/ou \u00c9mulsion Parfum\u00e9e). Offrez plus qu\u2019un parfum : offrez une histoire, une \u00e9motion qui se d\u00e9ploie de la douche \u00e0 l\u2019ultime vaporisation. Each PIERRE GUILLAUME PARIS gift pouch is an invitation to a unique sensory journey, offering an Eau de Parfum (30ml) accompanied by its matching skincare ritual (Cleansing Gel and\/or Perfumed Emulsion)."},{"@type":"BreadcrumbList","@id":"https:\/\/pierreguillaumeparis.com\/en\/perfume\/pochette-cadeaux-duo-morning-in-tipasa\/#breadcrumb","itemListElement":[{"@type":"ListItem","position":1,"name":"Home","item":"https:\/\/pierreguillaumeparis.com\/en\/"},{"@type":"ListItem","position":2,"name":"Shop","item":"https:\/\/pierreguillaumeparis.com\/en\/shop-perfume\/"},{"@type":"ListItem","position":3,"name":"GIFT BAG \u2013 MORNING IN TIPASA"}]},{"@type":"WebSite","@id":"https:\/\/pierreguillaumeparis.com\/#website","url":"https:\/\/pierreguillaumeparis.com\/","name":"Pierre Guillaume Paris","description":"Maison de parfum ind\u00e9pendante","publisher":{"@id":"https:\/\/pierreguillaumeparis.com\/#organization"},"potentialAction":[{"@type":"SearchAction","target":{"@type":"EntryPoint","urlTemplate":"https:\/\/pierreguillaumeparis.com\/?s={search_term_string}"},"query-input":{"@type":"PropertyValueSpecification","valueRequired":true,"valueName":"search_term_string"}}],"inLanguage":"en-US"},{"@type":"Organization","@id":"https:\/\/pierreguillaumeparis.com\/#organization","name":"Pierre Guillaume Paris","url":"https:\/\/pierreguillaumeparis.com\/","logo":{"@type":"ImageObject","inLanguage":"en-US","@id":"https:\/\/pierreguillaumeparis.com\/#\/schema\/logo\/image\/","url":"https:\/\/pierreguillaumeparis.com\/app\/uploads\/2020\/03\/2000x2000.jpeg","contentUrl":"https:\/\/pierreguillaumeparis.com\/app\/uploads\/2020\/03\/2000x2000.jpeg","width":2000,"height":766,"caption":"Pierre Guillaume Paris"},"image":{"@id":"https:\/\/pierreguillaumeparis.com\/#\/schema\/logo\/image\/"},"sameAs":["https:\/\/www.facebook.com\/pierreguillaumeparis\/","https:\/\/www.instagram.com\/pierreguillaume_parfumeur\/"]}]}},"_links":{"self":[{"href":"https:\/\/pierreguillaumeparis.com\/en\/wp-json\/wp\/v2\/product\/30988","targetHints":{"allow":["GET"]}}],"collection":[{"href":"https:\/\/pierreguillaumeparis.com\/en\/wp-json\/wp\/v2\/product"}],"about":[{"href":"https:\/\/pierreguillaumeparis.com\/en\/wp-json\/wp\/v2\/types\/product"}],"version-history":[{"count":2,"href":"https:\/\/pierreguillaumeparis.com\/en\/wp-json\/wp\/v2\/product\/30988\/revisions"}],"predecessor-version":[{"id":30990,"href":"https:\/\/pierreguillaumeparis.com\/en\/wp-json\/wp\/v2\/product\/30988\/revisions\/30990"}],"wp:featuredmedia":[{"embeddable":true,"href":"https:\/\/pierreguillaumeparis.com\/en\/wp-json\/wp\/v2\/media\/30843"}],"wp:attachment":[{"href":"https:\/\/pierreguillaumeparis.com\/en\/wp-json\/wp\/v2\/media?parent=30988"}],"wp:term":[{"taxonomy":"product_brand","embeddable":true,"href":"https:\/\/pierreguillaumeparis.com\/en\/wp-json\/wp\/v2\/product_brand?post=30988"},{"taxonomy":"product_cat","embeddable":true,"href":"https:\/\/pierreguillaumeparis.com\/en\/wp-json\/wp\/v2\/product_cat?post=30988"},{"taxonomy":"product_tag","embeddable":true,"href":"https:\/\/pierreguillaumeparis.com\/en\/wp-json\/wp\/v2\/product_tag?post=30988"}],"curies":[{"name":"wp","href":"https:\/\/api.w.org\/{rel}","templated":true}]}}