{"id":32136,"date":"2026-01-09T09:22:27","date_gmt":"2026-01-09T08:22:27","guid":{"rendered":"https:\/\/pierreguillaumeparis.com\/perfume\/13-2-metarosme\/"},"modified":"2026-01-12T14:48:34","modified_gmt":"2026-01-12T13:48:34","slug":"13-2-metarosme","status":"publish","type":"product","link":"https:\/\/pierreguillaumeparis.com\/en\/perfume\/13-2-metarosme\/","title":{"rendered":"13.2 METAROSME"},"content":{"rendered":"<h4><strong>13.2 M\u00c9TAROSME<\/strong><\/h4>\n<h5><strong>Theme 13: Rose(s)<\/strong><\/h5>\n<h5>Floral Mineral and Spicy<\/h5>\n<p>&nbsp;<\/p>\n<h6><strong>The Mineral Radiance of an Androgynous Rose<\/strong><\/h6>\n<p>&nbsp;<\/p>\n<h6><strong>THE INSPIRATION<\/strong><\/h6>\n<p>A <a href=\"https:\/\/pierreguillaumeparis.com\/en\/specialites-signatures\/\"><strong>signature speciality<\/strong><\/a> from Maison PIERRE GUILLAULME PARIS: <strong>Obsidial\u00ae<\/strong>, a floral volumising agent inspired by the distinctive scent of Volvic stone warmed by the sun after rain.<br \/>\nAn <strong>abstract rose<\/strong>, captured at the moment when it detaches itself from its floral nature to become pure matter. Between the mineral warmth of Obsidial and the balsamic\/ambergris aura of Grisalva, a flower is transformed: neither vegetal nor carnal, but elemental. The accord becomes a symbol\u00a0\u2014\u00a0<strong>the metamorphosis of an emotion into matter<\/strong>, of a colour into vibration.<\/p>\n<h6><strong>THE PERFUME<\/strong><\/h6>\n<p>The indefinable and diffuse mineral warmth of <strong>Obsidial\u00ae<\/strong> vibrates to <strong>the woody pulse of redwood<\/strong>. The floral heart, dominated by rose, fades into a dense white light where <strong>Grisalva<\/strong> acts as a salty reverberation, while Obsidial, in the background, provides the necessary tension: a complex watery and spicy note that runs through the whole like a wave. A fragrance of elevation and balance, neither cold nor warm\u00a0\u2014\u00a0stable like a shape, moving like a wave.<\/p>\n<h6><strong>THE NAME<\/strong><\/h6>\n<p><strong>M\u00e9tarosme<\/strong> is a portmanteau of metamorphosis, rose and osmosis. It evokes the slow transformation of a living form into spiritual matter: the rose becoming architecture. Within the Collection Num\u00e9raire, <strong>13.2 M\u00e9tarosme<\/strong> follows <a href=\"https:\/\/pierreguillaumeparis.com\/en\/perfume\/brulure-de-rose\/\"><strong>Br\u00fblure de Rose<\/strong><\/a> and <a href=\"https:\/\/pierreguillaumeparis.com\/en\/perfume\/13-1-la-nymphe-le-poete\/\"><strong>La Nymphe et le Po\u00e8te<\/strong><\/a> as the synthesis of their opposites: the rose loses its flesh to gain light.<\/p>\n<p><a href=\"https:\/\/pierreguillaumeparis.com\/en\/metarosme-workshop-edition\/\"><em><strong>To Go Further\u2026<\/strong><\/em><\/a><\/p>\n<p><em><a href=\"https:\/\/pierreguillaumeparis.com\/en\/facette-parfum\/rose-en\/\">Rose-M\u00e9t\u00e9ore Accord<\/a>, <a href=\"https:\/\/pierreguillaumeparis.com\/en\/facette-parfum\/floral-amber\/\">Obsidial\u00ae<\/a>, <a href=\"https:\/\/pierreguillaumeparis.com\/en\/facette-parfum\/amber\/\">Grisalva<\/a>, <a href=\"https:\/\/pierreguillaumeparis.com\/en\/facette-parfum\/woody\/\">Redwood<\/a><\/em><\/p>\n","protected":false},"excerpt":{"rendered":"<p>Rose-M\u00e9t\u00e9ore Accord, Obsidial\u00ae, Grisalva, Redwood<\/p>\n","protected":false},"featured_media":32005,"template":"","meta":{"_acf_changed":false,"footnotes":""},"product_brand":[],"product_cat":[41,42],"product_tag":[157,172,208,176,181,184,191,206,177,166,162],"class_list":{"0":"post-32136","1":"product","2":"type-product","3":"status-publish","4":"has-post-thumbnail","6":"product_cat-numbered-en","7":"product_cat-perfumes-en","8":"product_tag-amber","9":"product_tag-diffusive","10":"product_tag-dry","11":"product_tag-enfolding","12":"product_tag-floral-en-2","13":"product_tag-floral-amber","14":"product_tag-intense-en","15":"product_tag-rose-en","16":"product_tag-spicy","17":"product_tag-warm","18":"product_tag-woody","19":"pa_contenance-100ml-en","20":"pa_contenance-50ml-en","22":"first","23":"instock","24":"taxable","25":"shipping-taxable","26":"purchasable","27":"product-type-variable"},"acf":[],"yoast_head":"<!-- This site is optimized with the Yoast SEO plugin v26.3 - https:\/\/yoast.com\/wordpress\/plugins\/seo\/ -->\n<title>13.2 M\u00e9tarosme - Pierre Guillaume Paris | Woody mineral rose<\/title>\n<meta name=\"description\" content=\"R\u00e9sultat de la traductionM\u00e9tarosme 13.2: an androgynous, abstract rose with hints of Volvic stone (Obsidial\u00ae), redwood and Grisalva.\" \/>\n<meta name=\"robots\" content=\"index, follow, max-snippet:-1, max-image-preview:large, max-video-preview:-1\" \/>\n<link rel=\"canonical\" href=\"https:\/\/pierreguillaumeparis.com\/en\/perfume\/13-2-metarosme\/\" \/>\n<meta property=\"og:locale\" content=\"en_US\" \/>\n<meta property=\"og:type\" content=\"article\" \/>\n<meta property=\"og:title\" content=\"13.2 M\u00e9tarosme - Pierre Guillaume Paris | Woody mineral rose\" \/>\n<meta property=\"og:description\" content=\"R\u00e9sultat de la traductionM\u00e9tarosme 13.2: an androgynous, abstract rose with hints of Volvic stone (Obsidial\u00ae), redwood and Grisalva.\" \/>\n<meta property=\"og:url\" content=\"https:\/\/pierreguillaumeparis.com\/en\/perfume\/13-2-metarosme\/\" \/>\n<meta property=\"og:site_name\" content=\"Pierre Guillaume Paris\" \/>\n<meta property=\"article:publisher\" content=\"https:\/\/www.facebook.com\/pierreguillaumeparis\/\" \/>\n<meta property=\"article:modified_time\" content=\"2026-01-12T13:48:34+00:00\" \/>\n<meta property=\"og:image\" content=\"https:\/\/pierreguillaumeparis.com\/app\/uploads\/2026\/01\/Pierre-Guillaume-Paris-Metarosme-13-2-Parfum-Bouteille-100ml-Accord-Rose-Meteore-Obsidial-Grisalva-Bois-de-Sequoia.png\" \/>\n\t<meta property=\"og:image:width\" content=\"1200\" \/>\n\t<meta property=\"og:image:height\" content=\"1200\" \/>\n\t<meta property=\"og:image:type\" content=\"image\/png\" \/>\n<meta name=\"twitter:card\" content=\"summary_large_image\" \/>\n<meta name=\"twitter:label1\" content=\"Est. reading time\" \/>\n\t<meta name=\"twitter:data1\" content=\"2 minutes\" \/>\n<script type=\"application\/ld+json\" class=\"yoast-schema-graph\">{\"@context\":\"https:\/\/schema.org\",\"@graph\":[{\"@type\":\"WebPage\",\"@id\":\"https:\/\/pierreguillaumeparis.com\/en\/perfume\/13-2-metarosme\/\",\"url\":\"https:\/\/pierreguillaumeparis.com\/en\/perfume\/13-2-metarosme\/\",\"name\":\"13.2 M\u00e9tarosme - Pierre Guillaume Paris | Woody mineral rose\",\"isPartOf\":{\"@id\":\"https:\/\/pierreguillaumeparis.com\/#website\"},\"primaryImageOfPage\":{\"@id\":\"https:\/\/pierreguillaumeparis.com\/en\/perfume\/13-2-metarosme\/#primaryimage\"},\"image\":{\"@id\":\"https:\/\/pierreguillaumeparis.com\/en\/perfume\/13-2-metarosme\/#primaryimage\"},\"thumbnailUrl\":\"https:\/\/pierreguillaumeparis.com\/app\/uploads\/2026\/01\/Pierre-Guillaume-Paris-Metarosme-13-2-Parfum-Bouteille-100ml-Accord-Rose-Meteore-Obsidial-Grisalva-Bois-de-Sequoia.png\",\"datePublished\":\"2026-01-09T08:22:27+00:00\",\"dateModified\":\"2026-01-12T13:48:34+00:00\",\"description\":\"R\u00e9sultat de la traductionM\u00e9tarosme 13.2: an androgynous, abstract rose with hints of Volvic stone (Obsidial\u00ae), redwood and Grisalva.\",\"breadcrumb\":{\"@id\":\"https:\/\/pierreguillaumeparis.com\/en\/perfume\/13-2-metarosme\/#breadcrumb\"},\"inLanguage\":\"en-US\",\"potentialAction\":[{\"@type\":\"ReadAction\",\"target\":[\"https:\/\/pierreguillaumeparis.com\/en\/perfume\/13-2-metarosme\/\"]}]},{\"@type\":\"ImageObject\",\"inLanguage\":\"en-US\",\"@id\":\"https:\/\/pierreguillaumeparis.com\/en\/perfume\/13-2-metarosme\/#primaryimage\",\"url\":\"https:\/\/pierreguillaumeparis.com\/app\/uploads\/2026\/01\/Pierre-Guillaume-Paris-Metarosme-13-2-Parfum-Bouteille-100ml-Accord-Rose-Meteore-Obsidial-Grisalva-Bois-de-Sequoia.png\",\"contentUrl\":\"https:\/\/pierreguillaumeparis.com\/app\/uploads\/2026\/01\/Pierre-Guillaume-Paris-Metarosme-13-2-Parfum-Bouteille-100ml-Accord-Rose-Meteore-Obsidial-Grisalva-Bois-de-Sequoia.png\",\"width\":1200,\"height\":1200,\"caption\":\"13.2 M\u00e9tarosme Pierre Guillaume Paris perfume bottle - Mineral Rose and Obsidial Flacon de parfum 13.2 M\u00e9tarosme Pierre Guillaume Paris - Rose Min\u00e9rale et Obsidial\"},{\"@type\":\"BreadcrumbList\",\"@id\":\"https:\/\/pierreguillaumeparis.com\/en\/perfume\/13-2-metarosme\/#breadcrumb\",\"itemListElement\":[{\"@type\":\"ListItem\",\"position\":1,\"name\":\"Home\",\"item\":\"https:\/\/pierreguillaumeparis.com\/en\/\"},{\"@type\":\"ListItem\",\"position\":2,\"name\":\"Shop\",\"item\":\"https:\/\/pierreguillaumeparis.com\/en\/shop-perfume\/\"},{\"@type\":\"ListItem\",\"position\":3,\"name\":\"13.2 METAROSME\"}]},{\"@type\":\"WebSite\",\"@id\":\"https:\/\/pierreguillaumeparis.com\/#website\",\"url\":\"https:\/\/pierreguillaumeparis.com\/\",\"name\":\"Pierre Guillaume Paris\",\"description\":\"Maison de parfum ind\u00e9pendante\",\"publisher\":{\"@id\":\"https:\/\/pierreguillaumeparis.com\/#organization\"},\"potentialAction\":[{\"@type\":\"SearchAction\",\"target\":{\"@type\":\"EntryPoint\",\"urlTemplate\":\"https:\/\/pierreguillaumeparis.com\/?s={search_term_string}\"},\"query-input\":{\"@type\":\"PropertyValueSpecification\",\"valueRequired\":true,\"valueName\":\"search_term_string\"}}],\"inLanguage\":\"en-US\"},{\"@type\":\"Organization\",\"@id\":\"https:\/\/pierreguillaumeparis.com\/#organization\",\"name\":\"Pierre Guillaume Paris\",\"url\":\"https:\/\/pierreguillaumeparis.com\/\",\"logo\":{\"@type\":\"ImageObject\",\"inLanguage\":\"en-US\",\"@id\":\"https:\/\/pierreguillaumeparis.com\/#\/schema\/logo\/image\/\",\"url\":\"https:\/\/pierreguillaumeparis.com\/app\/uploads\/2020\/03\/2000x2000.jpeg\",\"contentUrl\":\"https:\/\/pierreguillaumeparis.com\/app\/uploads\/2020\/03\/2000x2000.jpeg\",\"width\":2000,\"height\":766,\"caption\":\"Pierre Guillaume Paris\"},\"image\":{\"@id\":\"https:\/\/pierreguillaumeparis.com\/#\/schema\/logo\/image\/\"},\"sameAs\":[\"https:\/\/www.facebook.com\/pierreguillaumeparis\/\",\"https:\/\/www.instagram.com\/pierreguillaume_parfumeur\/\"]}]}<\/script>\n<!-- \/ Yoast SEO plugin. -->","yoast_head_json":{"title":"13.2 M\u00e9tarosme - Pierre Guillaume Paris | Woody mineral rose","description":"R\u00e9sultat de la traductionM\u00e9tarosme 13.2: an androgynous, abstract rose with hints of Volvic stone (Obsidial\u00ae), redwood and Grisalva.","robots":{"index":"index","follow":"follow","max-snippet":"max-snippet:-1","max-image-preview":"max-image-preview:large","max-video-preview":"max-video-preview:-1"},"canonical":"https:\/\/pierreguillaumeparis.com\/en\/perfume\/13-2-metarosme\/","og_locale":"en_US","og_type":"article","og_title":"13.2 M\u00e9tarosme - Pierre Guillaume Paris | Woody mineral rose","og_description":"R\u00e9sultat de la traductionM\u00e9tarosme 13.2: an androgynous, abstract rose with hints of Volvic stone (Obsidial\u00ae), redwood and Grisalva.","og_url":"https:\/\/pierreguillaumeparis.com\/en\/perfume\/13-2-metarosme\/","og_site_name":"Pierre Guillaume Paris","article_publisher":"https:\/\/www.facebook.com\/pierreguillaumeparis\/","article_modified_time":"2026-01-12T13:48:34+00:00","og_image":[{"width":1200,"height":1200,"url":"https:\/\/pierreguillaumeparis.com\/app\/uploads\/2026\/01\/Pierre-Guillaume-Paris-Metarosme-13-2-Parfum-Bouteille-100ml-Accord-Rose-Meteore-Obsidial-Grisalva-Bois-de-Sequoia.png","type":"image\/png"}],"twitter_card":"summary_large_image","twitter_misc":{"Est. reading time":"2 minutes"},"schema":{"@context":"https:\/\/schema.org","@graph":[{"@type":"WebPage","@id":"https:\/\/pierreguillaumeparis.com\/en\/perfume\/13-2-metarosme\/","url":"https:\/\/pierreguillaumeparis.com\/en\/perfume\/13-2-metarosme\/","name":"13.2 M\u00e9tarosme - Pierre Guillaume Paris | Woody mineral rose","isPartOf":{"@id":"https:\/\/pierreguillaumeparis.com\/#website"},"primaryImageOfPage":{"@id":"https:\/\/pierreguillaumeparis.com\/en\/perfume\/13-2-metarosme\/#primaryimage"},"image":{"@id":"https:\/\/pierreguillaumeparis.com\/en\/perfume\/13-2-metarosme\/#primaryimage"},"thumbnailUrl":"https:\/\/pierreguillaumeparis.com\/app\/uploads\/2026\/01\/Pierre-Guillaume-Paris-Metarosme-13-2-Parfum-Bouteille-100ml-Accord-Rose-Meteore-Obsidial-Grisalva-Bois-de-Sequoia.png","datePublished":"2026-01-09T08:22:27+00:00","dateModified":"2026-01-12T13:48:34+00:00","description":"R\u00e9sultat de la traductionM\u00e9tarosme 13.2: an androgynous, abstract rose with hints of Volvic stone (Obsidial\u00ae), redwood and Grisalva.","breadcrumb":{"@id":"https:\/\/pierreguillaumeparis.com\/en\/perfume\/13-2-metarosme\/#breadcrumb"},"inLanguage":"en-US","potentialAction":[{"@type":"ReadAction","target":["https:\/\/pierreguillaumeparis.com\/en\/perfume\/13-2-metarosme\/"]}]},{"@type":"ImageObject","inLanguage":"en-US","@id":"https:\/\/pierreguillaumeparis.com\/en\/perfume\/13-2-metarosme\/#primaryimage","url":"https:\/\/pierreguillaumeparis.com\/app\/uploads\/2026\/01\/Pierre-Guillaume-Paris-Metarosme-13-2-Parfum-Bouteille-100ml-Accord-Rose-Meteore-Obsidial-Grisalva-Bois-de-Sequoia.png","contentUrl":"https:\/\/pierreguillaumeparis.com\/app\/uploads\/2026\/01\/Pierre-Guillaume-Paris-Metarosme-13-2-Parfum-Bouteille-100ml-Accord-Rose-Meteore-Obsidial-Grisalva-Bois-de-Sequoia.png","width":1200,"height":1200,"caption":"13.2 M\u00e9tarosme Pierre Guillaume Paris perfume bottle - Mineral Rose and Obsidial Flacon de parfum 13.2 M\u00e9tarosme Pierre Guillaume Paris - Rose Min\u00e9rale et Obsidial"},{"@type":"BreadcrumbList","@id":"https:\/\/pierreguillaumeparis.com\/en\/perfume\/13-2-metarosme\/#breadcrumb","itemListElement":[{"@type":"ListItem","position":1,"name":"Home","item":"https:\/\/pierreguillaumeparis.com\/en\/"},{"@type":"ListItem","position":2,"name":"Shop","item":"https:\/\/pierreguillaumeparis.com\/en\/shop-perfume\/"},{"@type":"ListItem","position":3,"name":"13.2 METAROSME"}]},{"@type":"WebSite","@id":"https:\/\/pierreguillaumeparis.com\/#website","url":"https:\/\/pierreguillaumeparis.com\/","name":"Pierre Guillaume Paris","description":"Maison de parfum ind\u00e9pendante","publisher":{"@id":"https:\/\/pierreguillaumeparis.com\/#organization"},"potentialAction":[{"@type":"SearchAction","target":{"@type":"EntryPoint","urlTemplate":"https:\/\/pierreguillaumeparis.com\/?s={search_term_string}"},"query-input":{"@type":"PropertyValueSpecification","valueRequired":true,"valueName":"search_term_string"}}],"inLanguage":"en-US"},{"@type":"Organization","@id":"https:\/\/pierreguillaumeparis.com\/#organization","name":"Pierre Guillaume Paris","url":"https:\/\/pierreguillaumeparis.com\/","logo":{"@type":"ImageObject","inLanguage":"en-US","@id":"https:\/\/pierreguillaumeparis.com\/#\/schema\/logo\/image\/","url":"https:\/\/pierreguillaumeparis.com\/app\/uploads\/2020\/03\/2000x2000.jpeg","contentUrl":"https:\/\/pierreguillaumeparis.com\/app\/uploads\/2020\/03\/2000x2000.jpeg","width":2000,"height":766,"caption":"Pierre Guillaume Paris"},"image":{"@id":"https:\/\/pierreguillaumeparis.com\/#\/schema\/logo\/image\/"},"sameAs":["https:\/\/www.facebook.com\/pierreguillaumeparis\/","https:\/\/www.instagram.com\/pierreguillaume_parfumeur\/"]}]}},"_links":{"self":[{"href":"https:\/\/pierreguillaumeparis.com\/en\/wp-json\/wp\/v2\/product\/32136","targetHints":{"allow":["GET"]}}],"collection":[{"href":"https:\/\/pierreguillaumeparis.com\/en\/wp-json\/wp\/v2\/product"}],"about":[{"href":"https:\/\/pierreguillaumeparis.com\/en\/wp-json\/wp\/v2\/types\/product"}],"version-history":[{"count":7,"href":"https:\/\/pierreguillaumeparis.com\/en\/wp-json\/wp\/v2\/product\/32136\/revisions"}],"predecessor-version":[{"id":32154,"href":"https:\/\/pierreguillaumeparis.com\/en\/wp-json\/wp\/v2\/product\/32136\/revisions\/32154"}],"wp:featuredmedia":[{"embeddable":true,"href":"https:\/\/pierreguillaumeparis.com\/en\/wp-json\/wp\/v2\/media\/32005"}],"wp:attachment":[{"href":"https:\/\/pierreguillaumeparis.com\/en\/wp-json\/wp\/v2\/media?parent=32136"}],"wp:term":[{"taxonomy":"product_brand","embeddable":true,"href":"https:\/\/pierreguillaumeparis.com\/en\/wp-json\/wp\/v2\/product_brand?post=32136"},{"taxonomy":"product_cat","embeddable":true,"href":"https:\/\/pierreguillaumeparis.com\/en\/wp-json\/wp\/v2\/product_cat?post=32136"},{"taxonomy":"product_tag","embeddable":true,"href":"https:\/\/pierreguillaumeparis.com\/en\/wp-json\/wp\/v2\/product_tag?post=32136"}],"curies":[{"name":"wp","href":"https:\/\/api.w.org\/{rel}","templated":true}]}}