{"id":4258,"date":"2020-02-02T09:00:27","date_gmt":"2020-02-02T08:00:27","guid":{"rendered":"http:\/\/pg.exocod.dev\/shop\/indochine\/"},"modified":"2025-01-08T11:19:27","modified_gmt":"2025-01-08T10:19:27","slug":"indochine","status":"publish","type":"product","link":"https:\/\/pierreguillaumeparis.com\/en\/perfume\/indochine\/","title":{"rendered":"25 INDOCHINE"},"content":{"rendered":"<p><strong>Theme N\u00b025: Soft Spicy<\/strong><\/p>\n<p>Balmy<\/p>\n<p><strong>THE INSPIRATION<\/strong><br \/>\n1920: a sepia cruise along the sovereign Mekong, alternating between evanescent auroras shrouded in mist and glorious days dripping with sunshine. Calm the pace, tame the humidity and close your eyes. Beyond the two shores, our dreams of Indochina&#8230;&#8221;<\/p>\n<p><strong>THE SCENT<\/strong><br \/>\nAt once sweet, vanilla, resinous, powdery, milky and spicy, Siamese Benzoin is a resin of great olfactory richness rarely used as a central theme in perfumery.<br \/>\nUsing and abusing rare notes such as Kampot Pepper, Burmese Tanakha or Lao Honey, Pierre GUILLAUME delivers a luminous, silky and airy orchestration, chiseling each facet of the raw balsamic material with precision.<\/p>\n<p>From a balsam with sepia tints, Indochine seizes the shine of the Platinum&#8230;<\/p>\n<p><strong>THE NAME<\/strong><br \/>\nA sepia cruise along the sovereign Mekong.<\/p>\n<p><em><a href=\"https:\/\/pierreguillaumeparis.com\/en\/facette-parfum\/spicy\/\">Kampot pepper<\/a>, T<a href=\"https:\/\/pierreguillaumeparis.com\/en\/facette-parfum\/soft\/\">anakha<\/a>, <a href=\"https:\/\/pierreguillaumeparis.com\/en\/facette-parfum\/sandalwood\/\">Benzoin<\/a>, <a href=\"https:\/\/pierreguillaumeparis.com\/en\/facette-parfum\/exotic-en\/\">Cardamom<\/a>, <a href=\"https:\/\/pierreguillaumeparis.com\/en\/facette-parfum\/gourmand-en\/\">Honey<\/a>, <a href=\"https:\/\/pierreguillaumeparis.com\/en\/facette-parfum\/incense\/\">Incense<\/a>, <a href=\"https:\/\/pierreguillaumeparis.com\/en\/facette-parfum\/amber\/\">Amber<\/a><\/em><\/p>\n","protected":false},"excerpt":{"rendered":"<p>Spiced honey, Tanakha, Benzoin<\/p>\n","protected":false},"featured_media":4261,"template":"","meta":{"_acf_changed":false,"footnotes":""},"product_brand":[],"product_cat":[41,42],"product_tag":[157,210,173,176,200,169,189,175,207,174,177],"class_list":{"0":"post-4258","1":"product","2":"type-product","3":"status-publish","4":"has-post-thumbnail","6":"product_cat-numbered-en","7":"product_cat-perfumes-en","8":"product_tag-amber","9":"product_tag-dark","10":"product_tag-discreet","11":"product_tag-enfolding","12":"product_tag-exotic-en","13":"product_tag-full-bodied","14":"product_tag-gourmand-en","15":"product_tag-incense","16":"product_tag-sandalwood","17":"product_tag-soft","18":"product_tag-spicy","19":"pa_contenance-100ml-en","20":"pa_contenance-50ml-en","22":"first","23":"instock","24":"taxable","25":"shipping-taxable","26":"purchasable","27":"product-type-variable"},"acf":[],"yoast_head":"<!-- This site is optimized with the Yoast SEO plugin v26.3 - https:\/\/yoast.com\/wordpress\/plugins\/seo\/ -->\n<title>Indochine 20 - Balmy fragrance - Spicy honey, Tanakha, Benzoin<\/title>\n<meta name=\"description\" content=\"Discover Indochine 20, a balmy, slightly spicy fragrance with spicy honey, Tanakha and benzoin in 100ml and 50ml bottles. A sepia cruise along the Mekong.\" \/>\n<meta name=\"robots\" content=\"index, follow, max-snippet:-1, max-image-preview:large, max-video-preview:-1\" \/>\n<link rel=\"canonical\" href=\"https:\/\/pierreguillaumeparis.com\/en\/perfume\/indochine\/\" \/>\n<meta property=\"og:locale\" content=\"en_US\" \/>\n<meta property=\"og:type\" content=\"article\" \/>\n<meta property=\"og:title\" content=\"Indochine 20 - Balmy fragrance - Spicy honey, Tanakha, Benzoin\" \/>\n<meta property=\"og:description\" content=\"Discover Indochine 20, a balmy, slightly spicy fragrance with spicy honey, Tanakha and benzoin in 100ml and 50ml bottles. A sepia cruise along the Mekong.\" \/>\n<meta property=\"og:url\" content=\"https:\/\/pierreguillaumeparis.com\/en\/perfume\/indochine\/\" \/>\n<meta property=\"og:site_name\" content=\"Pierre Guillaume Paris\" \/>\n<meta property=\"article:publisher\" content=\"https:\/\/www.facebook.com\/pierreguillaumeparis\/\" \/>\n<meta property=\"article:modified_time\" content=\"2025-01-08T10:19:27+00:00\" \/>\n<meta property=\"og:image\" content=\"https:\/\/pierreguillaumeparis.com\/app\/uploads\/2020\/01\/INDOCHINE_PG25_100ML.png\" \/>\n\t<meta property=\"og:image:width\" content=\"1200\" \/>\n\t<meta property=\"og:image:height\" content=\"1200\" \/>\n\t<meta property=\"og:image:type\" content=\"image\/png\" \/>\n<meta name=\"twitter:card\" content=\"summary_large_image\" \/>\n<meta name=\"twitter:label1\" content=\"Est. reading time\" \/>\n\t<meta name=\"twitter:data1\" content=\"1 minute\" \/>\n<script type=\"application\/ld+json\" class=\"yoast-schema-graph\">{\"@context\":\"https:\/\/schema.org\",\"@graph\":[{\"@type\":\"WebPage\",\"@id\":\"https:\/\/pierreguillaumeparis.com\/en\/perfume\/indochine\/\",\"url\":\"https:\/\/pierreguillaumeparis.com\/en\/perfume\/indochine\/\",\"name\":\"Indochine 20 - Balmy fragrance - Spicy honey, Tanakha, Benzoin\",\"isPartOf\":{\"@id\":\"https:\/\/pierreguillaumeparis.com\/#website\"},\"primaryImageOfPage\":{\"@id\":\"https:\/\/pierreguillaumeparis.com\/en\/perfume\/indochine\/#primaryimage\"},\"image\":{\"@id\":\"https:\/\/pierreguillaumeparis.com\/en\/perfume\/indochine\/#primaryimage\"},\"thumbnailUrl\":\"https:\/\/pierreguillaumeparis.com\/app\/uploads\/2020\/01\/INDOCHINE_PG25_100ML.png\",\"datePublished\":\"2020-02-02T08:00:27+00:00\",\"dateModified\":\"2025-01-08T10:19:27+00:00\",\"description\":\"Discover Indochine 20, a balmy, slightly spicy fragrance with spicy honey, Tanakha and benzoin in 100ml and 50ml bottles. A sepia cruise along the Mekong.\",\"breadcrumb\":{\"@id\":\"https:\/\/pierreguillaumeparis.com\/en\/perfume\/indochine\/#breadcrumb\"},\"inLanguage\":\"en-US\",\"potentialAction\":[{\"@type\":\"ReadAction\",\"target\":[\"https:\/\/pierreguillaumeparis.com\/en\/perfume\/indochine\/\"]}]},{\"@type\":\"ImageObject\",\"inLanguage\":\"en-US\",\"@id\":\"https:\/\/pierreguillaumeparis.com\/en\/perfume\/indochine\/#primaryimage\",\"url\":\"https:\/\/pierreguillaumeparis.com\/app\/uploads\/2020\/01\/INDOCHINE_PG25_100ML.png\",\"contentUrl\":\"https:\/\/pierreguillaumeparis.com\/app\/uploads\/2020\/01\/INDOCHINE_PG25_100ML.png\",\"width\":1200,\"height\":1200,\"caption\":\"Indochine 20 - Parfum baum\u00e9 - Miel \u00e9pic\u00e9, Tanakha, Benjoin. Indochine 20 - Balmy fragrance - Spicy honey, Tanakha, Benzoin.\"},{\"@type\":\"BreadcrumbList\",\"@id\":\"https:\/\/pierreguillaumeparis.com\/en\/perfume\/indochine\/#breadcrumb\",\"itemListElement\":[{\"@type\":\"ListItem\",\"position\":1,\"name\":\"Home\",\"item\":\"https:\/\/pierreguillaumeparis.com\/en\/\"},{\"@type\":\"ListItem\",\"position\":2,\"name\":\"Shop\",\"item\":\"https:\/\/pierreguillaumeparis.com\/en\/shop-perfume\/\"},{\"@type\":\"ListItem\",\"position\":3,\"name\":\"25 INDOCHINE\"}]},{\"@type\":\"WebSite\",\"@id\":\"https:\/\/pierreguillaumeparis.com\/#website\",\"url\":\"https:\/\/pierreguillaumeparis.com\/\",\"name\":\"Pierre Guillaume Paris\",\"description\":\"Maison de parfum ind\u00e9pendante\",\"publisher\":{\"@id\":\"https:\/\/pierreguillaumeparis.com\/#organization\"},\"potentialAction\":[{\"@type\":\"SearchAction\",\"target\":{\"@type\":\"EntryPoint\",\"urlTemplate\":\"https:\/\/pierreguillaumeparis.com\/?s={search_term_string}\"},\"query-input\":{\"@type\":\"PropertyValueSpecification\",\"valueRequired\":true,\"valueName\":\"search_term_string\"}}],\"inLanguage\":\"en-US\"},{\"@type\":\"Organization\",\"@id\":\"https:\/\/pierreguillaumeparis.com\/#organization\",\"name\":\"Pierre Guillaume Paris\",\"url\":\"https:\/\/pierreguillaumeparis.com\/\",\"logo\":{\"@type\":\"ImageObject\",\"inLanguage\":\"en-US\",\"@id\":\"https:\/\/pierreguillaumeparis.com\/#\/schema\/logo\/image\/\",\"url\":\"https:\/\/pierreguillaumeparis.com\/app\/uploads\/2020\/03\/2000x2000.jpeg\",\"contentUrl\":\"https:\/\/pierreguillaumeparis.com\/app\/uploads\/2020\/03\/2000x2000.jpeg\",\"width\":2000,\"height\":766,\"caption\":\"Pierre Guillaume Paris\"},\"image\":{\"@id\":\"https:\/\/pierreguillaumeparis.com\/#\/schema\/logo\/image\/\"},\"sameAs\":[\"https:\/\/www.facebook.com\/pierreguillaumeparis\/\",\"https:\/\/www.instagram.com\/pierreguillaume_parfumeur\/\"]}]}<\/script>\n<!-- \/ Yoast SEO plugin. -->","yoast_head_json":{"title":"Indochine 20 - Balmy fragrance - Spicy honey, Tanakha, Benzoin","description":"Discover Indochine 20, a balmy, slightly spicy fragrance with spicy honey, Tanakha and benzoin in 100ml and 50ml bottles. A sepia cruise along the Mekong.","robots":{"index":"index","follow":"follow","max-snippet":"max-snippet:-1","max-image-preview":"max-image-preview:large","max-video-preview":"max-video-preview:-1"},"canonical":"https:\/\/pierreguillaumeparis.com\/en\/perfume\/indochine\/","og_locale":"en_US","og_type":"article","og_title":"Indochine 20 - Balmy fragrance - Spicy honey, Tanakha, Benzoin","og_description":"Discover Indochine 20, a balmy, slightly spicy fragrance with spicy honey, Tanakha and benzoin in 100ml and 50ml bottles. A sepia cruise along the Mekong.","og_url":"https:\/\/pierreguillaumeparis.com\/en\/perfume\/indochine\/","og_site_name":"Pierre Guillaume Paris","article_publisher":"https:\/\/www.facebook.com\/pierreguillaumeparis\/","article_modified_time":"2025-01-08T10:19:27+00:00","og_image":[{"width":1200,"height":1200,"url":"https:\/\/pierreguillaumeparis.com\/app\/uploads\/2020\/01\/INDOCHINE_PG25_100ML.png","type":"image\/png"}],"twitter_card":"summary_large_image","twitter_misc":{"Est. reading time":"1 minute"},"schema":{"@context":"https:\/\/schema.org","@graph":[{"@type":"WebPage","@id":"https:\/\/pierreguillaumeparis.com\/en\/perfume\/indochine\/","url":"https:\/\/pierreguillaumeparis.com\/en\/perfume\/indochine\/","name":"Indochine 20 - Balmy fragrance - Spicy honey, Tanakha, Benzoin","isPartOf":{"@id":"https:\/\/pierreguillaumeparis.com\/#website"},"primaryImageOfPage":{"@id":"https:\/\/pierreguillaumeparis.com\/en\/perfume\/indochine\/#primaryimage"},"image":{"@id":"https:\/\/pierreguillaumeparis.com\/en\/perfume\/indochine\/#primaryimage"},"thumbnailUrl":"https:\/\/pierreguillaumeparis.com\/app\/uploads\/2020\/01\/INDOCHINE_PG25_100ML.png","datePublished":"2020-02-02T08:00:27+00:00","dateModified":"2025-01-08T10:19:27+00:00","description":"Discover Indochine 20, a balmy, slightly spicy fragrance with spicy honey, Tanakha and benzoin in 100ml and 50ml bottles. A sepia cruise along the Mekong.","breadcrumb":{"@id":"https:\/\/pierreguillaumeparis.com\/en\/perfume\/indochine\/#breadcrumb"},"inLanguage":"en-US","potentialAction":[{"@type":"ReadAction","target":["https:\/\/pierreguillaumeparis.com\/en\/perfume\/indochine\/"]}]},{"@type":"ImageObject","inLanguage":"en-US","@id":"https:\/\/pierreguillaumeparis.com\/en\/perfume\/indochine\/#primaryimage","url":"https:\/\/pierreguillaumeparis.com\/app\/uploads\/2020\/01\/INDOCHINE_PG25_100ML.png","contentUrl":"https:\/\/pierreguillaumeparis.com\/app\/uploads\/2020\/01\/INDOCHINE_PG25_100ML.png","width":1200,"height":1200,"caption":"Indochine 20 - Parfum baum\u00e9 - Miel \u00e9pic\u00e9, Tanakha, Benjoin. Indochine 20 - Balmy fragrance - Spicy honey, Tanakha, Benzoin."},{"@type":"BreadcrumbList","@id":"https:\/\/pierreguillaumeparis.com\/en\/perfume\/indochine\/#breadcrumb","itemListElement":[{"@type":"ListItem","position":1,"name":"Home","item":"https:\/\/pierreguillaumeparis.com\/en\/"},{"@type":"ListItem","position":2,"name":"Shop","item":"https:\/\/pierreguillaumeparis.com\/en\/shop-perfume\/"},{"@type":"ListItem","position":3,"name":"25 INDOCHINE"}]},{"@type":"WebSite","@id":"https:\/\/pierreguillaumeparis.com\/#website","url":"https:\/\/pierreguillaumeparis.com\/","name":"Pierre Guillaume Paris","description":"Maison de parfum ind\u00e9pendante","publisher":{"@id":"https:\/\/pierreguillaumeparis.com\/#organization"},"potentialAction":[{"@type":"SearchAction","target":{"@type":"EntryPoint","urlTemplate":"https:\/\/pierreguillaumeparis.com\/?s={search_term_string}"},"query-input":{"@type":"PropertyValueSpecification","valueRequired":true,"valueName":"search_term_string"}}],"inLanguage":"en-US"},{"@type":"Organization","@id":"https:\/\/pierreguillaumeparis.com\/#organization","name":"Pierre Guillaume Paris","url":"https:\/\/pierreguillaumeparis.com\/","logo":{"@type":"ImageObject","inLanguage":"en-US","@id":"https:\/\/pierreguillaumeparis.com\/#\/schema\/logo\/image\/","url":"https:\/\/pierreguillaumeparis.com\/app\/uploads\/2020\/03\/2000x2000.jpeg","contentUrl":"https:\/\/pierreguillaumeparis.com\/app\/uploads\/2020\/03\/2000x2000.jpeg","width":2000,"height":766,"caption":"Pierre Guillaume Paris"},"image":{"@id":"https:\/\/pierreguillaumeparis.com\/#\/schema\/logo\/image\/"},"sameAs":["https:\/\/www.facebook.com\/pierreguillaumeparis\/","https:\/\/www.instagram.com\/pierreguillaume_parfumeur\/"]}]}},"_links":{"self":[{"href":"https:\/\/pierreguillaumeparis.com\/en\/wp-json\/wp\/v2\/product\/4258","targetHints":{"allow":["GET"]}}],"collection":[{"href":"https:\/\/pierreguillaumeparis.com\/en\/wp-json\/wp\/v2\/product"}],"about":[{"href":"https:\/\/pierreguillaumeparis.com\/en\/wp-json\/wp\/v2\/types\/product"}],"version-history":[{"count":5,"href":"https:\/\/pierreguillaumeparis.com\/en\/wp-json\/wp\/v2\/product\/4258\/revisions"}],"predecessor-version":[{"id":26694,"href":"https:\/\/pierreguillaumeparis.com\/en\/wp-json\/wp\/v2\/product\/4258\/revisions\/26694"}],"wp:featuredmedia":[{"embeddable":true,"href":"https:\/\/pierreguillaumeparis.com\/en\/wp-json\/wp\/v2\/media\/4261"}],"wp:attachment":[{"href":"https:\/\/pierreguillaumeparis.com\/en\/wp-json\/wp\/v2\/media?parent=4258"}],"wp:term":[{"taxonomy":"product_brand","embeddable":true,"href":"https:\/\/pierreguillaumeparis.com\/en\/wp-json\/wp\/v2\/product_brand?post=4258"},{"taxonomy":"product_cat","embeddable":true,"href":"https:\/\/pierreguillaumeparis.com\/en\/wp-json\/wp\/v2\/product_cat?post=4258"},{"taxonomy":"product_tag","embeddable":true,"href":"https:\/\/pierreguillaumeparis.com\/en\/wp-json\/wp\/v2\/product_tag?post=4258"}],"curies":[{"name":"wp","href":"https:\/\/api.w.org\/{rel}","templated":true}]}}