{"id":4327,"date":"2020-02-02T09:00:22","date_gmt":"2020-02-02T08:00:22","guid":{"rendered":"http:\/\/pg.exocod.dev\/shop\/bois-naufrage\/"},"modified":"2026-03-31T17:19:42","modified_gmt":"2026-03-31T15:19:42","slug":"bois-naufrage","status":"publish","type":"product","link":"https:\/\/pierreguillaumeparis.com\/en\/perfume\/bois-naufrage\/","title":{"rendered":"16.1 BOIS NAUFRAGE"},"content":{"rendered":"<p><strong>Theme N\u00b016: Fig<br \/>\n<\/strong><\/p>\n<p><strong>Woody Fougere<\/strong><\/p>\n<p><strong>THE INSPIRATION <\/strong><\/p>\n<p>Lucien Clergue\u2019s photograph \u201cNu au bois flott\u00e9\u201d (Naked in Driftwood).<\/p>\n<p><strong>THE PERFUME <\/strong><\/p>\n<p>A woody fougere in which the Egyptian Figtree is dressed with the minerality of Salt Cristals and Ambergris, on a fractioned Vetiver base.<\/p>\n<p><strong>THE NAME <\/strong><\/p>\n<p>An Egyptian Figtree treated like Driftwood.<\/p>\n<p><em><a href=\"https:\/\/pierreguillaumeparis.com\/en\/facette-parfum\/salty\/\">Fleur de Sel<\/a>, <a href=\"https:\/\/pierreguillaumeparis.com\/en\/facette-parfum\/fig\/\">Figtree<\/a>, <a href=\"https:\/\/pierreguillaumeparis.com\/en\/facette-parfum\/fresh\/\">Mint<\/a>, <a href=\"https:\/\/pierreguillaumeparis.com\/en\/facette-parfum\/vetiver-en\/\">Vetiver<\/a>, <a href=\"https:\/\/pierreguillaumeparis.com\/en\/facette-parfum\/woody\/\">Driftwood<\/a><\/em><\/p>\n<p><a href=\"https:\/\/pierreguillaumeparis.com\/en\/re-reading-a-work-figs\/\"><strong>To go further\u2026<\/strong><\/a><\/p>\n","protected":false},"excerpt":{"rendered":"<p>Fleur de sel, Figtree<\/p>\n","protected":false},"featured_media":815,"template":"","meta":{"_acf_changed":false,"footnotes":""},"product_brand":[],"product_cat":[41,42],"product_tag":[161,165,210,208,178,185,186,198,209,218,160,162],"class_list":{"0":"post-4327","1":"product","2":"type-product","3":"status-publish","4":"has-post-thumbnail","6":"product_cat-numbered-en","7":"product_cat-perfumes-en","8":"product_tag-aromatic","9":"product_tag-cedarwood","10":"product_tag-dark","11":"product_tag-dry","12":"product_tag-fig","13":"product_tag-fresh","14":"product_tag-fruity","15":"product_tag-melancholic","16":"product_tag-salty","17":"product_tag-vetiver-en","18":"product_tag-water","19":"product_tag-woody","20":"pa_contenance-100ml-en","21":"pa_contenance-50ml-en","23":"first","24":"instock","25":"taxable","26":"shipping-taxable","27":"purchasable","28":"product-type-variable"},"acf":[],"yoast_head":"<!-- This site is optimized with the Yoast SEO plugin v26.3 - https:\/\/yoast.com\/wordpress\/plugins\/seo\/ -->\n<title>Bois Naufrag\u00e9 16.1 - Salt Flower, Figtree, Mint, Vetiver, Driftwood<\/title>\n<meta name=\"description\" content=\"Discover the perfume 16.1 Bois Naufrage by Pierre Guillaume Paris. A unique fragrance with Salt and Figwood extracts. Fig Perfume\" \/>\n<meta name=\"robots\" content=\"index, follow, max-snippet:-1, max-image-preview:large, max-video-preview:-1\" \/>\n<link rel=\"canonical\" href=\"https:\/\/pierreguillaumeparis.com\/en\/perfume\/bois-naufrage\/\" \/>\n<meta property=\"og:locale\" content=\"en_US\" \/>\n<meta property=\"og:type\" content=\"article\" \/>\n<meta property=\"og:title\" content=\"Bois Naufrag\u00e9 16.1 - Salt Flower, Figtree, Mint, Vetiver, Driftwood\" \/>\n<meta property=\"og:description\" content=\"Discover the perfume 16.1 Bois Naufrage by Pierre Guillaume Paris. A unique fragrance with Salt and Figwood extracts. Fig Perfume\" \/>\n<meta property=\"og:url\" content=\"https:\/\/pierreguillaumeparis.com\/en\/perfume\/bois-naufrage\/\" \/>\n<meta property=\"og:site_name\" content=\"Pierre Guillaume Paris\" \/>\n<meta property=\"article:publisher\" content=\"https:\/\/www.facebook.com\/pierreguillaumeparis\/\" \/>\n<meta property=\"article:modified_time\" content=\"2026-03-31T15:19:42+00:00\" \/>\n<meta property=\"og:image\" content=\"https:\/\/pierreguillaumeparis.com\/app\/uploads\/2020\/01\/BOIS_NAUFRAGE_PG16-1_100ML.png\" \/>\n\t<meta property=\"og:image:width\" content=\"1200\" \/>\n\t<meta property=\"og:image:height\" content=\"1200\" \/>\n\t<meta property=\"og:image:type\" content=\"image\/png\" \/>\n<meta name=\"twitter:card\" content=\"summary_large_image\" \/>\n<meta name=\"twitter:label1\" content=\"Est. reading time\" \/>\n\t<meta name=\"twitter:data1\" content=\"1 minute\" \/>\n<script type=\"application\/ld+json\" class=\"yoast-schema-graph\">{\"@context\":\"https:\/\/schema.org\",\"@graph\":[{\"@type\":\"WebPage\",\"@id\":\"https:\/\/pierreguillaumeparis.com\/en\/perfume\/bois-naufrage\/\",\"url\":\"https:\/\/pierreguillaumeparis.com\/en\/perfume\/bois-naufrage\/\",\"name\":\"Bois Naufrag\u00e9 16.1 - Salt Flower, Figtree, Mint, Vetiver, Driftwood\",\"isPartOf\":{\"@id\":\"https:\/\/pierreguillaumeparis.com\/#website\"},\"primaryImageOfPage\":{\"@id\":\"https:\/\/pierreguillaumeparis.com\/en\/perfume\/bois-naufrage\/#primaryimage\"},\"image\":{\"@id\":\"https:\/\/pierreguillaumeparis.com\/en\/perfume\/bois-naufrage\/#primaryimage\"},\"thumbnailUrl\":\"https:\/\/pierreguillaumeparis.com\/app\/uploads\/2020\/01\/BOIS_NAUFRAGE_PG16-1_100ML.png\",\"datePublished\":\"2020-02-02T08:00:22+00:00\",\"dateModified\":\"2026-03-31T15:19:42+00:00\",\"description\":\"Discover the perfume 16.1 Bois Naufrage by Pierre Guillaume Paris. A unique fragrance with Salt and Figwood extracts. Fig Perfume\",\"breadcrumb\":{\"@id\":\"https:\/\/pierreguillaumeparis.com\/en\/perfume\/bois-naufrage\/#breadcrumb\"},\"inLanguage\":\"en-US\",\"potentialAction\":[{\"@type\":\"ReadAction\",\"target\":[\"https:\/\/pierreguillaumeparis.com\/en\/perfume\/bois-naufrage\/\"]}]},{\"@type\":\"ImageObject\",\"inLanguage\":\"en-US\",\"@id\":\"https:\/\/pierreguillaumeparis.com\/en\/perfume\/bois-naufrage\/#primaryimage\",\"url\":\"https:\/\/pierreguillaumeparis.com\/app\/uploads\/2020\/01\/BOIS_NAUFRAGE_PG16-1_100ML.png\",\"contentUrl\":\"https:\/\/pierreguillaumeparis.com\/app\/uploads\/2020\/01\/BOIS_NAUFRAGE_PG16-1_100ML.png\",\"width\":1200,\"height\":1200,\"caption\":\"Bois Naufrag\u00e9 - 16.1 - Fleur de sel, Figuier, Menthe, V\u00e9tiver, Bois flott\u00e9 - Parfum Figue. Discover the perfume 16.1 Bois Naufrage by Pierre Guillaume Paris. A unique fragrance with Salt and Figwood extracts. Fig Perfume\"},{\"@type\":\"BreadcrumbList\",\"@id\":\"https:\/\/pierreguillaumeparis.com\/en\/perfume\/bois-naufrage\/#breadcrumb\",\"itemListElement\":[{\"@type\":\"ListItem\",\"position\":1,\"name\":\"Home\",\"item\":\"https:\/\/pierreguillaumeparis.com\/en\/\"},{\"@type\":\"ListItem\",\"position\":2,\"name\":\"Shop\",\"item\":\"https:\/\/pierreguillaumeparis.com\/en\/shop-perfume\/\"},{\"@type\":\"ListItem\",\"position\":3,\"name\":\"16.1 BOIS NAUFRAGE\"}]},{\"@type\":\"WebSite\",\"@id\":\"https:\/\/pierreguillaumeparis.com\/#website\",\"url\":\"https:\/\/pierreguillaumeparis.com\/\",\"name\":\"Pierre Guillaume Paris\",\"description\":\"Maison de parfum ind\u00e9pendante\",\"publisher\":{\"@id\":\"https:\/\/pierreguillaumeparis.com\/#organization\"},\"potentialAction\":[{\"@type\":\"SearchAction\",\"target\":{\"@type\":\"EntryPoint\",\"urlTemplate\":\"https:\/\/pierreguillaumeparis.com\/?s={search_term_string}\"},\"query-input\":{\"@type\":\"PropertyValueSpecification\",\"valueRequired\":true,\"valueName\":\"search_term_string\"}}],\"inLanguage\":\"en-US\"},{\"@type\":\"Organization\",\"@id\":\"https:\/\/pierreguillaumeparis.com\/#organization\",\"name\":\"Pierre Guillaume Paris\",\"url\":\"https:\/\/pierreguillaumeparis.com\/\",\"logo\":{\"@type\":\"ImageObject\",\"inLanguage\":\"en-US\",\"@id\":\"https:\/\/pierreguillaumeparis.com\/#\/schema\/logo\/image\/\",\"url\":\"https:\/\/pierreguillaumeparis.com\/app\/uploads\/2020\/03\/2000x2000.jpeg\",\"contentUrl\":\"https:\/\/pierreguillaumeparis.com\/app\/uploads\/2020\/03\/2000x2000.jpeg\",\"width\":2000,\"height\":766,\"caption\":\"Pierre Guillaume Paris\"},\"image\":{\"@id\":\"https:\/\/pierreguillaumeparis.com\/#\/schema\/logo\/image\/\"},\"sameAs\":[\"https:\/\/www.facebook.com\/pierreguillaumeparis\/\",\"https:\/\/www.instagram.com\/pierreguillaume_parfumeur\/\"]}]}<\/script>\n<!-- \/ Yoast SEO plugin. -->","yoast_head_json":{"title":"Bois Naufrag\u00e9 16.1 - Salt Flower, Figtree, Mint, Vetiver, Driftwood","description":"Discover the perfume 16.1 Bois Naufrage by Pierre Guillaume Paris. A unique fragrance with Salt and Figwood extracts. Fig Perfume","robots":{"index":"index","follow":"follow","max-snippet":"max-snippet:-1","max-image-preview":"max-image-preview:large","max-video-preview":"max-video-preview:-1"},"canonical":"https:\/\/pierreguillaumeparis.com\/en\/perfume\/bois-naufrage\/","og_locale":"en_US","og_type":"article","og_title":"Bois Naufrag\u00e9 16.1 - Salt Flower, Figtree, Mint, Vetiver, Driftwood","og_description":"Discover the perfume 16.1 Bois Naufrage by Pierre Guillaume Paris. A unique fragrance with Salt and Figwood extracts. Fig Perfume","og_url":"https:\/\/pierreguillaumeparis.com\/en\/perfume\/bois-naufrage\/","og_site_name":"Pierre Guillaume Paris","article_publisher":"https:\/\/www.facebook.com\/pierreguillaumeparis\/","article_modified_time":"2026-03-31T15:19:42+00:00","og_image":[{"width":1200,"height":1200,"url":"https:\/\/pierreguillaumeparis.com\/app\/uploads\/2020\/01\/BOIS_NAUFRAGE_PG16-1_100ML.png","type":"image\/png"}],"twitter_card":"summary_large_image","twitter_misc":{"Est. reading time":"1 minute"},"schema":{"@context":"https:\/\/schema.org","@graph":[{"@type":"WebPage","@id":"https:\/\/pierreguillaumeparis.com\/en\/perfume\/bois-naufrage\/","url":"https:\/\/pierreguillaumeparis.com\/en\/perfume\/bois-naufrage\/","name":"Bois Naufrag\u00e9 16.1 - Salt Flower, Figtree, Mint, Vetiver, Driftwood","isPartOf":{"@id":"https:\/\/pierreguillaumeparis.com\/#website"},"primaryImageOfPage":{"@id":"https:\/\/pierreguillaumeparis.com\/en\/perfume\/bois-naufrage\/#primaryimage"},"image":{"@id":"https:\/\/pierreguillaumeparis.com\/en\/perfume\/bois-naufrage\/#primaryimage"},"thumbnailUrl":"https:\/\/pierreguillaumeparis.com\/app\/uploads\/2020\/01\/BOIS_NAUFRAGE_PG16-1_100ML.png","datePublished":"2020-02-02T08:00:22+00:00","dateModified":"2026-03-31T15:19:42+00:00","description":"Discover the perfume 16.1 Bois Naufrage by Pierre Guillaume Paris. A unique fragrance with Salt and Figwood extracts. Fig Perfume","breadcrumb":{"@id":"https:\/\/pierreguillaumeparis.com\/en\/perfume\/bois-naufrage\/#breadcrumb"},"inLanguage":"en-US","potentialAction":[{"@type":"ReadAction","target":["https:\/\/pierreguillaumeparis.com\/en\/perfume\/bois-naufrage\/"]}]},{"@type":"ImageObject","inLanguage":"en-US","@id":"https:\/\/pierreguillaumeparis.com\/en\/perfume\/bois-naufrage\/#primaryimage","url":"https:\/\/pierreguillaumeparis.com\/app\/uploads\/2020\/01\/BOIS_NAUFRAGE_PG16-1_100ML.png","contentUrl":"https:\/\/pierreguillaumeparis.com\/app\/uploads\/2020\/01\/BOIS_NAUFRAGE_PG16-1_100ML.png","width":1200,"height":1200,"caption":"Bois Naufrag\u00e9 - 16.1 - Fleur de sel, Figuier, Menthe, V\u00e9tiver, Bois flott\u00e9 - Parfum Figue. Discover the perfume 16.1 Bois Naufrage by Pierre Guillaume Paris. A unique fragrance with Salt and Figwood extracts. Fig Perfume"},{"@type":"BreadcrumbList","@id":"https:\/\/pierreguillaumeparis.com\/en\/perfume\/bois-naufrage\/#breadcrumb","itemListElement":[{"@type":"ListItem","position":1,"name":"Home","item":"https:\/\/pierreguillaumeparis.com\/en\/"},{"@type":"ListItem","position":2,"name":"Shop","item":"https:\/\/pierreguillaumeparis.com\/en\/shop-perfume\/"},{"@type":"ListItem","position":3,"name":"16.1 BOIS NAUFRAGE"}]},{"@type":"WebSite","@id":"https:\/\/pierreguillaumeparis.com\/#website","url":"https:\/\/pierreguillaumeparis.com\/","name":"Pierre Guillaume Paris","description":"Maison de parfum ind\u00e9pendante","publisher":{"@id":"https:\/\/pierreguillaumeparis.com\/#organization"},"potentialAction":[{"@type":"SearchAction","target":{"@type":"EntryPoint","urlTemplate":"https:\/\/pierreguillaumeparis.com\/?s={search_term_string}"},"query-input":{"@type":"PropertyValueSpecification","valueRequired":true,"valueName":"search_term_string"}}],"inLanguage":"en-US"},{"@type":"Organization","@id":"https:\/\/pierreguillaumeparis.com\/#organization","name":"Pierre Guillaume Paris","url":"https:\/\/pierreguillaumeparis.com\/","logo":{"@type":"ImageObject","inLanguage":"en-US","@id":"https:\/\/pierreguillaumeparis.com\/#\/schema\/logo\/image\/","url":"https:\/\/pierreguillaumeparis.com\/app\/uploads\/2020\/03\/2000x2000.jpeg","contentUrl":"https:\/\/pierreguillaumeparis.com\/app\/uploads\/2020\/03\/2000x2000.jpeg","width":2000,"height":766,"caption":"Pierre Guillaume Paris"},"image":{"@id":"https:\/\/pierreguillaumeparis.com\/#\/schema\/logo\/image\/"},"sameAs":["https:\/\/www.facebook.com\/pierreguillaumeparis\/","https:\/\/www.instagram.com\/pierreguillaume_parfumeur\/"]}]}},"_links":{"self":[{"href":"https:\/\/pierreguillaumeparis.com\/en\/wp-json\/wp\/v2\/product\/4327","targetHints":{"allow":["GET"]}}],"collection":[{"href":"https:\/\/pierreguillaumeparis.com\/en\/wp-json\/wp\/v2\/product"}],"about":[{"href":"https:\/\/pierreguillaumeparis.com\/en\/wp-json\/wp\/v2\/types\/product"}],"version-history":[{"count":8,"href":"https:\/\/pierreguillaumeparis.com\/en\/wp-json\/wp\/v2\/product\/4327\/revisions"}],"predecessor-version":[{"id":42250,"href":"https:\/\/pierreguillaumeparis.com\/en\/wp-json\/wp\/v2\/product\/4327\/revisions\/42250"}],"wp:featuredmedia":[{"embeddable":true,"href":"https:\/\/pierreguillaumeparis.com\/en\/wp-json\/wp\/v2\/media\/815"}],"wp:attachment":[{"href":"https:\/\/pierreguillaumeparis.com\/en\/wp-json\/wp\/v2\/media?parent=4327"}],"wp:term":[{"taxonomy":"product_brand","embeddable":true,"href":"https:\/\/pierreguillaumeparis.com\/en\/wp-json\/wp\/v2\/product_brand?post=4327"},{"taxonomy":"product_cat","embeddable":true,"href":"https:\/\/pierreguillaumeparis.com\/en\/wp-json\/wp\/v2\/product_cat?post=4327"},{"taxonomy":"product_tag","embeddable":true,"href":"https:\/\/pierreguillaumeparis.com\/en\/wp-json\/wp\/v2\/product_tag?post=4327"}],"curies":[{"name":"wp","href":"https:\/\/api.w.org\/{rel}","templated":true}]}}