{"id":4533,"date":"2020-01-27T19:54:49","date_gmt":"2020-01-27T18:54:49","guid":{"rendered":"http:\/\/pg.exocod.dev\/shop\/coffret-integral-70\/"},"modified":"2026-02-16T12:14:07","modified_gmt":"2026-02-16T11:14:07","slug":"full-set-integral-78","status":"publish","type":"product","link":"https:\/\/pierreguillaumeparis.com\/en\/perfume\/full-set-integral-78\/","title":{"rendered":"FULL SET INTEGRAL 78"},"content":{"rendered":"<p><strong>The new Discovery Box \u201cPIERRE GUILLAUME PARIS lNTEGRAL 78\u201d rue includes all the PIERRE GUILLAUME PARIS perfumes,\u00a0 in a new deluxe box.<\/strong><\/p>\n<p><em>You will find a total of 78 <strong>fragrances<\/strong> in the form of 2 ml Natural Sprays (a total of 156ml) and the full catalog of our creations.<\/em><\/p>\n<p><strong>PIERRE GUILLAUME PARIS COLLECTION:<\/strong><br \/>\nCoz\u00e9, Cuir Venenum, Arabian Horse, Musc Maori, Le Musc et La Peau, Suede Osmanthe, Solsekia, Grand Si\u00e8cle Intense, Morning in Tipaza, Intrigant Patchouli, L&#8217;ombre Fauve, Yuzu Ab Irato, Komorebi, Aomassa\u00ef, Indian Wood, Spicematic, Hyperessence Matale, Un Crime Exotique, Br\u00fblure de Rose, La Nymphe et le Poete, M\u00e9tarosme, Cuir d&#8217;Iris, Costume Liquide, Hapyang, Jardins de K\u00e9rylos, Bois Naufrag\u00e9, Tub\u00e9reuse Couture, Dilshad, Cadjm\u00e9r\u00e9, Praline de Santal, Louanges Profanes, Neroli Ad Astra, L&#8217;Eau Guerri\u00e8re, Eglise de Velours, Felanilla, Orchidivy, Djhenn\u00e9, Tigre d&#8217;Eau, Indochine, Isparta, Limanakia, Le Chant des Sir\u00e8nes, Peau d&#8217;Ambre, Itaba\u00efa, Alphaora, Tonkabodykon &amp; L&#8217;Air &amp; L&#8217;Eros.<\/p>\n<p><strong>PIERRE GUILLAUME BLACK COLLECTION:<\/strong><br \/>\nAnimal Mondain, Aqaysos, Fareb, Liqueur Charnelle, Mad About You, Manguier M\u00e9tisse, Monsieur, Myrrhiad, Poudre de Riz, Sucre d&#8217;Eb\u00e8ne,\u00a0\u00a0Superlady.<\/p>\n<p><strong>PIERRE GUILLAUME WHITE COLLECTION:<\/strong><br \/>\nDialogue With Venus, H\u00e9lioflora, Intime.Extime, Sunsuality &amp; Swim\/Sx.<\/p>\n<p><strong>PIERRE GUILLAUME CRUISE COLLECTION:<\/strong><br \/>\nEntre Ciel et Mer, Long Courrier, M\u00e9tal Hurlant, Mojito Chypre, Paris Fidji, Rivages Noirs &amp; Sambaka.<\/p>\n<p><strong>PIERRE GUILLAUME CONFIDENTIAL:<\/strong><br \/>\nA une Madone, Anti-Blues, Noir Okoum\u00e9, La Nuit de l&#8217;Orchid\u00e9e.<\/p>\n<p><strong>HORS-SERIE:<\/strong><\/p>\n<p><em>EXTRAIT<\/em> Le Mus et La Peau, St\u00e6lios, Kyphenze, Volupt\u00e9 Noire &amp; Bonheur du Jour.<\/p>\n<p><strong>Update: February 16th<\/strong><strong>, 2026 &#8211; Here are 17 empty spaces for future fragrances.<\/strong><\/p>\n<p>&nbsp;<\/p>\n","protected":false},"excerpt":{"rendered":"<p class=\"p1\"><span class=\"s1\">The entire catalog of PIERRE GUILLAUME PARIS perfumes in a luxurious rigid box.<\/span><\/p>\n","protected":false},"featured_media":9321,"template":"","meta":{"_acf_changed":false,"footnotes":""},"product_brand":[],"product_cat":[227,42],"product_tag":[156,157,159,161,158,164,165,167,168,155,203,163,210,171,172,173,190,208,176,200,178,181,184,185,186,169,213,189,217,175,191,192,193,170,196,197,195,198,194,179,201,202,187,204,205,206,209,207,188,174,183,177,211,212,214,215,216,246,218,160,182,162],"class_list":{"0":"post-4533","1":"product","2":"type-product","3":"status-publish","4":"has-post-thumbnail","6":"product_cat-gift-boxes","7":"product_cat-perfumes-en","8":"product_tag-aldehyd","9":"product_tag-amber","10":"product_tag-animalic","11":"product_tag-aromatic","12":"product_tag-bitter","13":"product_tag-casual-en","14":"product_tag-cedarwood","15":"product_tag-chocolate","16":"product_tag-chypre-en","17":"product_tag-citrus","18":"product_tag-clean","19":"product_tag-coffee","20":"product_tag-dark","21":"product_tag-delicate","22":"product_tag-diffusive","23":"product_tag-discreet","24":"product_tag-dressy","25":"product_tag-dry","26":"product_tag-enfolding","27":"product_tag-exotic-en","28":"product_tag-fig","29":"product_tag-floral-en-2","30":"product_tag-floral-amber","31":"product_tag-fresh","32":"product_tag-fruity","33":"product_tag-full-bodied","34":"product_tag-gentle","35":"product_tag-gourmand-en","36":"product_tag-green","37":"product_tag-incense","38":"product_tag-intense-en","39":"product_tag-iris-en","40":"product_tag-joyfull","41":"product_tag-leather","42":"product_tag-lightly","43":"product_tag-lily","44":"product_tag-liquorous-en","45":"product_tag-melancholic","46":"product_tag-milky","47":"product_tag-orange-blossom","48":"product_tag-patchouli-en","49":"product_tag-powder","50":"product_tag-red-fruits","51":"product_tag-resinous","52":"product_tag-romantic","53":"product_tag-rose-en","54":"product_tag-salty","55":"product_tag-sandalwood","56":"product_tag-smoky","57":"product_tag-soft","58":"product_tag-soft-floral","59":"product_tag-spicy","60":"product_tag-sugar","61":"product_tag-tobacco","62":"product_tag-transparent-en","63":"product_tag-tuberose","64":"product_tag-urban","65":"product_tag-vanilla-en","66":"product_tag-vetiver-en","67":"product_tag-water","68":"product_tag-white-floral","69":"product_tag-woody","71":"first","72":"instock","73":"sold-individually","74":"taxable","75":"shipping-taxable","76":"purchasable","77":"product-type-simple"},"acf":[],"yoast_head":"<!-- This site is optimized with the Yoast SEO plugin v26.3 - https:\/\/yoast.com\/wordpress\/plugins\/seo\/ -->\n<title>FULL SET INTEGRAL 78 - Pierre Guillaume Paris<\/title>\n<meta name=\"robots\" content=\"index, follow, max-snippet:-1, max-image-preview:large, max-video-preview:-1\" \/>\n<link rel=\"canonical\" href=\"https:\/\/pierreguillaumeparis.com\/en\/perfume\/full-set-integral-78\/\" \/>\n<meta property=\"og:locale\" content=\"en_US\" \/>\n<meta property=\"og:type\" content=\"article\" \/>\n<meta property=\"og:title\" content=\"FULL SET INTEGRAL 78 - Pierre Guillaume Paris\" \/>\n<meta property=\"og:description\" content=\"The entire catalog of PIERRE GUILLAUME PARIS perfumes in a luxurious rigid box.\" \/>\n<meta property=\"og:url\" content=\"https:\/\/pierreguillaumeparis.com\/en\/perfume\/full-set-integral-78\/\" \/>\n<meta property=\"og:site_name\" content=\"Pierre Guillaume Paris\" \/>\n<meta property=\"article:publisher\" content=\"https:\/\/www.facebook.com\/pierreguillaumeparis\/\" \/>\n<meta property=\"article:modified_time\" content=\"2026-02-16T11:14:07+00:00\" \/>\n<meta property=\"og:image\" content=\"https:\/\/pierreguillaumeparis.com\/app\/uploads\/2020\/01\/Coffret_77.png\" \/>\n\t<meta property=\"og:image:width\" content=\"1200\" \/>\n\t<meta property=\"og:image:height\" content=\"1200\" \/>\n\t<meta property=\"og:image:type\" content=\"image\/png\" \/>\n<meta name=\"twitter:card\" content=\"summary_large_image\" \/>\n<meta name=\"twitter:label1\" content=\"Est. reading time\" \/>\n\t<meta name=\"twitter:data1\" content=\"2 minutes\" \/>\n<script type=\"application\/ld+json\" class=\"yoast-schema-graph\">{\"@context\":\"https:\/\/schema.org\",\"@graph\":[{\"@type\":\"WebPage\",\"@id\":\"https:\/\/pierreguillaumeparis.com\/en\/perfume\/full-set-integral-78\/\",\"url\":\"https:\/\/pierreguillaumeparis.com\/en\/perfume\/full-set-integral-78\/\",\"name\":\"FULL SET INTEGRAL 78 - Pierre Guillaume Paris\",\"isPartOf\":{\"@id\":\"https:\/\/pierreguillaumeparis.com\/#website\"},\"primaryImageOfPage\":{\"@id\":\"https:\/\/pierreguillaumeparis.com\/en\/perfume\/full-set-integral-78\/#primaryimage\"},\"image\":{\"@id\":\"https:\/\/pierreguillaumeparis.com\/en\/perfume\/full-set-integral-78\/#primaryimage\"},\"thumbnailUrl\":\"https:\/\/pierreguillaumeparis.com\/app\/uploads\/2020\/01\/Coffret_77.png\",\"datePublished\":\"2020-01-27T18:54:49+00:00\",\"dateModified\":\"2026-02-16T11:14:07+00:00\",\"breadcrumb\":{\"@id\":\"https:\/\/pierreguillaumeparis.com\/en\/perfume\/full-set-integral-78\/#breadcrumb\"},\"inLanguage\":\"en-US\",\"potentialAction\":[{\"@type\":\"ReadAction\",\"target\":[\"https:\/\/pierreguillaumeparis.com\/en\/perfume\/full-set-integral-78\/\"]}]},{\"@type\":\"ImageObject\",\"inLanguage\":\"en-US\",\"@id\":\"https:\/\/pierreguillaumeparis.com\/en\/perfume\/full-set-integral-78\/#primaryimage\",\"url\":\"https:\/\/pierreguillaumeparis.com\/app\/uploads\/2020\/01\/Coffret_77.png\",\"contentUrl\":\"https:\/\/pierreguillaumeparis.com\/app\/uploads\/2020\/01\/Coffret_77.png\",\"width\":1200,\"height\":1200,\"caption\":\"Gift ideas - Pierre Guillaume Paris Perfumes - Parfumerie d'Auteur - Independant Perfumer\"},{\"@type\":\"BreadcrumbList\",\"@id\":\"https:\/\/pierreguillaumeparis.com\/en\/perfume\/full-set-integral-78\/#breadcrumb\",\"itemListElement\":[{\"@type\":\"ListItem\",\"position\":1,\"name\":\"Home\",\"item\":\"https:\/\/pierreguillaumeparis.com\/en\/\"},{\"@type\":\"ListItem\",\"position\":2,\"name\":\"Shop\",\"item\":\"https:\/\/pierreguillaumeparis.com\/en\/shop-perfume\/\"},{\"@type\":\"ListItem\",\"position\":3,\"name\":\"FULL SET INTEGRAL 78\"}]},{\"@type\":\"WebSite\",\"@id\":\"https:\/\/pierreguillaumeparis.com\/#website\",\"url\":\"https:\/\/pierreguillaumeparis.com\/\",\"name\":\"Pierre Guillaume Paris\",\"description\":\"Maison de parfum ind\u00e9pendante\",\"publisher\":{\"@id\":\"https:\/\/pierreguillaumeparis.com\/#organization\"},\"potentialAction\":[{\"@type\":\"SearchAction\",\"target\":{\"@type\":\"EntryPoint\",\"urlTemplate\":\"https:\/\/pierreguillaumeparis.com\/?s={search_term_string}\"},\"query-input\":{\"@type\":\"PropertyValueSpecification\",\"valueRequired\":true,\"valueName\":\"search_term_string\"}}],\"inLanguage\":\"en-US\"},{\"@type\":\"Organization\",\"@id\":\"https:\/\/pierreguillaumeparis.com\/#organization\",\"name\":\"Pierre Guillaume Paris\",\"url\":\"https:\/\/pierreguillaumeparis.com\/\",\"logo\":{\"@type\":\"ImageObject\",\"inLanguage\":\"en-US\",\"@id\":\"https:\/\/pierreguillaumeparis.com\/#\/schema\/logo\/image\/\",\"url\":\"https:\/\/pierreguillaumeparis.com\/app\/uploads\/2020\/03\/2000x2000.jpeg\",\"contentUrl\":\"https:\/\/pierreguillaumeparis.com\/app\/uploads\/2020\/03\/2000x2000.jpeg\",\"width\":2000,\"height\":766,\"caption\":\"Pierre Guillaume Paris\"},\"image\":{\"@id\":\"https:\/\/pierreguillaumeparis.com\/#\/schema\/logo\/image\/\"},\"sameAs\":[\"https:\/\/www.facebook.com\/pierreguillaumeparis\/\",\"https:\/\/www.instagram.com\/pierreguillaume_parfumeur\/\"]}]}<\/script>\n<!-- \/ Yoast SEO plugin. -->","yoast_head_json":{"title":"FULL SET INTEGRAL 78 - Pierre Guillaume Paris","robots":{"index":"index","follow":"follow","max-snippet":"max-snippet:-1","max-image-preview":"max-image-preview:large","max-video-preview":"max-video-preview:-1"},"canonical":"https:\/\/pierreguillaumeparis.com\/en\/perfume\/full-set-integral-78\/","og_locale":"en_US","og_type":"article","og_title":"FULL SET INTEGRAL 78 - Pierre Guillaume Paris","og_description":"The entire catalog of PIERRE GUILLAUME PARIS perfumes in a luxurious rigid box.","og_url":"https:\/\/pierreguillaumeparis.com\/en\/perfume\/full-set-integral-78\/","og_site_name":"Pierre Guillaume Paris","article_publisher":"https:\/\/www.facebook.com\/pierreguillaumeparis\/","article_modified_time":"2026-02-16T11:14:07+00:00","og_image":[{"width":1200,"height":1200,"url":"https:\/\/pierreguillaumeparis.com\/app\/uploads\/2020\/01\/Coffret_77.png","type":"image\/png"}],"twitter_card":"summary_large_image","twitter_misc":{"Est. reading time":"2 minutes"},"schema":{"@context":"https:\/\/schema.org","@graph":[{"@type":"WebPage","@id":"https:\/\/pierreguillaumeparis.com\/en\/perfume\/full-set-integral-78\/","url":"https:\/\/pierreguillaumeparis.com\/en\/perfume\/full-set-integral-78\/","name":"FULL SET INTEGRAL 78 - Pierre Guillaume Paris","isPartOf":{"@id":"https:\/\/pierreguillaumeparis.com\/#website"},"primaryImageOfPage":{"@id":"https:\/\/pierreguillaumeparis.com\/en\/perfume\/full-set-integral-78\/#primaryimage"},"image":{"@id":"https:\/\/pierreguillaumeparis.com\/en\/perfume\/full-set-integral-78\/#primaryimage"},"thumbnailUrl":"https:\/\/pierreguillaumeparis.com\/app\/uploads\/2020\/01\/Coffret_77.png","datePublished":"2020-01-27T18:54:49+00:00","dateModified":"2026-02-16T11:14:07+00:00","breadcrumb":{"@id":"https:\/\/pierreguillaumeparis.com\/en\/perfume\/full-set-integral-78\/#breadcrumb"},"inLanguage":"en-US","potentialAction":[{"@type":"ReadAction","target":["https:\/\/pierreguillaumeparis.com\/en\/perfume\/full-set-integral-78\/"]}]},{"@type":"ImageObject","inLanguage":"en-US","@id":"https:\/\/pierreguillaumeparis.com\/en\/perfume\/full-set-integral-78\/#primaryimage","url":"https:\/\/pierreguillaumeparis.com\/app\/uploads\/2020\/01\/Coffret_77.png","contentUrl":"https:\/\/pierreguillaumeparis.com\/app\/uploads\/2020\/01\/Coffret_77.png","width":1200,"height":1200,"caption":"Gift ideas - Pierre Guillaume Paris Perfumes - Parfumerie d'Auteur - Independant Perfumer"},{"@type":"BreadcrumbList","@id":"https:\/\/pierreguillaumeparis.com\/en\/perfume\/full-set-integral-78\/#breadcrumb","itemListElement":[{"@type":"ListItem","position":1,"name":"Home","item":"https:\/\/pierreguillaumeparis.com\/en\/"},{"@type":"ListItem","position":2,"name":"Shop","item":"https:\/\/pierreguillaumeparis.com\/en\/shop-perfume\/"},{"@type":"ListItem","position":3,"name":"FULL SET INTEGRAL 78"}]},{"@type":"WebSite","@id":"https:\/\/pierreguillaumeparis.com\/#website","url":"https:\/\/pierreguillaumeparis.com\/","name":"Pierre Guillaume Paris","description":"Maison de parfum ind\u00e9pendante","publisher":{"@id":"https:\/\/pierreguillaumeparis.com\/#organization"},"potentialAction":[{"@type":"SearchAction","target":{"@type":"EntryPoint","urlTemplate":"https:\/\/pierreguillaumeparis.com\/?s={search_term_string}"},"query-input":{"@type":"PropertyValueSpecification","valueRequired":true,"valueName":"search_term_string"}}],"inLanguage":"en-US"},{"@type":"Organization","@id":"https:\/\/pierreguillaumeparis.com\/#organization","name":"Pierre Guillaume Paris","url":"https:\/\/pierreguillaumeparis.com\/","logo":{"@type":"ImageObject","inLanguage":"en-US","@id":"https:\/\/pierreguillaumeparis.com\/#\/schema\/logo\/image\/","url":"https:\/\/pierreguillaumeparis.com\/app\/uploads\/2020\/03\/2000x2000.jpeg","contentUrl":"https:\/\/pierreguillaumeparis.com\/app\/uploads\/2020\/03\/2000x2000.jpeg","width":2000,"height":766,"caption":"Pierre Guillaume Paris"},"image":{"@id":"https:\/\/pierreguillaumeparis.com\/#\/schema\/logo\/image\/"},"sameAs":["https:\/\/www.facebook.com\/pierreguillaumeparis\/","https:\/\/www.instagram.com\/pierreguillaume_parfumeur\/"]}]}},"_links":{"self":[{"href":"https:\/\/pierreguillaumeparis.com\/en\/wp-json\/wp\/v2\/product\/4533","targetHints":{"allow":["GET"]}}],"collection":[{"href":"https:\/\/pierreguillaumeparis.com\/en\/wp-json\/wp\/v2\/product"}],"about":[{"href":"https:\/\/pierreguillaumeparis.com\/en\/wp-json\/wp\/v2\/types\/product"}],"version-history":[{"count":27,"href":"https:\/\/pierreguillaumeparis.com\/en\/wp-json\/wp\/v2\/product\/4533\/revisions"}],"predecessor-version":[{"id":32712,"href":"https:\/\/pierreguillaumeparis.com\/en\/wp-json\/wp\/v2\/product\/4533\/revisions\/32712"}],"wp:featuredmedia":[{"embeddable":true,"href":"https:\/\/pierreguillaumeparis.com\/en\/wp-json\/wp\/v2\/media\/9321"}],"wp:attachment":[{"href":"https:\/\/pierreguillaumeparis.com\/en\/wp-json\/wp\/v2\/media?parent=4533"}],"wp:term":[{"taxonomy":"product_brand","embeddable":true,"href":"https:\/\/pierreguillaumeparis.com\/en\/wp-json\/wp\/v2\/product_brand?post=4533"},{"taxonomy":"product_cat","embeddable":true,"href":"https:\/\/pierreguillaumeparis.com\/en\/wp-json\/wp\/v2\/product_cat?post=4533"},{"taxonomy":"product_tag","embeddable":true,"href":"https:\/\/pierreguillaumeparis.com\/en\/wp-json\/wp\/v2\/product_tag?post=4533"}],"curies":[{"name":"wp","href":"https:\/\/api.w.org\/{rel}","templated":true}]}}