{"id":4569,"date":"2020-01-27T19:54:50","date_gmt":"2020-01-27T18:54:50","guid":{"rendered":"http:\/\/pg.exocod.dev\/shop\/taiga-gachette-500ml\/"},"modified":"2025-09-10T16:44:28","modified_gmt":"2025-09-10T14:44:28","slug":"taiga-gachette-500ml","status":"publish","type":"product","link":"https:\/\/pierreguillaumeparis.com\/en\/perfume\/taiga-gachette-500ml\/","title":{"rendered":"TAIGA LA GACHETTE"},"content":{"rendered":"<h4><strong>TAIGA LA GACHETTE<br \/>\n<\/strong><\/h4>\n<h5><strong>Type: Woody &#8211; Home Fragrance &#8211; 500 ml (16.9 fl.oz.)<\/strong><\/h5>\n<p><em>At the heart of the <a href=\"https:\/\/fr.wikipedia.org\/wiki\/Ta%C3%AFga\">taiga<\/a>, the cold Siberian wind mixes with the green sweet notes of bison grass and the woody scent of cedarwood.<\/em><\/p>\n<p><strong>Challenge the atmosphere to a duel, aim for the sky and shoot.<\/strong><br \/>\nIn just a gesture of the index,\u00a0<a href=\"https:\/\/pierreguillaumeparis.com\/en\/collection-parfum\/home-scents\/la-gachette-en\/\">La GACHETTE<\/a>\u00a0(the trigger) permeates the air with one of the seven fragrances:\u00a0<strong><a href=\"https:\/\/fr.wikipedia.org\/wiki\/Hibiscus\" target=\"_blank\" rel=\"noopener\">HIBISCUS<\/a>, IPANEMA LIME, LEAF, PARISIAN PALACE, SA\u00cfGON, TA\u00cfGA, TONKA C\u00c8DRE<\/strong>.<br \/>\nLA GACHETTE is a Home Fragrance composed as an Eau de Parfum. Highly concentrated and formulated on a hydro-alcoholic base, it is recommended for impregnating all non-sensitive textiles, such as curtains, cushions, carpets or curtains. It is applied by spraying these supports at a distance of 20 cm, without soaking. It will create a fragrant atmosphere, the intensity of which you can adjust to your taste and in small doses. Do not apply on surfaces sensitive to alcohol or perfume, on varnished or lacquered surfaces, on wood or leather.<\/p>\n<p><em><span class=\"s1\"><a href=\"https:\/\/pierreguillaumeparis.com\/en\/facette-parfum\/woody\/\">Siberian Cedar<\/a>, <a href=\"https:\/\/pierreguillaumeparis.com\/en\/facette-parfum\/spicy\/\">Spices<\/a>, <a href=\"https:\/\/pierreguillaumeparis.com\/en\/facette-parfum\/aromatic\/\">Bison Herb<\/a><\/span><\/em><\/p>\n<p><span style=\"text-decoration: underline; color: #ff0000;\"><strong>Delivery Worldwide delivery, except for the USA, due to local legislation.<\/strong><\/span><\/p>\n","protected":false},"excerpt":{"rendered":"<p><span class=\"s1\">Siberian Cedar, Spices, Bison Herb<\/span><\/p>\n","protected":false},"featured_media":28986,"template":"","meta":{"_acf_changed":false,"footnotes":""},"product_brand":[],"product_cat":[393,235],"product_tag":[161,165,185,177,162],"class_list":{"0":"post-4569","1":"product","2":"type-product","3":"status-publish","4":"has-post-thumbnail","6":"product_cat-atmosphere-and-cars","7":"product_cat-home-scents","8":"product_tag-aromatic","9":"product_tag-cedarwood","10":"product_tag-fresh","11":"product_tag-spicy","12":"product_tag-woody","13":"pa_contenance-500ml-en","15":"first","16":"outofstock","17":"taxable","18":"shipping-taxable","19":"purchasable","20":"product-type-variable","21":"has-default-attributes"},"acf":[],"yoast_head":"<!-- This site is optimized with the Yoast SEO plugin v26.3 - https:\/\/yoast.com\/wordpress\/plugins\/seo\/ -->\n<title>Ta\u00efga Home Fragrance - Siberian Cedar, Spices and Bison Herb<\/title>\n<meta name=\"description\" content=\"Discover our home fragrance spray, G\u00e2chette Ta\u00efga, which fills the air with the scent of Siberian cedar, spices and bison herb.\" \/>\n<meta name=\"robots\" content=\"index, follow, max-snippet:-1, max-image-preview:large, max-video-preview:-1\" \/>\n<link rel=\"canonical\" href=\"https:\/\/pierreguillaumeparis.com\/en\/perfume\/taiga-gachette-500ml\/\" \/>\n<meta property=\"og:locale\" content=\"en_US\" \/>\n<meta property=\"og:type\" content=\"article\" \/>\n<meta property=\"og:title\" content=\"Ta\u00efga Home Fragrance - Siberian Cedar, Spices and Bison Herb\" \/>\n<meta property=\"og:description\" content=\"Discover our home fragrance spray, G\u00e2chette Ta\u00efga, which fills the air with the scent of Siberian cedar, spices and bison herb.\" \/>\n<meta property=\"og:url\" content=\"https:\/\/pierreguillaumeparis.com\/en\/perfume\/taiga-gachette-500ml\/\" \/>\n<meta property=\"og:site_name\" content=\"Pierre Guillaume Paris\" \/>\n<meta property=\"article:publisher\" content=\"https:\/\/www.facebook.com\/pierreguillaumeparis\/\" \/>\n<meta property=\"article:modified_time\" content=\"2025-09-10T14:44:28+00:00\" \/>\n<meta property=\"og:image\" content=\"https:\/\/pierreguillaumeparis.com\/app\/uploads\/2020\/01\/Pierre-Guillaume-Paris-Atmosphere-La-Gachette-Taiga-500ml-Cedre-de-Siberie-Epices-Herbe-a-bison.png\" \/>\n\t<meta property=\"og:image:width\" content=\"1200\" \/>\n\t<meta property=\"og:image:height\" content=\"1200\" \/>\n\t<meta property=\"og:image:type\" content=\"image\/png\" \/>\n<meta name=\"twitter:card\" content=\"summary_large_image\" \/>\n<meta name=\"twitter:label1\" content=\"Est. reading time\" \/>\n\t<meta name=\"twitter:data1\" content=\"2 minutes\" \/>\n<script type=\"application\/ld+json\" class=\"yoast-schema-graph\">{\"@context\":\"https:\/\/schema.org\",\"@graph\":[{\"@type\":\"WebPage\",\"@id\":\"https:\/\/pierreguillaumeparis.com\/en\/perfume\/taiga-gachette-500ml\/\",\"url\":\"https:\/\/pierreguillaumeparis.com\/en\/perfume\/taiga-gachette-500ml\/\",\"name\":\"Ta\u00efga Home Fragrance - Siberian Cedar, Spices and Bison Herb\",\"isPartOf\":{\"@id\":\"https:\/\/pierreguillaumeparis.com\/#website\"},\"primaryImageOfPage\":{\"@id\":\"https:\/\/pierreguillaumeparis.com\/en\/perfume\/taiga-gachette-500ml\/#primaryimage\"},\"image\":{\"@id\":\"https:\/\/pierreguillaumeparis.com\/en\/perfume\/taiga-gachette-500ml\/#primaryimage\"},\"thumbnailUrl\":\"https:\/\/pierreguillaumeparis.com\/app\/uploads\/2020\/01\/Pierre-Guillaume-Paris-Atmosphere-La-Gachette-Taiga-500ml-Cedre-de-Siberie-Epices-Herbe-a-bison.png\",\"datePublished\":\"2020-01-27T18:54:50+00:00\",\"dateModified\":\"2025-09-10T14:44:28+00:00\",\"description\":\"Discover our home fragrance spray, G\u00e2chette Ta\u00efga, which fills the air with the scent of Siberian cedar, spices and bison herb.\",\"breadcrumb\":{\"@id\":\"https:\/\/pierreguillaumeparis.com\/en\/perfume\/taiga-gachette-500ml\/#breadcrumb\"},\"inLanguage\":\"en-US\",\"potentialAction\":[{\"@type\":\"ReadAction\",\"target\":[\"https:\/\/pierreguillaumeparis.com\/en\/perfume\/taiga-gachette-500ml\/\"]}]},{\"@type\":\"ImageObject\",\"inLanguage\":\"en-US\",\"@id\":\"https:\/\/pierreguillaumeparis.com\/en\/perfume\/taiga-gachette-500ml\/#primaryimage\",\"url\":\"https:\/\/pierreguillaumeparis.com\/app\/uploads\/2020\/01\/Pierre-Guillaume-Paris-Atmosphere-La-Gachette-Taiga-500ml-Cedre-de-Siberie-Epices-Herbe-a-bison.png\",\"contentUrl\":\"https:\/\/pierreguillaumeparis.com\/app\/uploads\/2020\/01\/Pierre-Guillaume-Paris-Atmosphere-La-Gachette-Taiga-500ml-Cedre-de-Siberie-Epices-Herbe-a-bison.png\",\"width\":1200,\"height\":1200,\"caption\":\"Ta\u00efga Home Fragrance - Siberian Cedar, Spices and Bison Herb\"},{\"@type\":\"BreadcrumbList\",\"@id\":\"https:\/\/pierreguillaumeparis.com\/en\/perfume\/taiga-gachette-500ml\/#breadcrumb\",\"itemListElement\":[{\"@type\":\"ListItem\",\"position\":1,\"name\":\"Home\",\"item\":\"https:\/\/pierreguillaumeparis.com\/en\/\"},{\"@type\":\"ListItem\",\"position\":2,\"name\":\"Shop\",\"item\":\"https:\/\/pierreguillaumeparis.com\/en\/shop-perfume\/\"},{\"@type\":\"ListItem\",\"position\":3,\"name\":\"TAIGA LA GACHETTE\"}]},{\"@type\":\"WebSite\",\"@id\":\"https:\/\/pierreguillaumeparis.com\/#website\",\"url\":\"https:\/\/pierreguillaumeparis.com\/\",\"name\":\"Pierre Guillaume Paris\",\"description\":\"Maison de parfum ind\u00e9pendante\",\"publisher\":{\"@id\":\"https:\/\/pierreguillaumeparis.com\/#organization\"},\"potentialAction\":[{\"@type\":\"SearchAction\",\"target\":{\"@type\":\"EntryPoint\",\"urlTemplate\":\"https:\/\/pierreguillaumeparis.com\/?s={search_term_string}\"},\"query-input\":{\"@type\":\"PropertyValueSpecification\",\"valueRequired\":true,\"valueName\":\"search_term_string\"}}],\"inLanguage\":\"en-US\"},{\"@type\":\"Organization\",\"@id\":\"https:\/\/pierreguillaumeparis.com\/#organization\",\"name\":\"Pierre Guillaume Paris\",\"url\":\"https:\/\/pierreguillaumeparis.com\/\",\"logo\":{\"@type\":\"ImageObject\",\"inLanguage\":\"en-US\",\"@id\":\"https:\/\/pierreguillaumeparis.com\/#\/schema\/logo\/image\/\",\"url\":\"https:\/\/pierreguillaumeparis.com\/app\/uploads\/2020\/03\/2000x2000.jpeg\",\"contentUrl\":\"https:\/\/pierreguillaumeparis.com\/app\/uploads\/2020\/03\/2000x2000.jpeg\",\"width\":2000,\"height\":766,\"caption\":\"Pierre Guillaume Paris\"},\"image\":{\"@id\":\"https:\/\/pierreguillaumeparis.com\/#\/schema\/logo\/image\/\"},\"sameAs\":[\"https:\/\/www.facebook.com\/pierreguillaumeparis\/\",\"https:\/\/www.instagram.com\/pierreguillaume_parfumeur\/\"]}]}<\/script>\n<!-- \/ Yoast SEO plugin. -->","yoast_head_json":{"title":"Ta\u00efga Home Fragrance - Siberian Cedar, Spices and Bison Herb","description":"Discover our home fragrance spray, G\u00e2chette Ta\u00efga, which fills the air with the scent of Siberian cedar, spices and bison herb.","robots":{"index":"index","follow":"follow","max-snippet":"max-snippet:-1","max-image-preview":"max-image-preview:large","max-video-preview":"max-video-preview:-1"},"canonical":"https:\/\/pierreguillaumeparis.com\/en\/perfume\/taiga-gachette-500ml\/","og_locale":"en_US","og_type":"article","og_title":"Ta\u00efga Home Fragrance - Siberian Cedar, Spices and Bison Herb","og_description":"Discover our home fragrance spray, G\u00e2chette Ta\u00efga, which fills the air with the scent of Siberian cedar, spices and bison herb.","og_url":"https:\/\/pierreguillaumeparis.com\/en\/perfume\/taiga-gachette-500ml\/","og_site_name":"Pierre Guillaume Paris","article_publisher":"https:\/\/www.facebook.com\/pierreguillaumeparis\/","article_modified_time":"2025-09-10T14:44:28+00:00","og_image":[{"width":1200,"height":1200,"url":"https:\/\/pierreguillaumeparis.com\/app\/uploads\/2020\/01\/Pierre-Guillaume-Paris-Atmosphere-La-Gachette-Taiga-500ml-Cedre-de-Siberie-Epices-Herbe-a-bison.png","type":"image\/png"}],"twitter_card":"summary_large_image","twitter_misc":{"Est. reading time":"2 minutes"},"schema":{"@context":"https:\/\/schema.org","@graph":[{"@type":"WebPage","@id":"https:\/\/pierreguillaumeparis.com\/en\/perfume\/taiga-gachette-500ml\/","url":"https:\/\/pierreguillaumeparis.com\/en\/perfume\/taiga-gachette-500ml\/","name":"Ta\u00efga Home Fragrance - Siberian Cedar, Spices and Bison Herb","isPartOf":{"@id":"https:\/\/pierreguillaumeparis.com\/#website"},"primaryImageOfPage":{"@id":"https:\/\/pierreguillaumeparis.com\/en\/perfume\/taiga-gachette-500ml\/#primaryimage"},"image":{"@id":"https:\/\/pierreguillaumeparis.com\/en\/perfume\/taiga-gachette-500ml\/#primaryimage"},"thumbnailUrl":"https:\/\/pierreguillaumeparis.com\/app\/uploads\/2020\/01\/Pierre-Guillaume-Paris-Atmosphere-La-Gachette-Taiga-500ml-Cedre-de-Siberie-Epices-Herbe-a-bison.png","datePublished":"2020-01-27T18:54:50+00:00","dateModified":"2025-09-10T14:44:28+00:00","description":"Discover our home fragrance spray, G\u00e2chette Ta\u00efga, which fills the air with the scent of Siberian cedar, spices and bison herb.","breadcrumb":{"@id":"https:\/\/pierreguillaumeparis.com\/en\/perfume\/taiga-gachette-500ml\/#breadcrumb"},"inLanguage":"en-US","potentialAction":[{"@type":"ReadAction","target":["https:\/\/pierreguillaumeparis.com\/en\/perfume\/taiga-gachette-500ml\/"]}]},{"@type":"ImageObject","inLanguage":"en-US","@id":"https:\/\/pierreguillaumeparis.com\/en\/perfume\/taiga-gachette-500ml\/#primaryimage","url":"https:\/\/pierreguillaumeparis.com\/app\/uploads\/2020\/01\/Pierre-Guillaume-Paris-Atmosphere-La-Gachette-Taiga-500ml-Cedre-de-Siberie-Epices-Herbe-a-bison.png","contentUrl":"https:\/\/pierreguillaumeparis.com\/app\/uploads\/2020\/01\/Pierre-Guillaume-Paris-Atmosphere-La-Gachette-Taiga-500ml-Cedre-de-Siberie-Epices-Herbe-a-bison.png","width":1200,"height":1200,"caption":"Ta\u00efga Home Fragrance - Siberian Cedar, Spices and Bison Herb"},{"@type":"BreadcrumbList","@id":"https:\/\/pierreguillaumeparis.com\/en\/perfume\/taiga-gachette-500ml\/#breadcrumb","itemListElement":[{"@type":"ListItem","position":1,"name":"Home","item":"https:\/\/pierreguillaumeparis.com\/en\/"},{"@type":"ListItem","position":2,"name":"Shop","item":"https:\/\/pierreguillaumeparis.com\/en\/shop-perfume\/"},{"@type":"ListItem","position":3,"name":"TAIGA LA GACHETTE"}]},{"@type":"WebSite","@id":"https:\/\/pierreguillaumeparis.com\/#website","url":"https:\/\/pierreguillaumeparis.com\/","name":"Pierre Guillaume Paris","description":"Maison de parfum ind\u00e9pendante","publisher":{"@id":"https:\/\/pierreguillaumeparis.com\/#organization"},"potentialAction":[{"@type":"SearchAction","target":{"@type":"EntryPoint","urlTemplate":"https:\/\/pierreguillaumeparis.com\/?s={search_term_string}"},"query-input":{"@type":"PropertyValueSpecification","valueRequired":true,"valueName":"search_term_string"}}],"inLanguage":"en-US"},{"@type":"Organization","@id":"https:\/\/pierreguillaumeparis.com\/#organization","name":"Pierre Guillaume Paris","url":"https:\/\/pierreguillaumeparis.com\/","logo":{"@type":"ImageObject","inLanguage":"en-US","@id":"https:\/\/pierreguillaumeparis.com\/#\/schema\/logo\/image\/","url":"https:\/\/pierreguillaumeparis.com\/app\/uploads\/2020\/03\/2000x2000.jpeg","contentUrl":"https:\/\/pierreguillaumeparis.com\/app\/uploads\/2020\/03\/2000x2000.jpeg","width":2000,"height":766,"caption":"Pierre Guillaume Paris"},"image":{"@id":"https:\/\/pierreguillaumeparis.com\/#\/schema\/logo\/image\/"},"sameAs":["https:\/\/www.facebook.com\/pierreguillaumeparis\/","https:\/\/www.instagram.com\/pierreguillaume_parfumeur\/"]}]}},"_links":{"self":[{"href":"https:\/\/pierreguillaumeparis.com\/en\/wp-json\/wp\/v2\/product\/4569","targetHints":{"allow":["GET"]}}],"collection":[{"href":"https:\/\/pierreguillaumeparis.com\/en\/wp-json\/wp\/v2\/product"}],"about":[{"href":"https:\/\/pierreguillaumeparis.com\/en\/wp-json\/wp\/v2\/types\/product"}],"version-history":[{"count":4,"href":"https:\/\/pierreguillaumeparis.com\/en\/wp-json\/wp\/v2\/product\/4569\/revisions"}],"predecessor-version":[{"id":28993,"href":"https:\/\/pierreguillaumeparis.com\/en\/wp-json\/wp\/v2\/product\/4569\/revisions\/28993"}],"wp:featuredmedia":[{"embeddable":true,"href":"https:\/\/pierreguillaumeparis.com\/en\/wp-json\/wp\/v2\/media\/28986"}],"wp:attachment":[{"href":"https:\/\/pierreguillaumeparis.com\/en\/wp-json\/wp\/v2\/media?parent=4569"}],"wp:term":[{"taxonomy":"product_brand","embeddable":true,"href":"https:\/\/pierreguillaumeparis.com\/en\/wp-json\/wp\/v2\/product_brand?post=4569"},{"taxonomy":"product_cat","embeddable":true,"href":"https:\/\/pierreguillaumeparis.com\/en\/wp-json\/wp\/v2\/product_cat?post=4569"},{"taxonomy":"product_tag","embeddable":true,"href":"https:\/\/pierreguillaumeparis.com\/en\/wp-json\/wp\/v2\/product_tag?post=4569"}],"curies":[{"name":"wp","href":"https:\/\/api.w.org\/{rel}","templated":true}]}}