{"id":4573,"date":"2020-01-27T19:54:50","date_gmt":"2020-01-27T18:54:50","guid":{"rendered":"http:\/\/pg.exocod.dev\/shop\/leaf-gachette-500ml\/"},"modified":"2025-09-10T15:53:56","modified_gmt":"2025-09-10T13:53:56","slug":"leaf-gachette-500ml","status":"publish","type":"product","link":"https:\/\/pierreguillaumeparis.com\/en\/perfume\/leaf-gachette-500ml\/","title":{"rendered":"LEAF LA GACHETTE"},"content":{"rendered":"<h4><strong>LEAF LA GACHETTE<br \/>\n<\/strong><\/h4>\n<h5><strong>Type: Fresh &#8211; Home Fragrance &#8211; 500 ml (16.9 fl.oz.)<\/strong><\/h5>\n<p><em>Three leaves, three characters, the freshness of mint leaf, the heat of patchouli leaf and the fruitiness of figtree leaf.<br \/>\n<\/em><\/p>\n<p><strong>Challenge the atmosphere to a duel, aim for the sky and shoot.<\/strong><br \/>\nIn just a gesture of the index, <a href=\"https:\/\/pierreguillaumeparis.com\/en\/collection-parfum\/home-scents\/la-gachette-en\/\">La GACHETTE<\/a> (the trigger) permeates the air with one of the seven fragrances: <strong><a href=\"https:\/\/fr.wikipedia.org\/wiki\/Hibiscus\" target=\"_blank\" rel=\"noopener\">HIBISCUS<\/a>, IPANEMA LIME, LEAF, PARISIAN PALACE, SA\u00cfGON, TA\u00cfGA, TONKA C\u00c8DRE<\/strong>.<br \/>\nLA GACHETTE is a Home Fragrance composed as an Eau de Parfum. Highly concentrated and formulated on a hydro-alcoholic base, it is recommended for impregnating all non-sensitive textiles, such as curtains, cushions, carpets or curtains. It is applied by spraying these supports at a distance of 20 cm, without soaking. It will create a fragrant atmosphere, the intensity of which you can adjust to your taste and in small doses. Do not apply on surfaces sensitive to alcohol or perfume, on varnished or lacquered surfaces, on wood or leather.<\/p>\n<p><em><a href=\"https:\/\/pierreguillaumeparis.com\/en\/facette-parfum\/fresh\/\">Patchouli<\/a>, <a href=\"https:\/\/pierreguillaumeparis.com\/en\/facette-parfum\/clean\/\">Mint<\/a>, and <a href=\"https:\/\/pierreguillaumeparis.com\/en\/facette-parfum\/gourmand-en\/\">Fig leaves<\/a><\/em><\/p>\n<p><span style=\"text-decoration: underline; color: #ff0000;\"><strong>Delivery Worldwide delivery, except for the USA, due to local legislation.<\/strong><\/span><\/p>\n","protected":false},"excerpt":{"rendered":"<p>Patchouli, Mint, and Fig leaves<\/p>\n","protected":false},"featured_media":28948,"template":"","meta":{"_acf_changed":false,"footnotes":""},"product_brand":[],"product_cat":[393,235],"product_tag":[203,178,181,185,186,189,201,162],"class_list":{"0":"post-4573","1":"product","2":"type-product","3":"status-publish","4":"has-post-thumbnail","6":"product_cat-atmosphere-and-cars","7":"product_cat-home-scents","8":"product_tag-clean","9":"product_tag-fig","10":"product_tag-floral-en-2","11":"product_tag-fresh","12":"product_tag-fruity","13":"product_tag-gourmand-en","14":"product_tag-patchouli-en","15":"product_tag-woody","16":"pa_contenance-500ml-en","18":"first","19":"instock","20":"taxable","21":"shipping-taxable","22":"purchasable","23":"product-type-variable","24":"has-default-attributes"},"acf":[],"yoast_head":"<!-- This site is optimized with the Yoast SEO plugin v26.3 - https:\/\/yoast.com\/wordpress\/plugins\/seo\/ -->\n<title>Leaf - Home fragrance - La Gachette - Patchouli, Mint, Fig Tree<\/title>\n<meta name=\"description\" content=\"Discover our home fragrance spray, G\u00e2chette Leaf, which fills the air with the scent of patchouli leaves, mint leaves, and fig leves.\" \/>\n<meta name=\"robots\" content=\"index, follow, max-snippet:-1, max-image-preview:large, max-video-preview:-1\" \/>\n<link rel=\"canonical\" href=\"https:\/\/pierreguillaumeparis.com\/en\/perfume\/leaf-gachette-500ml\/\" \/>\n<meta property=\"og:locale\" content=\"en_US\" \/>\n<meta property=\"og:type\" content=\"article\" \/>\n<meta property=\"og:title\" content=\"Leaf - Home fragrance - La Gachette - Patchouli, Mint, Fig Tree\" \/>\n<meta property=\"og:description\" content=\"Discover our home fragrance spray, G\u00e2chette Leaf, which fills the air with the scent of patchouli leaves, mint leaves, and fig leves.\" \/>\n<meta property=\"og:url\" content=\"https:\/\/pierreguillaumeparis.com\/en\/perfume\/leaf-gachette-500ml\/\" \/>\n<meta property=\"og:site_name\" content=\"Pierre Guillaume Paris\" \/>\n<meta property=\"article:publisher\" content=\"https:\/\/www.facebook.com\/pierreguillaumeparis\/\" \/>\n<meta property=\"article:modified_time\" content=\"2025-09-10T13:53:56+00:00\" \/>\n<meta property=\"og:image\" content=\"https:\/\/pierreguillaumeparis.com\/app\/uploads\/2020\/01\/Pierre-Guillaume-Paris-Gachette-Leaf-500ml-Feuilles-de-Patchouli-Feuille-de-Menthe-Feuille-de-Figuier.png\" \/>\n\t<meta property=\"og:image:width\" content=\"1200\" \/>\n\t<meta property=\"og:image:height\" content=\"1200\" \/>\n\t<meta property=\"og:image:type\" content=\"image\/png\" \/>\n<meta name=\"twitter:card\" content=\"summary_large_image\" \/>\n<meta name=\"twitter:label1\" content=\"Est. reading time\" \/>\n\t<meta name=\"twitter:data1\" content=\"2 minutes\" \/>\n<script type=\"application\/ld+json\" class=\"yoast-schema-graph\">{\"@context\":\"https:\/\/schema.org\",\"@graph\":[{\"@type\":\"WebPage\",\"@id\":\"https:\/\/pierreguillaumeparis.com\/en\/perfume\/leaf-gachette-500ml\/\",\"url\":\"https:\/\/pierreguillaumeparis.com\/en\/perfume\/leaf-gachette-500ml\/\",\"name\":\"Leaf - Home fragrance - La Gachette - Patchouli, Mint, Fig Tree\",\"isPartOf\":{\"@id\":\"https:\/\/pierreguillaumeparis.com\/#website\"},\"primaryImageOfPage\":{\"@id\":\"https:\/\/pierreguillaumeparis.com\/en\/perfume\/leaf-gachette-500ml\/#primaryimage\"},\"image\":{\"@id\":\"https:\/\/pierreguillaumeparis.com\/en\/perfume\/leaf-gachette-500ml\/#primaryimage\"},\"thumbnailUrl\":\"https:\/\/pierreguillaumeparis.com\/app\/uploads\/2020\/01\/Pierre-Guillaume-Paris-Gachette-Leaf-500ml-Feuilles-de-Patchouli-Feuille-de-Menthe-Feuille-de-Figuier.png\",\"datePublished\":\"2020-01-27T18:54:50+00:00\",\"dateModified\":\"2025-09-10T13:53:56+00:00\",\"description\":\"Discover our home fragrance spray, G\u00e2chette Leaf, which fills the air with the scent of patchouli leaves, mint leaves, and fig leves.\",\"breadcrumb\":{\"@id\":\"https:\/\/pierreguillaumeparis.com\/en\/perfume\/leaf-gachette-500ml\/#breadcrumb\"},\"inLanguage\":\"en-US\",\"potentialAction\":[{\"@type\":\"ReadAction\",\"target\":[\"https:\/\/pierreguillaumeparis.com\/en\/perfume\/leaf-gachette-500ml\/\"]}]},{\"@type\":\"ImageObject\",\"inLanguage\":\"en-US\",\"@id\":\"https:\/\/pierreguillaumeparis.com\/en\/perfume\/leaf-gachette-500ml\/#primaryimage\",\"url\":\"https:\/\/pierreguillaumeparis.com\/app\/uploads\/2020\/01\/Pierre-Guillaume-Paris-Gachette-Leaf-500ml-Feuilles-de-Patchouli-Feuille-de-Menthe-Feuille-de-Figuier.png\",\"contentUrl\":\"https:\/\/pierreguillaumeparis.com\/app\/uploads\/2020\/01\/Pierre-Guillaume-Paris-Gachette-Leaf-500ml-Feuilles-de-Patchouli-Feuille-de-Menthe-Feuille-de-Figuier.png\",\"width\":1200,\"height\":1200,\"caption\":\"Leaf - Home fragrance - 500 ml. Discover our home fragrance spray, La Gachette Leaf, which fills the air with the scent of patchouli leaves, mint, and fig tree.\"},{\"@type\":\"BreadcrumbList\",\"@id\":\"https:\/\/pierreguillaumeparis.com\/en\/perfume\/leaf-gachette-500ml\/#breadcrumb\",\"itemListElement\":[{\"@type\":\"ListItem\",\"position\":1,\"name\":\"Home\",\"item\":\"https:\/\/pierreguillaumeparis.com\/en\/\"},{\"@type\":\"ListItem\",\"position\":2,\"name\":\"Shop\",\"item\":\"https:\/\/pierreguillaumeparis.com\/en\/shop-perfume\/\"},{\"@type\":\"ListItem\",\"position\":3,\"name\":\"LEAF LA GACHETTE\"}]},{\"@type\":\"WebSite\",\"@id\":\"https:\/\/pierreguillaumeparis.com\/#website\",\"url\":\"https:\/\/pierreguillaumeparis.com\/\",\"name\":\"Pierre Guillaume Paris\",\"description\":\"Maison de parfum ind\u00e9pendante\",\"publisher\":{\"@id\":\"https:\/\/pierreguillaumeparis.com\/#organization\"},\"potentialAction\":[{\"@type\":\"SearchAction\",\"target\":{\"@type\":\"EntryPoint\",\"urlTemplate\":\"https:\/\/pierreguillaumeparis.com\/?s={search_term_string}\"},\"query-input\":{\"@type\":\"PropertyValueSpecification\",\"valueRequired\":true,\"valueName\":\"search_term_string\"}}],\"inLanguage\":\"en-US\"},{\"@type\":\"Organization\",\"@id\":\"https:\/\/pierreguillaumeparis.com\/#organization\",\"name\":\"Pierre Guillaume Paris\",\"url\":\"https:\/\/pierreguillaumeparis.com\/\",\"logo\":{\"@type\":\"ImageObject\",\"inLanguage\":\"en-US\",\"@id\":\"https:\/\/pierreguillaumeparis.com\/#\/schema\/logo\/image\/\",\"url\":\"https:\/\/pierreguillaumeparis.com\/app\/uploads\/2020\/03\/2000x2000.jpeg\",\"contentUrl\":\"https:\/\/pierreguillaumeparis.com\/app\/uploads\/2020\/03\/2000x2000.jpeg\",\"width\":2000,\"height\":766,\"caption\":\"Pierre Guillaume Paris\"},\"image\":{\"@id\":\"https:\/\/pierreguillaumeparis.com\/#\/schema\/logo\/image\/\"},\"sameAs\":[\"https:\/\/www.facebook.com\/pierreguillaumeparis\/\",\"https:\/\/www.instagram.com\/pierreguillaume_parfumeur\/\"]}]}<\/script>\n<!-- \/ Yoast SEO plugin. -->","yoast_head_json":{"title":"Leaf - Home fragrance - La Gachette - Patchouli, Mint, Fig Tree","description":"Discover our home fragrance spray, G\u00e2chette Leaf, which fills the air with the scent of patchouli leaves, mint leaves, and fig leves.","robots":{"index":"index","follow":"follow","max-snippet":"max-snippet:-1","max-image-preview":"max-image-preview:large","max-video-preview":"max-video-preview:-1"},"canonical":"https:\/\/pierreguillaumeparis.com\/en\/perfume\/leaf-gachette-500ml\/","og_locale":"en_US","og_type":"article","og_title":"Leaf - Home fragrance - La Gachette - Patchouli, Mint, Fig Tree","og_description":"Discover our home fragrance spray, G\u00e2chette Leaf, which fills the air with the scent of patchouli leaves, mint leaves, and fig leves.","og_url":"https:\/\/pierreguillaumeparis.com\/en\/perfume\/leaf-gachette-500ml\/","og_site_name":"Pierre Guillaume Paris","article_publisher":"https:\/\/www.facebook.com\/pierreguillaumeparis\/","article_modified_time":"2025-09-10T13:53:56+00:00","og_image":[{"width":1200,"height":1200,"url":"https:\/\/pierreguillaumeparis.com\/app\/uploads\/2020\/01\/Pierre-Guillaume-Paris-Gachette-Leaf-500ml-Feuilles-de-Patchouli-Feuille-de-Menthe-Feuille-de-Figuier.png","type":"image\/png"}],"twitter_card":"summary_large_image","twitter_misc":{"Est. reading time":"2 minutes"},"schema":{"@context":"https:\/\/schema.org","@graph":[{"@type":"WebPage","@id":"https:\/\/pierreguillaumeparis.com\/en\/perfume\/leaf-gachette-500ml\/","url":"https:\/\/pierreguillaumeparis.com\/en\/perfume\/leaf-gachette-500ml\/","name":"Leaf - Home fragrance - La Gachette - Patchouli, Mint, Fig Tree","isPartOf":{"@id":"https:\/\/pierreguillaumeparis.com\/#website"},"primaryImageOfPage":{"@id":"https:\/\/pierreguillaumeparis.com\/en\/perfume\/leaf-gachette-500ml\/#primaryimage"},"image":{"@id":"https:\/\/pierreguillaumeparis.com\/en\/perfume\/leaf-gachette-500ml\/#primaryimage"},"thumbnailUrl":"https:\/\/pierreguillaumeparis.com\/app\/uploads\/2020\/01\/Pierre-Guillaume-Paris-Gachette-Leaf-500ml-Feuilles-de-Patchouli-Feuille-de-Menthe-Feuille-de-Figuier.png","datePublished":"2020-01-27T18:54:50+00:00","dateModified":"2025-09-10T13:53:56+00:00","description":"Discover our home fragrance spray, G\u00e2chette Leaf, which fills the air with the scent of patchouli leaves, mint leaves, and fig leves.","breadcrumb":{"@id":"https:\/\/pierreguillaumeparis.com\/en\/perfume\/leaf-gachette-500ml\/#breadcrumb"},"inLanguage":"en-US","potentialAction":[{"@type":"ReadAction","target":["https:\/\/pierreguillaumeparis.com\/en\/perfume\/leaf-gachette-500ml\/"]}]},{"@type":"ImageObject","inLanguage":"en-US","@id":"https:\/\/pierreguillaumeparis.com\/en\/perfume\/leaf-gachette-500ml\/#primaryimage","url":"https:\/\/pierreguillaumeparis.com\/app\/uploads\/2020\/01\/Pierre-Guillaume-Paris-Gachette-Leaf-500ml-Feuilles-de-Patchouli-Feuille-de-Menthe-Feuille-de-Figuier.png","contentUrl":"https:\/\/pierreguillaumeparis.com\/app\/uploads\/2020\/01\/Pierre-Guillaume-Paris-Gachette-Leaf-500ml-Feuilles-de-Patchouli-Feuille-de-Menthe-Feuille-de-Figuier.png","width":1200,"height":1200,"caption":"Leaf - Home fragrance - 500 ml. Discover our home fragrance spray, La Gachette Leaf, which fills the air with the scent of patchouli leaves, mint, and fig tree."},{"@type":"BreadcrumbList","@id":"https:\/\/pierreguillaumeparis.com\/en\/perfume\/leaf-gachette-500ml\/#breadcrumb","itemListElement":[{"@type":"ListItem","position":1,"name":"Home","item":"https:\/\/pierreguillaumeparis.com\/en\/"},{"@type":"ListItem","position":2,"name":"Shop","item":"https:\/\/pierreguillaumeparis.com\/en\/shop-perfume\/"},{"@type":"ListItem","position":3,"name":"LEAF LA GACHETTE"}]},{"@type":"WebSite","@id":"https:\/\/pierreguillaumeparis.com\/#website","url":"https:\/\/pierreguillaumeparis.com\/","name":"Pierre Guillaume Paris","description":"Maison de parfum ind\u00e9pendante","publisher":{"@id":"https:\/\/pierreguillaumeparis.com\/#organization"},"potentialAction":[{"@type":"SearchAction","target":{"@type":"EntryPoint","urlTemplate":"https:\/\/pierreguillaumeparis.com\/?s={search_term_string}"},"query-input":{"@type":"PropertyValueSpecification","valueRequired":true,"valueName":"search_term_string"}}],"inLanguage":"en-US"},{"@type":"Organization","@id":"https:\/\/pierreguillaumeparis.com\/#organization","name":"Pierre Guillaume Paris","url":"https:\/\/pierreguillaumeparis.com\/","logo":{"@type":"ImageObject","inLanguage":"en-US","@id":"https:\/\/pierreguillaumeparis.com\/#\/schema\/logo\/image\/","url":"https:\/\/pierreguillaumeparis.com\/app\/uploads\/2020\/03\/2000x2000.jpeg","contentUrl":"https:\/\/pierreguillaumeparis.com\/app\/uploads\/2020\/03\/2000x2000.jpeg","width":2000,"height":766,"caption":"Pierre Guillaume Paris"},"image":{"@id":"https:\/\/pierreguillaumeparis.com\/#\/schema\/logo\/image\/"},"sameAs":["https:\/\/www.facebook.com\/pierreguillaumeparis\/","https:\/\/www.instagram.com\/pierreguillaume_parfumeur\/"]}]}},"_links":{"self":[{"href":"https:\/\/pierreguillaumeparis.com\/en\/wp-json\/wp\/v2\/product\/4573","targetHints":{"allow":["GET"]}}],"collection":[{"href":"https:\/\/pierreguillaumeparis.com\/en\/wp-json\/wp\/v2\/product"}],"about":[{"href":"https:\/\/pierreguillaumeparis.com\/en\/wp-json\/wp\/v2\/types\/product"}],"version-history":[{"count":4,"href":"https:\/\/pierreguillaumeparis.com\/en\/wp-json\/wp\/v2\/product\/4573\/revisions"}],"predecessor-version":[{"id":28981,"href":"https:\/\/pierreguillaumeparis.com\/en\/wp-json\/wp\/v2\/product\/4573\/revisions\/28981"}],"wp:featuredmedia":[{"embeddable":true,"href":"https:\/\/pierreguillaumeparis.com\/en\/wp-json\/wp\/v2\/media\/28948"}],"wp:attachment":[{"href":"https:\/\/pierreguillaumeparis.com\/en\/wp-json\/wp\/v2\/media?parent=4573"}],"wp:term":[{"taxonomy":"product_brand","embeddable":true,"href":"https:\/\/pierreguillaumeparis.com\/en\/wp-json\/wp\/v2\/product_brand?post=4573"},{"taxonomy":"product_cat","embeddable":true,"href":"https:\/\/pierreguillaumeparis.com\/en\/wp-json\/wp\/v2\/product_cat?post=4573"},{"taxonomy":"product_tag","embeddable":true,"href":"https:\/\/pierreguillaumeparis.com\/en\/wp-json\/wp\/v2\/product_tag?post=4573"}],"curies":[{"name":"wp","href":"https:\/\/api.w.org\/{rel}","templated":true}]}}